{"id":1271,"date":"2021-03-11T20:58:48","date_gmt":"2021-03-11T19:58:48","guid":{"rendered":"http:\/\/acc-france.fr\/accfranc741\/?page_id=1271"},"modified":"2026-03-13T17:41:12","modified_gmt":"2026-03-13T16:41:12","slug":"offres-partenaires","status":"publish","type":"page","link":"https:\/\/acc-france.fr\/accfranc741\/?page_id=1271","title":{"rendered":"Offres Partenaires"},"content":{"rendered":"\n<hr class=\"wp-block-separator has-css-opacity\"\/>\n\n\n\n<p><a href=\"https:\/\/acc-france.fr\/accfranc741\/?page_id=2038\" data-type=\"page\" data-id=\"2038\">STOP ABUS &#8211; CNEF<\/a><\/p>\n\n\n\n<p><a href=\"https:\/\/acc-france.fr\/accfranc741\/?page_id=2164\" data-type=\"page\" data-id=\"2164\">M\u00e9lodies Int\u00e9rieures<\/a><\/p>\n\n\n\n<p><a href=\"https:\/\/acc-france.fr\/accfranc741\/?page_id=1501\">Cultiver la Vie &#8211; Vienne<\/a><\/p>\n\n\n\n<p><a href=\"https:\/\/acc-france.fr\/accfranc741\/?page_id=1471\">Famille Je t&rsquo;Aime<\/a><\/p>\n\n\n\n<p><a href=\"https:\/\/acc-france.fr\/accfranc741\/?page_id=1684\">La Parenth\u00e8se<\/a><\/p>\n\n\n\n<p><a href=\"https:\/\/acc-france.fr\/accfranc741\/?page_id=1598\">Empreinte Formations<\/a><\/p>\n\n\n\n<p><a href=\"https:\/\/acc-france.fr\/accfranc741\/?page_id=1275\">Ch\u00e2teau de Joudes<\/a><\/p>\n\n\n\n<p><a href=\"https:\/\/acc-france.fr\/accfranc741\/?page_id=1281\">L&rsquo;Eau Vive Provence<\/a><\/p>\n\n\n\n<p><a href=\"https:\/\/acc-france.fr\/accfranc741\/?page_id=1474\">La Travers\u00e9e<\/a><\/p>\n\n\n\n<p><a href=\"https:\/\/acc-france.fr\/accfranc741\/?page_id=1593\">A tes Cot\u00e9s<\/a><\/p>\n\n\n\n<p><a href=\"https:\/\/acc-france.fr\/accfranc741\/?page_id=1478\">Relations plus Justes<\/a><\/p>\n\n\n\n<p><a href=\"https:\/\/acc-france.fr\/accfranc741\/?page_id=1544\">Le Bac &#8211; Paris<\/a><\/p>\n\n\n\n<p><a href=\"https:\/\/acc-france.fr\/accfranc741\/?page_id=1634\">Gu\u00e9rison Int\u00e9rieure &#8211; Mougin (06)<\/a><\/p>\n\n\n\n<p><a href=\"https:\/\/acc-france.fr\/accfranc741\/?page_id=1284\">Magazine Family<\/a><\/p>\n\n\n\n<hr class=\"wp-block-separator has-css-opacity\"\/>\n","protected":false},"excerpt":{"rendered":"<p>STOP ABUS &#8211; CNEF M\u00e9lodies Int\u00e9rieures Cultiver la Vie &#8211; Vienne Famille Je t&rsquo;Aime La Parenth\u00e8se Empreinte Formations Ch\u00e2teau de Joudes L&rsquo;Eau Vive Provence La Travers\u00e9e A tes Cot\u00e9s Relations plus Justes Le Bac &#8211; Paris Gu\u00e9rison Int\u00e9rieure &#8211; Mougin (06) Magazine Family<\/p>\n","protected":false},"author":1,"featured_media":0,"parent":0,"menu_order":0,"comment_status":"closed","ping_status":"closed","template":"","meta":{"footnotes":""},"class_list":["post-1271","page","type-page","status-publish","hentry"],"_links":{"self":[{"href":"https:\/\/acc-france.fr\/accfranc741\/index.php?rest_route=\/wp\/v2\/pages\/1271","targetHints":{"allow":["GET"]}}],"collection":[{"href":"https:\/\/acc-france.fr\/accfranc741\/index.php?rest_route=\/wp\/v2\/pages"}],"about":[{"href":"https:\/\/acc-france.fr\/accfranc741\/index.php?rest_route=\/wp\/v2\/types\/page"}],"author":[{"embeddable":true,"href":"https:\/\/acc-france.fr\/accfranc741\/index.php?rest_route=\/wp\/v2\/users\/1"}],"replies":[{"embeddable":true,"href":"https:\/\/acc-france.fr\/accfranc741\/index.php?rest_route=%2Fwp%2Fv2%2Fcomments&post=1271"}],"version-history":[{"count":12,"href":"https:\/\/acc-france.fr\/accfranc741\/index.php?rest_route=\/wp\/v2\/pages\/1271\/revisions"}],"predecessor-version":[{"id":2316,"href":"https:\/\/acc-france.fr\/accfranc741\/index.php?rest_route=\/wp\/v2\/pages\/1271\/revisions\/2316"}],"wp:attachment":[{"href":"https:\/\/acc-france.fr\/accfranc741\/index.php?rest_route=%2Fwp%2Fv2%2Fmedia&parent=1271"}],"curies":[{"name":"wp","href":"https:\/\/api.w.org\/{rel}","templated":true}]}}