{"id":131,"date":"2020-12-26T18:32:55","date_gmt":"2020-12-26T17:32:55","guid":{"rendered":"http:\/\/acc-france.fr\/accfranc741\/?page_id=131"},"modified":"2021-09-08T11:35:18","modified_gmt":"2021-09-08T09:35:18","slug":"definition","status":"publish","type":"page","link":"https:\/\/acc-france.fr\/accfranc741\/?page_id=131","title":{"rendered":"Nos objectifs"},"content":{"rendered":"\n<div class=\"wp-block-media-text alignwide is-stacked-on-mobile\" style=\"grid-template-columns:15% auto\"><figure class=\"wp-block-media-text__media\"><img loading=\"lazy\" decoding=\"async\" width=\"1024\" height=\"957\" src=\"https:\/\/acc-france.fr\/accfranc741\/wp-content\/uploads\/2020\/12\/1@4x-1024x957.png\" alt=\"\" class=\"wp-image-362 size-large\" srcset=\"https:\/\/acc-france.fr\/accfranc741\/wp-content\/uploads\/2020\/12\/1@4x-1024x957.png 1024w, https:\/\/acc-france.fr\/accfranc741\/wp-content\/uploads\/2020\/12\/1@4x-300x280.png 300w, https:\/\/acc-france.fr\/accfranc741\/wp-content\/uploads\/2020\/12\/1@4x-768x718.png 768w, https:\/\/acc-france.fr\/accfranc741\/wp-content\/uploads\/2020\/12\/1@4x.png 1352w\" sizes=\"auto, (max-width: 1024px) 100vw, 1024px\" \/><\/figure><div class=\"wp-block-media-text__content\">\n<p class=\"has-text-color has-medium-font-size\" style=\"color:#212750\"><strong>L&rsquo;ACC encourage<\/strong> les chr\u00e9tiens \u00e0 acqu\u00e9rir des comp\u00e9tences<br>pour l\u2019accompagnement de personnes en souffrance.<\/p>\n<\/div><\/div>\n\n\n\n<hr class=\"wp-block-separator is-style-wide\"\/>\n\n\n\n<div class=\"wp-block-media-text alignwide is-stacked-on-mobile is-vertically-aligned-center\" style=\"grid-template-columns:15% auto\"><figure class=\"wp-block-media-text__media\"><img loading=\"lazy\" decoding=\"async\" width=\"1024\" height=\"957\" src=\"https:\/\/acc-france.fr\/accfranc741\/wp-content\/uploads\/2020\/12\/2@4x-1024x957.png\" alt=\"\" class=\"wp-image-367 size-large\" srcset=\"https:\/\/acc-france.fr\/accfranc741\/wp-content\/uploads\/2020\/12\/2@4x-1024x957.png 1024w, https:\/\/acc-france.fr\/accfranc741\/wp-content\/uploads\/2020\/12\/2@4x-300x280.png 300w, https:\/\/acc-france.fr\/accfranc741\/wp-content\/uploads\/2020\/12\/2@4x-768x718.png 768w, https:\/\/acc-france.fr\/accfranc741\/wp-content\/uploads\/2020\/12\/2@4x.png 1352w\" sizes=\"auto, (max-width: 1024px) 100vw, 1024px\" \/><\/figure><div class=\"wp-block-media-text__content\">\n<p class=\"has-text-color has-medium-font-size\" style=\"color:#212750\"><strong>L&rsquo;ACC accr\u00e9dite&nbsp;:<\/strong><\/p>\n\n\n\n<p class=\"has-text-color has-medium-font-size\" style=\"color:#212750\"><strong>1-<\/strong> <strong>des \u00c9coutants (120 heures de formation)<\/strong><\/p>\n\n\n\n<p class=\"has-text-color has-medium-font-size\" style=\"color:#212750\"><strong>2- des Conseillers (400 heures de formation avec une \u00e9valuation th\u00e9orique et pratique)<\/strong><\/p>\n\n\n\n<p class=\"has-text-color has-medium-font-size\" style=\"color:#212750\">Accompagner les personnes en souffrance (en situation de mal-\u00eatre) ne s&rsquo;improvise pas, c&rsquo;est pourquoi nous consid\u00e9rons que la formation est importante. L&rsquo;accr\u00e9ditation permet de s&rsquo;assurer que les \u00c9coutants et Conseillers ont re\u00e7u une formation de qualit\u00e9.<\/p>\n<\/div><\/div>\n\n\n\n<hr class=\"wp-block-separator is-style-wide\"\/>\n\n\n\n<div class=\"wp-block-media-text alignwide is-stacked-on-mobile\" style=\"grid-template-columns:15% auto\"><figure class=\"wp-block-media-text__media\"><img loading=\"lazy\" decoding=\"async\" width=\"1024\" height=\"957\" src=\"https:\/\/acc-france.fr\/accfranc741\/wp-content\/uploads\/2020\/12\/3@4x-1024x957.png\" alt=\"\" class=\"wp-image-369 size-large\" srcset=\"https:\/\/acc-france.fr\/accfranc741\/wp-content\/uploads\/2020\/12\/3@4x-1024x957.png 1024w, https:\/\/acc-france.fr\/accfranc741\/wp-content\/uploads\/2020\/12\/3@4x-300x280.png 300w, https:\/\/acc-france.fr\/accfranc741\/wp-content\/uploads\/2020\/12\/3@4x-768x718.png 768w, https:\/\/acc-france.fr\/accfranc741\/wp-content\/uploads\/2020\/12\/3@4x.png 1352w\" sizes=\"auto, (max-width: 1024px) 100vw, 1024px\" \/><\/figure><div class=\"wp-block-media-text__content\">\n<p class=\"has-text-color has-medium-font-size\" style=\"color:#212750\"><strong>L&rsquo;ACC reconna\u00eet<\/strong> les formations et formateurs en <strong>Relation d\u2019Aide<br>Chr\u00e9tienne.<\/strong><\/p>\n<\/div><\/div>\n\n\n\n<hr class=\"wp-block-separator is-style-wide\"\/>\n\n\n\n<div class=\"wp-block-media-text alignwide is-stacked-on-mobile\" style=\"grid-template-columns:15% auto\"><figure class=\"wp-block-media-text__media\"><img loading=\"lazy\" decoding=\"async\" width=\"1024\" height=\"957\" src=\"https:\/\/acc-france.fr\/accfranc741\/wp-content\/uploads\/2020\/12\/4bis@4x-1024x957.png\" alt=\"\" class=\"wp-image-372 size-large\" srcset=\"https:\/\/acc-france.fr\/accfranc741\/wp-content\/uploads\/2020\/12\/4bis@4x-1024x957.png 1024w, https:\/\/acc-france.fr\/accfranc741\/wp-content\/uploads\/2020\/12\/4bis@4x-300x280.png 300w, https:\/\/acc-france.fr\/accfranc741\/wp-content\/uploads\/2020\/12\/4bis@4x-768x718.png 768w, https:\/\/acc-france.fr\/accfranc741\/wp-content\/uploads\/2020\/12\/4bis@4x.png 1352w\" sizes=\"auto, (max-width: 1024px) 100vw, 1024px\" \/><\/figure><div class=\"wp-block-media-text__content\">\n<p class=\"has-text-color has-medium-font-size\" style=\"color:#212750\"><strong>L&rsquo;ACC d\u00e9veloppe<\/strong> les \u00e9changes entre divers acteurs de la <strong>Relation<br>d\u2019Aide Chr\u00e9tienne<\/strong> en France, tout en respectant les diverses approches.<\/p>\n<\/div><\/div>\n\n\n\n<hr class=\"wp-block-separator is-style-wide\"\/>\n\n\n\n<div class=\"wp-block-media-text alignwide is-stacked-on-mobile\" style=\"grid-template-columns:15% auto\"><figure class=\"wp-block-media-text__media\"><img loading=\"lazy\" decoding=\"async\" width=\"1024\" height=\"957\" src=\"https:\/\/acc-france.fr\/accfranc741\/wp-content\/uploads\/2020\/12\/5@4x-1024x957.png\" alt=\"\" class=\"wp-image-374 size-large\" srcset=\"https:\/\/acc-france.fr\/accfranc741\/wp-content\/uploads\/2020\/12\/5@4x-1024x957.png 1024w, https:\/\/acc-france.fr\/accfranc741\/wp-content\/uploads\/2020\/12\/5@4x-300x280.png 300w, https:\/\/acc-france.fr\/accfranc741\/wp-content\/uploads\/2020\/12\/5@4x-768x718.png 768w, https:\/\/acc-france.fr\/accfranc741\/wp-content\/uploads\/2020\/12\/5@4x.png 1352w\" sizes=\"auto, (max-width: 1024px) 100vw, 1024px\" \/><\/figure><div class=\"wp-block-media-text__content\">\n<p class=\"has-text-color has-medium-font-size\" style=\"color:#212750\"><strong>L&rsquo;ACC propose<\/strong> un r\u00e9seau de conseillers et \u00e9coutants chr\u00e9tiens reconnus dans toute la France et en Europe.<br><\/p>\n<\/div><\/div>\n","protected":false},"excerpt":{"rendered":"<p>L&rsquo;ACC encourage les chr\u00e9tiens \u00e0 acqu\u00e9rir des comp\u00e9tencespour l\u2019accompagnement de personnes en souffrance. L&rsquo;ACC accr\u00e9dite&nbsp;: 1- des \u00c9coutants (120 heures de formation) 2- des Conseillers (400 heures de formation avec une \u00e9valuation th\u00e9orique et pratique) Accompagner les personnes en souffrance (en situation de mal-\u00eatre) ne s&rsquo;improvise pas, c&rsquo;est pourquoi nous consid\u00e9rons que la formation est<\/p><\/div>\n<div class=\"blog-btn\"><a href=\"https:\/\/acc-france.fr\/accfranc741\/?page_id=131\" class=\"home-blog-btn\">Lire la suite<\/a><\/p>\n","protected":false},"author":1,"featured_media":0,"parent":0,"menu_order":0,"comment_status":"closed","ping_status":"closed","template":"","meta":{"footnotes":""},"class_list":["post-131","page","type-page","status-publish","hentry"],"_links":{"self":[{"href":"https:\/\/acc-france.fr\/accfranc741\/index.php?rest_route=\/wp\/v2\/pages\/131","targetHints":{"allow":["GET"]}}],"collection":[{"href":"https:\/\/acc-france.fr\/accfranc741\/index.php?rest_route=\/wp\/v2\/pages"}],"about":[{"href":"https:\/\/acc-france.fr\/accfranc741\/index.php?rest_route=\/wp\/v2\/types\/page"}],"author":[{"embeddable":true,"href":"https:\/\/acc-france.fr\/accfranc741\/index.php?rest_route=\/wp\/v2\/users\/1"}],"replies":[{"embeddable":true,"href":"https:\/\/acc-france.fr\/accfranc741\/index.php?rest_route=%2Fwp%2Fv2%2Fcomments&post=131"}],"version-history":[{"count":27,"href":"https:\/\/acc-france.fr\/accfranc741\/index.php?rest_route=\/wp\/v2\/pages\/131\/revisions"}],"predecessor-version":[{"id":1366,"href":"https:\/\/acc-france.fr\/accfranc741\/index.php?rest_route=\/wp\/v2\/pages\/131\/revisions\/1366"}],"wp:attachment":[{"href":"https:\/\/acc-france.fr\/accfranc741\/index.php?rest_route=%2Fwp%2Fv2%2Fmedia&parent=131"}],"curies":[{"name":"wp","href":"https:\/\/api.w.org\/{rel}","templated":true}]}}