{"id":137,"date":"2020-12-26T18:36:48","date_gmt":"2020-12-26T17:36:48","guid":{"rendered":"http:\/\/acc-france.fr\/accfranc741\/?page_id=137"},"modified":"2025-06-20T16:25:21","modified_gmt":"2025-06-20T14:25:21","slug":"organisation","status":"publish","type":"page","link":"https:\/\/acc-france.fr\/accfranc741\/?page_id=137","title":{"rendered":"Conseil d&rsquo;administration"},"content":{"rendered":"\n<p class=\"has-text-align-center has-text-color has-normal-font-size\" style=\"color:#212750\">L&rsquo;<strong>ACC-France<\/strong> est une association \u00e0 but non lucratif de la loi 1901. <\/p>\n\n\n\n<p class=\"has-text-align-center has-text-color has-normal-font-size\" style=\"color:#212750\">Elle est constitu\u00e9e d&rsquo;un Conseil d&rsquo;administration et de membres, tous conseillers chr\u00e9tiens accr\u00e9dit\u00e9s.<\/p>\n\n\n\n<hr class=\"wp-block-separator has-css-opacity is-style-wide\"\/>\n\n\n\n<h2 class=\"wp-block-heading has-text-align-center has-text-color\" style=\"color:#212750\">Le Conseil d&rsquo;administration<\/h2>\n\n\n\n<div class=\"wp-block-media-text alignwide is-stacked-on-mobile is-vertically-aligned-center\" style=\"grid-template-columns:16% auto\"><figure class=\"wp-block-media-text__media\"><img loading=\"lazy\" decoding=\"async\" width=\"559\" height=\"664\" src=\"https:\/\/acc-france.fr\/accfranc741\/wp-content\/uploads\/2020\/12\/JPK-1.jpg\" alt=\"\" class=\"wp-image-399 size-full\" srcset=\"https:\/\/acc-france.fr\/accfranc741\/wp-content\/uploads\/2020\/12\/JPK-1.jpg 559w, https:\/\/acc-france.fr\/accfranc741\/wp-content\/uploads\/2020\/12\/JPK-1-253x300.jpg 253w\" sizes=\"auto, (max-width: 559px) 100vw, 559px\" \/><\/figure><div class=\"wp-block-media-text__content\">\n<p class=\"has-text-color\" style=\"color:#212750\"><strong>Jean-Pierre KASEMIERCZAK<\/strong>      <em>Pr\u00e9sident<\/em><\/p>\n\n\n\n<ul class=\"wp-block-list\">\n<li><em>Conseiller accr\u00e9dit\u00e9 ACC <\/em><\/li>\n\n\n\n<li><em>Form\u00e9 \u00e0 l&rsquo;accompagnement spirituel (ISCAS &#8211; compagnons de route)<\/em><\/li>\n\n\n\n<li><em>Pr\u00e9sident de l&rsquo;association de Relation d&rsquo;Aide Chr\u00e9tienne \u00ab\u00a0La Parenth\u00e8se\u00a0\u00bb &#8211; Formateur<\/em><\/li>\n\n\n\n<li><em>A \u00e9t\u00e9 ancien en \u00e9glise pendant 30 ans<\/em><\/li>\n\n\n\n<li><em>Form\u00e9 \u00e0 l&rsquo;Analyse Transactionnelle<\/em><\/li>\n\n\n\n<li><em>Praticien\/Formateur en SNPA<\/em> <em>(Stimulation Neuro Psy Appliqu\u00e9e)<\/em><\/li>\n<\/ul>\n<\/div><\/div>\n\n\n\n<hr class=\"wp-block-separator has-css-opacity is-style-wide\"\/>\n\n\n\n<div class=\"wp-block-media-text alignwide is-stacked-on-mobile is-vertically-aligned-center\" style=\"grid-template-columns:16% auto\"><figure class=\"wp-block-media-text__media\"><img loading=\"lazy\" decoding=\"async\" width=\"226\" height=\"150\" src=\"https:\/\/acc-france.fr\/accfranc741\/wp-content\/uploads\/2021\/01\/agnesb.jpg\" alt=\"\" class=\"wp-image-1151 size-full\"\/><\/figure><div class=\"wp-block-media-text__content\">\n<p class=\"has-text-color\" style=\"color:#20284f\"><strong><strong>Agn\u00e8s BARONCCIN<\/strong>I<\/strong>       Vice-Pr\u00e9sidente                                                                                                                                                                                                <\/p>\n\n\n\n<ul class=\"wp-block-list\">\n<li><em>Conseill\u00e8re accr\u00e9dit\u00e9e ACC&nbsp;<\/em><\/li>\n\n\n\n<li><em>Form\u00e9e \u00e0 l&rsquo;accompagnement spirituel<\/em> <em>(ISCAS &#8211; compagnons de route)<\/em><\/li>\n\n\n\n<li><em>Conf\u00e9renci\u00e8re sur les th\u00e9matiques li\u00e9es \u00e0 la Relation d&rsquo;Aide biblique et \u00e0 l&rsquo;accompagnement<\/em><\/li>\n\n\n\n<li><em>Formatrice Famille Je t&rsquo;Aime<\/em><\/li>\n\n\n\n<li><em>Auteure du livre \u00ab\u00a0Mon cancer, entre combats et d\u00e9couvertes\u00a0\u00bb<\/em> <em>Editions BLF<\/em> 2009<\/li>\n\n\n\n<li><em>Pr\u00e9sidente de l&rsquo;association \u00ab\u00a0A tes c\u00f4t\u00e9s\u00a0\u00bb (accompagnements sous toutes ses formes<\/em>)<\/li>\n\n\n\n<li><em>M\u00e9diatrice Gestion des conflits certifi\u00e9e MTI<\/em><\/li>\n<\/ul>\n<\/div><\/div>\n\n\n\n<hr class=\"wp-block-separator has-css-opacity is-style-wide\"\/>\n\n\n\n<div class=\"wp-block-media-text alignwide is-stacked-on-mobile is-vertically-aligned-center\" style=\"grid-template-columns:16% auto\"><figure class=\"wp-block-media-text__media\"><img loading=\"lazy\" decoding=\"async\" width=\"173\" height=\"188\" src=\"https:\/\/acc-france.fr\/accfranc741\/wp-content\/uploads\/2021\/07\/meyre-lpsm.jpg\" alt=\"\" class=\"wp-image-1349 size-full\"\/><\/figure><div class=\"wp-block-media-text__content\">\n<p class=\"has-text-color\" style=\"color:#20284f\"><strong>Thierry MEYRE<\/strong>       <em>Secr\u00e9taire<\/em><\/p>\n\n\n\n<ul class=\"wp-block-list\">\n<li><em>Conseiller en RA accr\u00e9dit\u00e9e par l&rsquo;ACC<\/em><\/li>\n\n\n\n<li>Agr\u00e9g\u00e9 de math\u00e9matiques<\/li>\n\n\n\n<li>Ma\u00eetre de conf\u00e9rences en math\u00e9matiques \u00e0 l&rsquo;Universit\u00e9 de Paris<\/li>\n\n\n\n<li>Pr\u00e9parateur \u00e0 un concours d&rsquo;enseignement<\/li>\n<\/ul>\n<\/div><\/div>\n\n\n\n<hr class=\"wp-block-separator has-css-opacity is-style-wide\"\/>\n\n\n\n<div class=\"wp-block-media-text alignwide is-stacked-on-mobile is-vertically-aligned-center\" style=\"grid-template-columns:16% auto\"><figure class=\"wp-block-media-text__media\"><img loading=\"lazy\" decoding=\"async\" width=\"559\" height=\"664\" src=\"https:\/\/acc-france.fr\/accfranc741\/wp-content\/uploads\/2020\/12\/gerard.jpg\" alt=\"\" class=\"wp-image-412 size-full\" srcset=\"https:\/\/acc-france.fr\/accfranc741\/wp-content\/uploads\/2020\/12\/gerard.jpg 559w, https:\/\/acc-france.fr\/accfranc741\/wp-content\/uploads\/2020\/12\/gerard-253x300.jpg 253w\" sizes=\"auto, (max-width: 559px) 100vw, 559px\" \/><\/figure><div class=\"wp-block-media-text__content\">\n<p class=\"has-text-color\" style=\"color:#20284f\"><strong>G\u00e9rard HOAREAU<\/strong>        <em>Tr\u00e9sorier<\/em><\/p>\n\n\n\n<ul class=\"wp-block-list\">\n<li><em>Conseiller en RA accr\u00e9dit\u00e9 ACC<\/em><\/li>\n\n\n\n<li><em>Formateur chez MVF (AFP-Mission Vie et Famille)<\/em><\/li>\n\n\n\n<li><em>Conf\u00e9rencier vie spirituelle, \u00e9motionnelle et relationnelle<\/em><\/li>\n\n\n\n<li><em>Membre du comit\u00e9 ex\u00e9cutif de Family Life Mission International<\/em><\/li>\n\n\n\n<li><em>Propri\u00e9taire\/g\u00e9rant du Ch\u00e2teau de Joudes Saint-Amour<\/em><\/li>\n\n\n\n<li><em>Pr\u00e9sident de Andazaha Sant\u00e9  (projet de sant\u00e9 publique \u00e0 Madagascar autour de la m\u00e8re et de l\u2019enfant)<\/em><\/li>\n<\/ul>\n<\/div><\/div>\n\n\n\n<hr class=\"wp-block-separator has-css-opacity is-style-wide\"\/>\n\n\n\n<div class=\"wp-block-media-text alignwide is-stacked-on-mobile is-vertically-aligned-center\" style=\"grid-template-columns:16% auto\"><figure class=\"wp-block-media-text__media\"><img loading=\"lazy\" decoding=\"async\" width=\"559\" height=\"664\" src=\"https:\/\/acc-france.fr\/accfranc741\/wp-content\/uploads\/2020\/12\/Chantal.jpg\" alt=\"\" class=\"wp-image-415 size-full\" srcset=\"https:\/\/acc-france.fr\/accfranc741\/wp-content\/uploads\/2020\/12\/Chantal.jpg 559w, https:\/\/acc-france.fr\/accfranc741\/wp-content\/uploads\/2020\/12\/Chantal-253x300.jpg 253w\" sizes=\"auto, (max-width: 559px) 100vw, 559px\" \/><\/figure><div class=\"wp-block-media-text__content\">\n<p class=\"has-text-color\" style=\"color:#20284f\"><strong><strong><strong>Chantal FERRO<\/strong><\/strong><\/strong><\/p>\n\n\n\n<ul class=\"wp-block-list\">\n<li><em>Conseill\u00e8re en RA accr\u00e9dit\u00e9e ACC<\/em><\/li>\n\n\n\n<li><em>Form\u00e9e \u00e0 l&rsquo;accompagnement spirituel<\/em> <em>(ISCAS &#8211; compagnons de route)<\/em><\/li>\n\n\n\n<li><em>Cadre infirmier formateur<\/em><\/li>\n\n\n\n<li><em>Directrice d&rsquo;une \u00e9cole d&rsquo;aides-soignant(e)s<\/em><\/li>\n\n\n\n<li><em> Form\u00e9e en Analyse Transactionnelle<\/em><\/li>\n<\/ul>\n<\/div><\/div>\n\n\n\n<hr class=\"wp-block-separator has-css-opacity is-style-wide\"\/>\n\n\n\n<div class=\"wp-block-media-text is-stacked-on-mobile\" style=\"grid-template-columns:16% auto\"><figure class=\"wp-block-media-text__media\"><img loading=\"lazy\" decoding=\"async\" width=\"565\" height=\"661\" src=\"https:\/\/acc-france.fr\/accfranc741\/wp-content\/uploads\/2025\/06\/Photo-Martine-Friedli.jpg\" alt=\"\" class=\"wp-image-2197 size-full\" srcset=\"https:\/\/acc-france.fr\/accfranc741\/wp-content\/uploads\/2025\/06\/Photo-Martine-Friedli.jpg 565w, https:\/\/acc-france.fr\/accfranc741\/wp-content\/uploads\/2025\/06\/Photo-Martine-Friedli-256x300.jpg 256w\" sizes=\"auto, (max-width: 565px) 100vw, 565px\" \/><\/figure><div class=\"wp-block-media-text__content\">\n<p><strong>Martine FRIEDLI<\/strong><\/p>\n\n\n\n<ul class=\"wp-block-list\">\n<li><em>Conseill\u00e8re en RA accr\u00e9dit\u00e9e ACC<\/em><\/li>\n\n\n\n<li><em>Responsable de Gestion immobili\u00e8re<\/em><\/li>\n<\/ul>\n<\/div><\/div>\n\n\n\n<hr class=\"wp-block-separator has-css-opacity is-style-wide\"\/>\n\n\n\n<div class=\"wp-block-media-text is-stacked-on-mobile\" style=\"grid-template-columns:17% auto\"><figure class=\"wp-block-media-text__media\"><img loading=\"lazy\" decoding=\"async\" width=\"203\" height=\"169\" src=\"https:\/\/acc-france.fr\/accfranc741\/wp-content\/uploads\/2025\/06\/Photo-Sarah-Grenot.jpg\" alt=\"\" class=\"wp-image-2198 size-full\"\/><\/figure><div class=\"wp-block-media-text__content\">\n<p><strong>Sarah GRENOT<\/strong><\/p>\n\n\n\n<ul class=\"wp-block-list\">\n<li><em>Conseill\u00e8re en RA accr\u00e9dit\u00e9e ACC<\/em><\/li>\n\n\n\n<li><em>Professeur des \u00e9coles<\/em><\/li>\n<\/ul>\n<\/div><\/div>\n\n\n\n<hr class=\"wp-block-separator has-alpha-channel-opacity\"\/>\n\n\n\n<div class=\"wp-block-media-text alignwide is-stacked-on-mobile is-vertically-aligned-center\" style=\"grid-template-columns:16% auto\"><figure class=\"wp-block-media-text__media\"><img loading=\"lazy\" decoding=\"async\" width=\"220\" height=\"220\" src=\"https:\/\/acc-france.fr\/accfranc741\/wp-content\/uploads\/2023\/07\/Agnes_MATHEZ-ROUMEAS-conv.jpeg\" alt=\"\" class=\"wp-image-1800 size-full\" srcset=\"https:\/\/acc-france.fr\/accfranc741\/wp-content\/uploads\/2023\/07\/Agnes_MATHEZ-ROUMEAS-conv.jpeg 220w, https:\/\/acc-france.fr\/accfranc741\/wp-content\/uploads\/2023\/07\/Agnes_MATHEZ-ROUMEAS-conv-150x150.jpeg 150w\" sizes=\"auto, (max-width: 220px) 100vw, 220px\" \/><\/figure><div class=\"wp-block-media-text__content\">\n<p class=\"has-text-color\" style=\"color:#20284f\"><strong>Agn\u00e8s MATHEZ-ROUMEAS<\/strong><\/p>\n\n\n\n<ul class=\"wp-block-list\">\n<li><em>Conseill\u00e8re en RA accr\u00e9dit\u00e9e ACC<\/em><\/li>\n\n\n\n<li><em>Enseignante FERACPA<\/em><\/li>\n\n\n\n<li><em>Pr\u00e9sidente de FERACPA-France<\/em><\/li>\n<\/ul>\n<\/div><\/div>\n\n\n\n<hr class=\"wp-block-separator has-css-opacity is-style-wide\"\/>\n\n\n\n<div class=\"wp-block-media-text alignwide is-stacked-on-mobile is-vertically-aligned-center\" style=\"grid-template-columns:16% auto\"><figure class=\"wp-block-media-text__media\"><img loading=\"lazy\" decoding=\"async\" width=\"559\" height=\"664\" src=\"https:\/\/acc-france.fr\/accfranc741\/wp-content\/uploads\/2020\/12\/Jacques.jpg\" alt=\"\" class=\"wp-image-404 size-full\" srcset=\"https:\/\/acc-france.fr\/accfranc741\/wp-content\/uploads\/2020\/12\/Jacques.jpg 559w, https:\/\/acc-france.fr\/accfranc741\/wp-content\/uploads\/2020\/12\/Jacques-253x300.jpg 253w\" sizes=\"auto, (max-width: 559px) 100vw, 559px\" \/><\/figure><div class=\"wp-block-media-text__content\">\n<p class=\"has-text-color\" style=\"color:#212750\"><strong>Jacques POUJOL<\/strong><\/p>\n\n\n\n<ul class=\"wp-block-list\">\n<li><em>Pasteur de la FPF<\/em><\/li>\n\n\n\n<li><em>Conseiller Conjugal et Familial<\/em><\/li>\n\n\n\n<li><em>Formateur en Relation d&rsquo;Aide<\/em><\/li>\n\n\n\n<li><em>Psychoth\u00e9rapeute<\/em><\/li>\n\n\n\n<li><em>Auteur de plusieurs ouvrages en RA<\/em><\/li>\n\n\n\n<li><em>Enseignant dans plusieurs Instituts bibliques<\/em><\/li>\n<\/ul>\n<\/div><\/div>\n\n\n\n<hr class=\"wp-block-separator has-css-opacity is-style-wide\"\/>\n\n\n\n<hr class=\"wp-block-separator has-css-opacity is-style-wide\"\/>\n\n\n\n<p><\/p>\n","protected":false},"excerpt":{"rendered":"<p>L&rsquo;ACC-France est une association \u00e0 but non lucratif de la loi 1901. Elle est constitu\u00e9e d&rsquo;un Conseil d&rsquo;administration et de membres, tous conseillers chr\u00e9tiens accr\u00e9dit\u00e9s. Le Conseil d&rsquo;administration<\/p>\n","protected":false},"author":1,"featured_media":0,"parent":0,"menu_order":0,"comment_status":"closed","ping_status":"closed","template":"","meta":{"footnotes":""},"class_list":["post-137","page","type-page","status-publish","hentry"],"_links":{"self":[{"href":"https:\/\/acc-france.fr\/accfranc741\/index.php?rest_route=\/wp\/v2\/pages\/137","targetHints":{"allow":["GET"]}}],"collection":[{"href":"https:\/\/acc-france.fr\/accfranc741\/index.php?rest_route=\/wp\/v2\/pages"}],"about":[{"href":"https:\/\/acc-france.fr\/accfranc741\/index.php?rest_route=\/wp\/v2\/types\/page"}],"author":[{"embeddable":true,"href":"https:\/\/acc-france.fr\/accfranc741\/index.php?rest_route=\/wp\/v2\/users\/1"}],"replies":[{"embeddable":true,"href":"https:\/\/acc-france.fr\/accfranc741\/index.php?rest_route=%2Fwp%2Fv2%2Fcomments&post=137"}],"version-history":[{"count":45,"href":"https:\/\/acc-france.fr\/accfranc741\/index.php?rest_route=\/wp\/v2\/pages\/137\/revisions"}],"predecessor-version":[{"id":2200,"href":"https:\/\/acc-france.fr\/accfranc741\/index.php?rest_route=\/wp\/v2\/pages\/137\/revisions\/2200"}],"wp:attachment":[{"href":"https:\/\/acc-france.fr\/accfranc741\/index.php?rest_route=%2Fwp%2Fv2%2Fmedia&parent=137"}],"curies":[{"name":"wp","href":"https:\/\/api.w.org\/{rel}","templated":true}]}}