{"id":141,"date":"2020-12-26T18:37:31","date_gmt":"2020-12-26T17:37:31","guid":{"rendered":"http:\/\/acc-france.fr\/accfranc741\/?page_id=141"},"modified":"2021-01-08T09:40:35","modified_gmt":"2021-01-08T08:40:35","slug":"acc-europe","status":"publish","type":"page","link":"https:\/\/acc-france.fr\/accfranc741\/?page_id=141","title":{"rendered":"ACC Europe"},"content":{"rendered":"\n<h2 class=\"has-text-align-center has-text-color wp-block-heading\" style=\"color:#20284f\">L&rsquo;ACC Europe<\/h2>\n\n\n\n<p class=\"has-text-align-center has-text-color\" style=\"color:#20284f\">L&rsquo;<strong>ACC-France<\/strong> fait partie d&rsquo;une organisation europ\u00e9enne : l&rsquo;<strong>ACC Europe.<\/strong><\/p>\n\n\n\n<p class=\"has-text-align-center has-text-color\" style=\"color:#20284f\">La premi\u00e8re <strong>Association de Conseillers Chr\u00e9tiens<\/strong> s\u2019est constitu\u00e9e en 1992 au Royaume-Uni, avec comme objectif de <strong>d\u00e9finir des crit\u00e8res de formations et de pratiques de la relation d\u2019aide chr\u00e9tienne<\/strong>. Par la suite d\u2019autres associations de conseillers chr\u00e9tiens se sont d\u00e9velopp\u00e9es dans diff\u00e9rents pays europ\u00e9ens. Chacune de ces ACC sont ind\u00e9pendantes et tributaires des contingences des pays dans lesquels elles sont implant\u00e9es. Elles se retrouvent cependant pour partager leurs ressources et leurs projets au sein d\u2019une plate-forme commune : l\u2019<strong>ACC Europe<\/strong>.<\/p>\n\n\n\n<hr class=\"wp-block-separator is-style-dots\"\/>\n\n\n\n<div class=\"wp-block-image\"><figure class=\"aligncenter size-large is-resized\"><a href=\"https:\/\/www.acc-eu.org\/fr\/accueil.html\" target=\"_blank\" rel=\"noopener\"><img loading=\"lazy\" decoding=\"async\" src=\"https:\/\/acc-france.fr\/accfranc741\/wp-content\/uploads\/2020\/12\/logo-ACC-EU-1024x193.jpg\" alt=\"\" class=\"wp-image-466\" width=\"512\" height=\"97\" srcset=\"https:\/\/acc-france.fr\/accfranc741\/wp-content\/uploads\/2020\/12\/logo-ACC-EU-1024x193.jpg 1024w, https:\/\/acc-france.fr\/accfranc741\/wp-content\/uploads\/2020\/12\/logo-ACC-EU-300x57.jpg 300w, https:\/\/acc-france.fr\/accfranc741\/wp-content\/uploads\/2020\/12\/logo-ACC-EU-768x145.jpg 768w, https:\/\/acc-france.fr\/accfranc741\/wp-content\/uploads\/2020\/12\/logo-ACC-EU-1536x290.jpg 1536w, https:\/\/acc-france.fr\/accfranc741\/wp-content\/uploads\/2020\/12\/logo-ACC-EU-2048x387.jpg 2048w\" sizes=\"auto, (max-width: 512px) 100vw, 512px\" \/><\/a><\/figure><\/div>\n\n\n\n<hr class=\"wp-block-separator is-style-dots\"\/>\n\n\n\n<div class=\"wp-block-image\"><figure class=\"aligncenter size-large is-resized\"><img decoding=\"async\" src=\"https:\/\/acc-france.fr\/accfranc741\/wp-content\/uploads\/2020\/12\/Acc-europe-edited.jpg\" alt=\"\" class=\"wp-image-523\" width=\"567\" height=\"425.25\" srcset=\"https:\/\/acc-france.fr\/accfranc741\/wp-content\/uploads\/2020\/12\/Acc-europe-edited.jpg 1285w, https:\/\/acc-france.fr\/accfranc741\/wp-content\/uploads\/2020\/12\/Acc-europe-edited-300x225.jpg 300w, https:\/\/acc-france.fr\/accfranc741\/wp-content\/uploads\/2020\/12\/Acc-europe-edited-1024x768.jpg 1024w, https:\/\/acc-france.fr\/accfranc741\/wp-content\/uploads\/2020\/12\/Acc-europe-edited-768x576.jpg 768w\" sizes=\"(max-width: 1285px) 100vw, 1285px\" \/><\/figure><\/div>\n","protected":false},"excerpt":{"rendered":"<p>L&rsquo;ACC Europe L&rsquo;ACC-France fait partie d&rsquo;une organisation europ\u00e9enne : l&rsquo;ACC Europe. La premi\u00e8re Association de Conseillers Chr\u00e9tiens s\u2019est constitu\u00e9e en 1992 au Royaume-Uni, avec comme objectif de d\u00e9finir des crit\u00e8res de formations et de pratiques de la relation d\u2019aide chr\u00e9tienne. Par la suite d\u2019autres associations de conseillers chr\u00e9tiens se sont d\u00e9velopp\u00e9es dans diff\u00e9rents pays europ\u00e9ens.<\/p><\/div>\n<div class=\"blog-btn\"><a href=\"https:\/\/acc-france.fr\/accfranc741\/?page_id=141\" class=\"home-blog-btn\">Lire la suite<\/a><\/p>\n","protected":false},"author":1,"featured_media":0,"parent":0,"menu_order":0,"comment_status":"closed","ping_status":"closed","template":"","meta":{"footnotes":""},"class_list":["post-141","page","type-page","status-publish","hentry"],"_links":{"self":[{"href":"https:\/\/acc-france.fr\/accfranc741\/index.php?rest_route=\/wp\/v2\/pages\/141","targetHints":{"allow":["GET"]}}],"collection":[{"href":"https:\/\/acc-france.fr\/accfranc741\/index.php?rest_route=\/wp\/v2\/pages"}],"about":[{"href":"https:\/\/acc-france.fr\/accfranc741\/index.php?rest_route=\/wp\/v2\/types\/page"}],"author":[{"embeddable":true,"href":"https:\/\/acc-france.fr\/accfranc741\/index.php?rest_route=\/wp\/v2\/users\/1"}],"replies":[{"embeddable":true,"href":"https:\/\/acc-france.fr\/accfranc741\/index.php?rest_route=%2Fwp%2Fv2%2Fcomments&post=141"}],"version-history":[{"count":12,"href":"https:\/\/acc-france.fr\/accfranc741\/index.php?rest_route=\/wp\/v2\/pages\/141\/revisions"}],"predecessor-version":[{"id":1085,"href":"https:\/\/acc-france.fr\/accfranc741\/index.php?rest_route=\/wp\/v2\/pages\/141\/revisions\/1085"}],"wp:attachment":[{"href":"https:\/\/acc-france.fr\/accfranc741\/index.php?rest_route=%2Fwp%2Fv2%2Fmedia&parent=141"}],"curies":[{"name":"wp","href":"https:\/\/api.w.org\/{rel}","templated":true}]}}