{"id":145,"date":"2020-12-26T18:38:00","date_gmt":"2020-12-26T17:38:00","guid":{"rendered":"http:\/\/acc-france.fr\/accfranc741\/?page_id=145"},"modified":"2021-01-15T14:29:03","modified_gmt":"2021-01-15T13:29:03","slug":"pourquoi-chretien","status":"publish","type":"page","link":"https:\/\/acc-france.fr\/accfranc741\/?page_id=145","title":{"rendered":"Nos convictions"},"content":{"rendered":"\n<hr class=\"wp-block-separator\"\/>\n\n\n\n<div class=\"wp-block-image is-style-default\"><figure class=\"aligncenter size-large is-resized\"><img loading=\"lazy\" decoding=\"async\" src=\"https:\/\/acc-france.fr\/accfranc741\/wp-content\/uploads\/2020\/12\/bible2-1024x576.jpg\" alt=\"\" class=\"wp-image-479\" width=\"512\" height=\"288\" srcset=\"https:\/\/acc-france.fr\/accfranc741\/wp-content\/uploads\/2020\/12\/bible2-1024x576.jpg 1024w, https:\/\/acc-france.fr\/accfranc741\/wp-content\/uploads\/2020\/12\/bible2-300x169.jpg 300w, https:\/\/acc-france.fr\/accfranc741\/wp-content\/uploads\/2020\/12\/bible2-768x432.jpg 768w, https:\/\/acc-france.fr\/accfranc741\/wp-content\/uploads\/2020\/12\/bible2.jpg 1366w\" sizes=\"auto, (max-width: 512px) 100vw, 512px\" \/><\/figure><\/div>\n\n\n\n<h2 class=\"has-text-color wp-block-heading\" style=\"color:#21294f\">Nous croyons<\/h2>\n\n\n\n<p class=\"has-text-color\" style=\"color:#21294f\"><strong>Nous croyons<\/strong> que l\u2019\u00c9criture Sainte est la Parole infaillible de Dieu, autorit\u00e9 souveraine en mati\u00e8re de foi et de vie.<\/p>\n\n\n\n<p class=\"has-text-color\" style=\"color:#21294f\"><strong>Nous croyons<\/strong> en un seul Dieu, P\u00e8re, Fils et Saint-Esprit de toute \u00e9ternit\u00e9.<\/p>\n\n\n\n<p class=\"has-text-color\" style=\"color:#21294f\"><strong>Nous croyons<\/strong> en <strong>J\u00e9sus-Christ<\/strong> notre Seigneur, Dieu manifest\u00e9 en chair, n\u00e9 de la vierge Marie.<\/p>\n\n\n\n<p class=\"has-text-color\" style=\"color:#21294f\"><strong>Nous croyons<\/strong> \u00e0 son humanit\u00e9 exempte de p\u00e9ch\u00e9s, ses miracles, sa mort expiatoire et r\u00e9demptrice, sa r\u00e9surrection corporelle, son \u0153uvre m\u00e9diatrice, son retour personnel dans la puissance et dans la gloire.<\/p>\n\n\n\n<p class=\"has-text-color\" style=\"color:#21294f\"><strong>Nous croyons<\/strong> au salut de l\u2019homme p\u00e9cheur et perdu, \u00e0 sa justification, non par les \u0153uvres mais par la seule foi, gr\u00e2ce au sang vers\u00e9 par <strong>J\u00e9sus-Christ<\/strong> notre Seigneur, \u00e0 sa r\u00e9g\u00e9n\u00e9ration par le <strong>Saint-Esprit<\/strong>.<\/p>\n\n\n\n<p class=\"has-text-color\" style=\"color:#21294f\"><strong>Nous croyons<\/strong> en l\u2019<strong>Esprit Saint<\/strong> qui, venant demeurer en nous, nous donne le pouvoir de servir <strong>J\u00e9sus-Christ<\/strong>, de vivre une vie sainte et de rendre t\u00e9moignage.<\/p>\n\n\n\n<p class=\"has-text-color\" style=\"color:#21294f\"><strong>Nous croyons<\/strong> \u00e0 l\u2019unit\u00e9 v\u00e9ritable dans le<strong> Saint-Esprit<\/strong> de tous les croyants formant ensemble l\u2019\u00c9glise Universelle, corps du Christ.<\/p>\n\n\n\n<p class=\"has-text-color\" style=\"color:#21294f\"><strong>Nous croyons<\/strong> \u00e0 la r\u00e9surrection de tous : ceux qui sont perdus ressusciteront pour le jugement, ceux qui sont sauv\u00e9s ressusciteront pour la vie.<\/p>\n\n\n\n<p><\/p>\n\n\n\n<p class=\"has-vivid-red-color has-text-color\"><strong>Confession de foi du <a href=\"https:\/\/www.lecnef.org\/page\/170867-le-cnef\" target=\"_blank\" rel=\"noreferrer noopener\">CNEF<\/a><\/strong><\/p>\n","protected":false},"excerpt":{"rendered":"<p>Nous croyons Nous croyons que l\u2019\u00c9criture Sainte est la Parole infaillible de Dieu, autorit\u00e9 souveraine en mati\u00e8re de foi et de vie. Nous croyons en un seul Dieu, P\u00e8re, Fils et Saint-Esprit de toute \u00e9ternit\u00e9. Nous croyons en J\u00e9sus-Christ notre Seigneur, Dieu manifest\u00e9 en chair, n\u00e9 de la vierge Marie. Nous croyons \u00e0 son humanit\u00e9<\/p><\/div>\n<div class=\"blog-btn\"><a href=\"https:\/\/acc-france.fr\/accfranc741\/?page_id=145\" class=\"home-blog-btn\">Lire la suite<\/a><\/p>\n","protected":false},"author":1,"featured_media":0,"parent":0,"menu_order":0,"comment_status":"closed","ping_status":"closed","template":"","meta":{"footnotes":""},"class_list":["post-145","page","type-page","status-publish","hentry"],"_links":{"self":[{"href":"https:\/\/acc-france.fr\/accfranc741\/index.php?rest_route=\/wp\/v2\/pages\/145","targetHints":{"allow":["GET"]}}],"collection":[{"href":"https:\/\/acc-france.fr\/accfranc741\/index.php?rest_route=\/wp\/v2\/pages"}],"about":[{"href":"https:\/\/acc-france.fr\/accfranc741\/index.php?rest_route=\/wp\/v2\/types\/page"}],"author":[{"embeddable":true,"href":"https:\/\/acc-france.fr\/accfranc741\/index.php?rest_route=\/wp\/v2\/users\/1"}],"replies":[{"embeddable":true,"href":"https:\/\/acc-france.fr\/accfranc741\/index.php?rest_route=%2Fwp%2Fv2%2Fcomments&post=145"}],"version-history":[{"count":12,"href":"https:\/\/acc-france.fr\/accfranc741\/index.php?rest_route=\/wp\/v2\/pages\/145\/revisions"}],"predecessor-version":[{"id":1105,"href":"https:\/\/acc-france.fr\/accfranc741\/index.php?rest_route=\/wp\/v2\/pages\/145\/revisions\/1105"}],"wp:attachment":[{"href":"https:\/\/acc-france.fr\/accfranc741\/index.php?rest_route=%2Fwp%2Fv2%2Fmedia&parent=145"}],"curies":[{"name":"wp","href":"https:\/\/api.w.org\/{rel}","templated":true}]}}