{"id":1450,"date":"2022-01-12T15:09:31","date_gmt":"2022-01-12T14:09:31","guid":{"rendered":"https:\/\/acc-france.fr\/accfranc741\/?page_id=1450"},"modified":"2025-03-25T10:19:44","modified_gmt":"2025-03-25T09:19:44","slug":"semaine-dete-2","status":"publish","type":"page","link":"https:\/\/acc-france.fr\/accfranc741\/?page_id=1450","title":{"rendered":"Semaine d&rsquo;\u00e9t\u00e9"},"content":{"rendered":"\n<figure class=\"wp-block-image size-large\"><img loading=\"lazy\" decoding=\"async\" width=\"1024\" height=\"576\" src=\"https:\/\/acc-france.fr\/accfranc741\/wp-content\/uploads\/2021\/01\/20200821_191538-1-1024x576.jpg\" alt=\"Semaine d'\u00e9t\u00e9 2020\" class=\"wp-image-1169\" srcset=\"https:\/\/acc-france.fr\/accfranc741\/wp-content\/uploads\/2021\/01\/20200821_191538-1-1024x576.jpg 1024w, https:\/\/acc-france.fr\/accfranc741\/wp-content\/uploads\/2021\/01\/20200821_191538-1-300x169.jpg 300w, https:\/\/acc-france.fr\/accfranc741\/wp-content\/uploads\/2021\/01\/20200821_191538-1-768x432.jpg 768w, https:\/\/acc-france.fr\/accfranc741\/wp-content\/uploads\/2021\/01\/20200821_191538-1-1536x864.jpg 1536w, https:\/\/acc-france.fr\/accfranc741\/wp-content\/uploads\/2021\/01\/20200821_191538-1-2048x1152.jpg 2048w\" sizes=\"auto, (max-width: 1024px) 100vw, 1024px\" \/><\/figure>\n\n\n\n<p class=\"has-text-align-center\">Semaine d&rsquo;\u00e9t\u00e9 de la Relation d&rsquo;Aide Chr\u00e9tienne <\/p>\n\n\n\n<h2 class=\"wp-block-heading has-text-align-center\"><strong>Une semaine alliant Vacances et Formation !\u2026<\/strong><\/h2>\n\n\n\n<p class=\"has-text-align-center\">Une semaine pour approfondir ou pour d\u00e9couvrir la Relation d\u2019Aide Chr\u00e9tienne dans un cadre apaisant et accueillant.<\/p>\n\n\n\n<p class=\"has-text-align-center\">Chaque matin des temps d\u2019enseignement, o\u00f9 plusieurs ateliers vous sont propos\u00e9s, selon que vous souhaitez approfondir ou d\u00e9couvrir la Relation d\u2019Aide Chr\u00e9tienne.<br>Tout cela dans une ambiance d\u00e9tente ! Des soir\u00e9es \u00e0 th\u00e8mes, des jeux, de la cr\u00e9ativit\u00e9\u2026<\/p>\n\n\n\n<p class=\"has-text-align-center\"><\/p>\n\n\n\n<hr class=\"wp-block-separator has-css-opacity\"\/>\n\n\n\n<p class=\"has-text-align-center\">D\u00e8s qu&rsquo;une semaine d&rsquo;\u00e9t\u00e9 sera en pr\u00e9vision nous vous l&rsquo;annoncerons sur cette page.<\/p>\n","protected":false},"excerpt":{"rendered":"<p>Semaine d&rsquo;\u00e9t\u00e9 de la Relation d&rsquo;Aide Chr\u00e9tienne Une semaine alliant Vacances et Formation !\u2026 Une semaine pour approfondir ou pour d\u00e9couvrir la Relation d\u2019Aide Chr\u00e9tienne dans un cadre apaisant et accueillant. Chaque matin des temps d\u2019enseignement, o\u00f9 plusieurs ateliers vous sont propos\u00e9s, selon que vous souhaitez approfondir ou d\u00e9couvrir la Relation d\u2019Aide Chr\u00e9tienne.Tout cela dans<\/p><\/div>\n<div class=\"blog-btn\"><a href=\"https:\/\/acc-france.fr\/accfranc741\/?page_id=1450\" class=\"home-blog-btn\">Lire la suite<\/a><\/p>\n","protected":false},"author":1,"featured_media":0,"parent":0,"menu_order":0,"comment_status":"closed","ping_status":"closed","template":"","meta":{"footnotes":""},"class_list":["post-1450","page","type-page","status-publish","hentry"],"_links":{"self":[{"href":"https:\/\/acc-france.fr\/accfranc741\/index.php?rest_route=\/wp\/v2\/pages\/1450","targetHints":{"allow":["GET"]}}],"collection":[{"href":"https:\/\/acc-france.fr\/accfranc741\/index.php?rest_route=\/wp\/v2\/pages"}],"about":[{"href":"https:\/\/acc-france.fr\/accfranc741\/index.php?rest_route=\/wp\/v2\/types\/page"}],"author":[{"embeddable":true,"href":"https:\/\/acc-france.fr\/accfranc741\/index.php?rest_route=\/wp\/v2\/users\/1"}],"replies":[{"embeddable":true,"href":"https:\/\/acc-france.fr\/accfranc741\/index.php?rest_route=%2Fwp%2Fv2%2Fcomments&post=1450"}],"version-history":[{"count":6,"href":"https:\/\/acc-france.fr\/accfranc741\/index.php?rest_route=\/wp\/v2\/pages\/1450\/revisions"}],"predecessor-version":[{"id":2149,"href":"https:\/\/acc-france.fr\/accfranc741\/index.php?rest_route=\/wp\/v2\/pages\/1450\/revisions\/2149"}],"wp:attachment":[{"href":"https:\/\/acc-france.fr\/accfranc741\/index.php?rest_route=%2Fwp%2Fv2%2Fmedia&parent=1450"}],"curies":[{"name":"wp","href":"https:\/\/api.w.org\/{rel}","templated":true}]}}