{"id":1478,"date":"2022-01-29T16:22:17","date_gmt":"2022-01-29T15:22:17","guid":{"rendered":"https:\/\/acc-france.fr\/accfranc741\/?page_id=1478"},"modified":"2024-01-15T18:14:25","modified_gmt":"2024-01-15T17:14:25","slug":"relation-daide-amiens","status":"publish","type":"page","link":"https:\/\/acc-france.fr\/accfranc741\/?page_id=1478","title":{"rendered":"Relations plus Justes"},"content":{"rendered":"<div class=\"wp-block-image\">\n<figure class=\"aligncenter size-full is-resized\"><img loading=\"lazy\" decoding=\"async\" width=\"940\" height=\"700\" src=\"https:\/\/acc-france.fr\/accfranc741\/wp-content\/uploads\/2023\/09\/Header.png\" alt=\"\" class=\"wp-image-1853\" style=\"width:534px;height:auto\" srcset=\"https:\/\/acc-france.fr\/accfranc741\/wp-content\/uploads\/2023\/09\/Header.png 940w, https:\/\/acc-france.fr\/accfranc741\/wp-content\/uploads\/2023\/09\/Header-300x223.png 300w, https:\/\/acc-france.fr\/accfranc741\/wp-content\/uploads\/2023\/09\/Header-768x572.png 768w\" sizes=\"auto, (max-width: 940px) 100vw, 940px\" \/><\/figure>\n<\/div>\n\n\n<div class=\"wp-block-media-text alignwide is-stacked-on-mobile\"><figure class=\"wp-block-media-text__media\"><img loading=\"lazy\" decoding=\"async\" width=\"940\" height=\"788\" src=\"https:\/\/acc-france.fr\/accfranc741\/wp-content\/uploads\/2024\/01\/Masterclass-2401.png\" alt=\"\" class=\"wp-image-1895 size-full\" srcset=\"https:\/\/acc-france.fr\/accfranc741\/wp-content\/uploads\/2024\/01\/Masterclass-2401.png 940w, https:\/\/acc-france.fr\/accfranc741\/wp-content\/uploads\/2024\/01\/Masterclass-2401-300x251.png 300w, https:\/\/acc-france.fr\/accfranc741\/wp-content\/uploads\/2024\/01\/Masterclass-2401-768x644.png 768w\" sizes=\"auto, (max-width: 940px) 100vw, 940px\" \/><\/figure><div class=\"wp-block-media-text__content\">\n<p>OUI !&nbsp; La Masterclass \u201cMe reconnecter avec mon Enfant Int\u00e9rieur\u201d revient.&nbsp; Ev\u00e9nement annuel, c\u2019est LE moment pour aller plus loin et poser des actes concrets !<\/p>\n\n\n\n<p>Sur trois sessions je vous propose d\u2019explorer :&nbsp;<\/p>\n\n\n\n<ul class=\"wp-block-list\">\n<li>ce qui vous \u2018pousse\u2019 parfois \u00e0 agir de mani\u00e8re inappropri\u00e9e,&nbsp;<\/li>\n\n\n\n<li>comment vous reconnecter et \u00e9couter cette partie de vous qui est bloqu\u00e9e \u00e0 l\u2019\u00e2ge de la blessure&nbsp;<\/li>\n\n\n\n<li>comment parler de mani\u00e8re aimante et protectrice \u00e0 votre Enfant Int\u00e9rieur&nbsp;<\/li>\n<\/ul>\n\n\n\n<p>Si cela vous parle, inscrivez-vous puis rejoignez-nous du 30 janvier au 1er f\u00e9vrier.<\/p>\n\n\n\n<p>Replays disponibles pour les personnes inscrites.<\/p>\n\n\n\n<p class=\"has-medium-font-size\">Renseignements et inscriptions :<\/p>\n\n\n\n<p><a href=\"https:\/\/www.relationsplusjustes.fr\/masterclass\" target=\"_blank\" rel=\"noreferrer noopener\">https:\/\/www.relationsplusjustes.fr\/masterclass<\/a><\/p>\n<\/div><\/div>\n\n\n\n<hr class=\"wp-block-separator has-alpha-channel-opacity\"\/>\n","protected":false},"excerpt":{"rendered":"","protected":false},"author":1,"featured_media":0,"parent":0,"menu_order":0,"comment_status":"closed","ping_status":"closed","template":"","meta":{"footnotes":""},"class_list":["post-1478","page","type-page","status-publish","hentry"],"_links":{"self":[{"href":"https:\/\/acc-france.fr\/accfranc741\/index.php?rest_route=\/wp\/v2\/pages\/1478","targetHints":{"allow":["GET"]}}],"collection":[{"href":"https:\/\/acc-france.fr\/accfranc741\/index.php?rest_route=\/wp\/v2\/pages"}],"about":[{"href":"https:\/\/acc-france.fr\/accfranc741\/index.php?rest_route=\/wp\/v2\/types\/page"}],"author":[{"embeddable":true,"href":"https:\/\/acc-france.fr\/accfranc741\/index.php?rest_route=\/wp\/v2\/users\/1"}],"replies":[{"embeddable":true,"href":"https:\/\/acc-france.fr\/accfranc741\/index.php?rest_route=%2Fwp%2Fv2%2Fcomments&post=1478"}],"version-history":[{"count":9,"href":"https:\/\/acc-france.fr\/accfranc741\/index.php?rest_route=\/wp\/v2\/pages\/1478\/revisions"}],"predecessor-version":[{"id":1897,"href":"https:\/\/acc-france.fr\/accfranc741\/index.php?rest_route=\/wp\/v2\/pages\/1478\/revisions\/1897"}],"wp:attachment":[{"href":"https:\/\/acc-france.fr\/accfranc741\/index.php?rest_route=%2Fwp%2Fv2%2Fmedia&parent=1478"}],"curies":[{"name":"wp","href":"https:\/\/api.w.org\/{rel}","templated":true}]}}