{"id":148,"date":"2020-12-26T18:38:20","date_gmt":"2020-12-26T17:38:20","guid":{"rendered":"http:\/\/acc-france.fr\/accfranc741\/?page_id=148"},"modified":"2026-03-29T16:45:40","modified_gmt":"2026-03-29T14:45:40","slug":"formations","status":"publish","type":"page","link":"https:\/\/acc-france.fr\/accfranc741\/?page_id=148","title":{"rendered":"Formations"},"content":{"rendered":"<div class=\"wp-block-image\">\n<figure class=\"aligncenter size-large is-resized\"><img loading=\"lazy\" decoding=\"async\" width=\"1024\" height=\"576\" src=\"https:\/\/acc-france.fr\/accfranc741\/wp-content\/uploads\/2020\/12\/20200818_104750-scaled-e1609109614740-1024x576.jpg\" alt=\"\" class=\"wp-image-251\" style=\"width:512px;height:288px\" srcset=\"https:\/\/acc-france.fr\/accfranc741\/wp-content\/uploads\/2020\/12\/20200818_104750-scaled-e1609109614740-1024x576.jpg 1024w, https:\/\/acc-france.fr\/accfranc741\/wp-content\/uploads\/2020\/12\/20200818_104750-scaled-e1609109614740-300x169.jpg 300w, https:\/\/acc-france.fr\/accfranc741\/wp-content\/uploads\/2020\/12\/20200818_104750-scaled-e1609109614740-768x432.jpg 768w, https:\/\/acc-france.fr\/accfranc741\/wp-content\/uploads\/2020\/12\/20200818_104750-scaled-e1609109614740-1536x864.jpg 1536w, https:\/\/acc-france.fr\/accfranc741\/wp-content\/uploads\/2020\/12\/20200818_104750-scaled-e1609109614740-2048x1152.jpg 2048w\" sizes=\"auto, (max-width: 1024px) 100vw, 1024px\" \/><\/figure>\n<\/div>\n\n\n<p class=\"has-text-align-center has-text-color has-large-font-size\" style=\"color:#212750\"><strong>Liste des organismes de formation en relation d&rsquo;aide reconnus par l&rsquo;ACC<\/strong><\/p>\n\n\n\n<hr class=\"wp-block-separator has-css-opacity\"\/>\n\n\n\n<figure class=\"wp-block-table is-style-stripes\"><table><tbody><tr><td><strong>EMPREINTE<\/strong><\/td><td><strong>556, Avenue du Puits Vieux<br>30121 MUS<\/strong><\/td><td><strong>+33 (0) 4 66 35 29 15<\/strong><\/td><td><a href=\"https:\/\/empreinte-formations.fr\/\" target=\"_blank\" rel=\"noreferrer noopener\">Empreinte Formations<\/a><br><\/td><\/tr><tr><td><strong>FAMILLE JE T&rsquo;AIME<\/strong><\/td><td><strong>10 rue de Murbach<br>68530 BUHL<\/strong><\/td><td><strong>+33 (0) 3 89 62 10 11<\/strong><\/td><td><a href=\"http:\/\/famillejetaime.com\/\" target=\"_blank\" rel=\"noreferrer noopener\">Famille je t&rsquo;aime<\/a><\/td><\/tr><tr><td><strong>Formation FERACPA<\/strong><br>en cours de validation<\/td><td><strong>Association FERACPA<br>Route des Plantaz 1<br>CH &#8211; 1442 MONTAGNY<\/strong><\/td><td><strong>+41 (0) 24 445 56 01<\/strong><\/td><td><a href=\"https:\/\/www.feracpa.org\/\" target=\"_blank\" rel=\"noreferrer noopener\">Feracpa<\/a><\/td><\/tr><tr><td><strong>Mission Vie et Famille<\/strong><br>en cours de validation<\/td><td><\/td><td><a href=\"https:\/\/www.missionvietfamille.com\/contact\">Contact<\/a><\/td><td><a href=\"https:\/\/www.missionvietfamille.com\/\">Accueil<\/a><\/td><\/tr><\/tbody><\/table><\/figure>\n\n\n\n<p class=\"has-text-align-center has-text-color\" style=\"color:#212750\"><strong>Les organismes list\u00e9s ci-dessus sont reconnus pour les deux tiers des modules (soit 266 heures) du \u00ab&nbsp;cursus conseiller&nbsp;\u00bb. Les autres organismes de formation \u00e0 la relation d\u2019aide, non reconnus par l\u2019ACC-France, permettent la validation du tiers des modules du \u00ab&nbsp;cursus conseiller&nbsp;\u00bb (soit 134 heures).<\/strong><\/p>\n\n\n\n<div style=\"height:40px\" aria-hidden=\"true\" class=\"wp-block-spacer\"><\/div>\n\n\n\n<div class=\"wp-block-buttons is-content-justification-center is-layout-flex wp-container-core-buttons-is-layout-16018d1d wp-block-buttons-is-layout-flex\">\n<div class=\"wp-block-button\"><a class=\"wp-block-button__link has-background wp-element-button\" href=\"https:\/\/acc-france.fr\/accfranc741\/?page_id=841\" style=\"background-color:#272150\">Accr\u00e9ditation des formations<\/a><\/div>\n<\/div>\n\n\n\n<hr class=\"wp-block-separator has-css-opacity\"\/>\n\n\n\n<p class=\"has-text-align-center has-text-color\" style=\"color:#212750\"><strong><br>Si vous \u00eates formateurs et que vous souhaitez faire reconna\u00eetre vos formations \u00e0 la relation d\u2019aide, merci de contacter directement l\u2019ACC.<\/strong><\/p>\n\n\n\n<hr class=\"wp-block-separator has-css-opacity\"\/>\n\n\n\n<figure class=\"wp-block-table is-style-stripes\"><table><thead><tr><th class=\"has-text-align-center\" data-align=\"center\"><\/th><\/tr><\/thead><tbody><tr><td class=\"has-text-align-center\" data-align=\"center\"><br><strong><mark style=\"background-color:rgba(0, 0, 0, 0);color:#272150\" class=\"has-inline-color\">Validation des formateurs<\/mark><\/strong><\/td><\/tr><\/tbody><\/table><\/figure>\n\n\n\n<figure class=\"wp-block-table is-style-stripes\"><table><tbody><tr><td class=\"has-text-align-center\" data-align=\"center\"><strong><mark style=\"background-color:rgba(0, 0, 0, 0);color:#272150\" class=\"has-inline-color\">L\u2019ACC d\u00e9livre une reconnaissance de formateur aux personnes enseignant des th\u00e8mes pr\u00e9cis requis dans le cursus d\u2019<a rel=\"noreferrer noopener\" href=\"https:\/\/acc-france.fr\/accfranc741\/?page_id=174\" target=\"_blank\">\u00c9coutant<\/a> ou de <a rel=\"noreferrer noopener\" href=\"https:\/\/acc-france.fr\/accfranc741\/?page_id=177\" target=\"_blank\">Conseiller<\/a> en relation d\u2019aide chr\u00e9tienne.<br>Un formateur peut \u00eatre valid\u00e9 comme dispensant une formation reconnue par l\u2019ACC.<br>Pour ce faire, le formateur devra fournir un Curriculum Vitae pr\u00e9sentant son cursus ainsi qu\u2019un plan d\u00e9taill\u00e9 des cours qu\u2019il dispense.<br>De m\u00eame, il lui sera demand\u00e9 de signer la Confession de Foi et le <a rel=\"noreferrer noopener\" href=\"https:\/\/acc-france.fr\/accfranc741\/?page_id=484\" target=\"_blank\">Code Ethique<\/a>.<br>Pour devenir membres de l\u2019ACC, les formateurs doivent demander l\u2019accr\u00e9ditation \u00ab conseiller \u00bb.<\/mark><\/strong><\/td><\/tr><\/tbody><\/table><\/figure>\n\n\n\n<hr class=\"wp-block-separator has-css-opacity\"\/>\n\n\n\n<div class=\"wp-block-columns is-layout-flex wp-container-core-columns-is-layout-9d6595d7 wp-block-columns-is-layout-flex\">\n<div class=\"wp-block-column is-layout-flow wp-block-column-is-layout-flow\" style=\"flex-basis:100%\"><div class=\"wp-block-image\">\n<figure class=\"aligncenter size-large is-resized\"><img loading=\"lazy\" decoding=\"async\" width=\"1024\" height=\"473\" src=\"https:\/\/acc-france.fr\/accfranc741\/wp-content\/uploads\/2020\/12\/20191005_165310-1024x473.jpg\" alt=\"\" class=\"wp-image-227\" style=\"width:512px;height:237px\" srcset=\"https:\/\/acc-france.fr\/accfranc741\/wp-content\/uploads\/2020\/12\/20191005_165310-1024x473.jpg 1024w, https:\/\/acc-france.fr\/accfranc741\/wp-content\/uploads\/2020\/12\/20191005_165310-300x139.jpg 300w, https:\/\/acc-france.fr\/accfranc741\/wp-content\/uploads\/2020\/12\/20191005_165310-768x355.jpg 768w, https:\/\/acc-france.fr\/accfranc741\/wp-content\/uploads\/2020\/12\/20191005_165310-1536x709.jpg 1536w, https:\/\/acc-france.fr\/accfranc741\/wp-content\/uploads\/2020\/12\/20191005_165310-2048x946.jpg 2048w\" sizes=\"auto, (max-width: 1024px) 100vw, 1024px\" \/><\/figure>\n<\/div><\/div>\n<\/div>\n\n\n\n<h2 class=\"wp-block-heading has-text-align-center has-text-color\" id=\"liste-des-formateurs-reconnus-par-l-acc\" style=\"color:#20284f\"><strong><em><strong>Liste des formateurs reconnus par l&rsquo;ACC<\/strong><\/em><\/strong><\/h2>\n\n\n\n<p class=\"has-text-align-center has-text-color has-medium-font-size\" style=\"color:#20284f\">Chaque formateur dans la liste ci-apr\u00e8s est reconnu par l\u2019ACC pour valider un ou plusieurs modules des formations \u00c9coutant et Conseiller, jusqu\u2019\u00e0 un maximum de deux tiers du dossier.<br>Pour plus de renseignements au sujet des modules pouvant \u00eatre valid\u00e9s, merci de vous adresser directement aux formateurs concern\u00e9s ou de consulter les sites web des associations qu\u2019ils repr\u00e9sentent.<\/p>\n\n\n\n<figure class=\"wp-block-table alignleft is-style-stripes\"><table><tbody><tr><td class=\"has-text-align-left\" data-align=\"left\">Nom<\/td><td class=\"has-text-align-left\" data-align=\"left\">Pr\u00e9nom<\/td><td class=\"has-text-align-left\" data-align=\"left\">Mail<\/td><td class=\"has-text-align-left\" data-align=\"left\">Site web<\/td><\/tr><tr><td class=\"has-text-align-left\" data-align=\"left\"><strong>BARONCINI<\/strong><\/td><td class=\"has-text-align-left\" data-align=\"left\"><strong>Agn\u00e8s<\/strong><\/td><td class=\"has-text-align-left\" data-align=\"left\"><a rel=\"noreferrer noopener\" target=\"_blank\" href=\"mailto:baroncinia@gmail.com\">baroncinia@gmail.com<\/a><\/td><td class=\"has-text-align-left\" data-align=\"left\"><a href=\"http:\/\/famillejetaime.com\/\">Famille Je t&rsquo;Aime<\/a><\/td><\/tr><tr><td class=\"has-text-align-left\" data-align=\"left\"><strong>COURTET<\/strong><\/td><td class=\"has-text-align-left\" data-align=\"left\"><strong>Marie-Th\u00e9r\u00e8se<\/strong><\/td><td class=\"has-text-align-left\" data-align=\"left\"><a rel=\"noreferrer noopener\" target=\"_blank\" href=\"mailto:mthc@orange.fr\">mthc@orange.fr<\/a>&nbsp;<\/td><td class=\"has-text-align-left\" data-align=\"left\"><\/td><\/tr><tr><td class=\"has-text-align-left\" data-align=\"left\"><strong>HOAREAU<\/strong><\/td><td class=\"has-text-align-left\" data-align=\"left\"><strong>G\u00e9rard<\/strong><\/td><td class=\"has-text-align-left\" data-align=\"left\"><a rel=\"noreferrer noopener\" target=\"_blank\" href=\"mailto:gerard.hoareau@missionvietfamille.com\">gerard.hoareau@missionvietfamille.com<\/a>&nbsp;<\/td><td class=\"has-text-align-left\" data-align=\"left\"><a rel=\"noreferrer noopener\" href=\"https:\/\/www.missionvietfamille.com\/\" target=\"_blank\">AFP &#8211; Mission Vie et Famille<\/a><\/td><\/tr><tr><td class=\"has-text-align-left\" data-align=\"left\"><strong>HOAREAU<\/strong><\/td><td class=\"has-text-align-left\" data-align=\"left\"><strong>Martine<\/strong><\/td><td class=\"has-text-align-left\" data-align=\"left\"><a rel=\"noreferrer noopener\" target=\"_blank\" href=\"mailto:martinelegalhoareau@gmail.com\">martinelegalhoareau@gmail.com<\/a><\/td><td class=\"has-text-align-left\" data-align=\"left\"><\/td><\/tr><tr><td class=\"has-text-align-left\" data-align=\"left\"><strong>KASEMIERCZAK<\/strong><\/td><td class=\"has-text-align-left\" data-align=\"left\"><strong>Jean-Pierre<\/strong><\/td><td class=\"has-text-align-left\" data-align=\"left\"><a rel=\"noreferrer noopener\" target=\"_blank\" href=\"mailto:jpkasmi@gmail.com\">jpkasmi@gmail.com<\/a><\/td><td class=\"has-text-align-left\" data-align=\"left\"><a rel=\"noreferrer noopener\" href=\"http:\/\/laparenthese59.free.fr\/\" target=\"_blank\">La parenthese<\/a><\/td><\/tr><tr><td class=\"has-text-align-left\" data-align=\"left\"><strong>KASEMIERCZAK<\/strong><\/td><td class=\"has-text-align-left\" data-align=\"left\"><strong>Dolor\u00e8s<\/strong><\/td><td class=\"has-text-align-left\" data-align=\"left\"><a rel=\"noreferrer noopener\" target=\"_blank\" href=\"mailto:doloreskas07@gmail.com\">doloreskas07@gmail.com<\/a><\/td><td class=\"has-text-align-left\" data-align=\"left\"><\/td><\/tr><tr><td class=\"has-text-align-left\" data-align=\"left\"><strong>KERIMIAN<\/strong><\/td><td class=\"has-text-align-left\" data-align=\"left\"><strong>Ago<\/strong><\/td><td class=\"has-text-align-left\" data-align=\"left\"><a rel=\"noreferrer noopener\" target=\"_blank\" href=\"mailto:scm-medinord@wanadoo.fr\">scm-medinord@wanadoo.fr<\/a><\/td><td class=\"has-text-align-left\" data-align=\"left\"><\/td><\/tr><tr><td class=\"has-text-align-left\" data-align=\"left\"><strong>KERIMIAN<\/strong><\/td><td class=\"has-text-align-left\" data-align=\"left\"><strong>Astrig<\/strong><\/td><td class=\"has-text-align-left\" data-align=\"left\"><a rel=\"noreferrer noopener\" target=\"_blank\" href=\"mailto:astrig.kerimian@orange.fr\">astrig.kerimian@orange.fr<\/a><\/td><td class=\"has-text-align-left\" data-align=\"left\"><\/td><\/tr><tr><td class=\"has-text-align-left\" data-align=\"left\"><strong>KOUYOUMDJIAN<\/strong><\/td><td class=\"has-text-align-left\" data-align=\"left\"><strong>Charles<\/strong><\/td><td class=\"has-text-align-left\" data-align=\"left\"><a rel=\"noreferrer noopener\" target=\"_blank\" href=\"mailto:charleskou13@gmail.com\">charleskou13@gmail.com<\/a><\/td><td class=\"has-text-align-left\" data-align=\"left\"><\/td><\/tr><tr><td class=\"has-text-align-left\" data-align=\"left\"><strong>LAUCHER<\/strong><\/td><td class=\"has-text-align-left\" data-align=\"left\"><strong>Agn\u00e8s <\/strong><\/td><td class=\"has-text-align-left\" data-align=\"left\"><a href=\"mailto:agnes.laucher@gmail.com\" target=\"_blank\" rel=\"noreferrer noopener\">agnes.laucher@gmail.com<\/a><\/td><td class=\"has-text-align-left\" data-align=\"left\"><\/td><\/tr><tr><td class=\"has-text-align-left\" data-align=\"left\"><strong>MILLEMANN<\/strong><\/td><td class=\"has-text-align-left\" data-align=\"left\"><strong>Isabelle<\/strong><\/td><td class=\"has-text-align-left\" data-align=\"left\"><a rel=\"noreferrer noopener\" target=\"_blank\" href=\"mailto:i.millemann@gmail.com\">i.millemann@gmail.com<\/a><\/td><td class=\"has-text-align-left\" data-align=\"left\"><\/td><\/tr><tr><td class=\"has-text-align-left\" data-align=\"left\"><strong>MILLEMANN<\/strong><\/td><td class=\"has-text-align-left\" data-align=\"left\"><strong>Paul<\/strong><\/td><td class=\"has-text-align-left\" data-align=\"left\"><a rel=\"noreferrer noopener\" target=\"_blank\" href=\"mailto:Paul.millemann@gmail.com\">Paul.millemann@gmail.com<\/a><\/td><td class=\"has-text-align-left\" data-align=\"left\"><\/td><\/tr><tr><td class=\"has-text-align-left\" data-align=\"left\"><strong>PASQUIER<\/strong><\/td><td class=\"has-text-align-left\" data-align=\"left\"><strong>Jean-Louis<\/strong><\/td><td class=\"has-text-align-left\" data-align=\"left\"><a rel=\"noreferrer noopener\" target=\"_blank\" href=\"mailto:jlch.pasquier@orange.fr\">jlch.pasquier@orange.fr<\/a><\/td><td class=\"has-text-align-left\" data-align=\"left\"><\/td><\/tr><tr><td class=\"has-text-align-left\" data-align=\"left\"><strong>PASQUIER<\/strong><\/td><td class=\"has-text-align-left\" data-align=\"left\"><strong>Christine<\/strong><\/td><td class=\"has-text-align-left\" data-align=\"left\"><a rel=\"noreferrer noopener\" target=\"_blank\" href=\"mailto:coach.christine@orange.fr\">coach.christine@orange.fr<\/a><\/td><td class=\"has-text-align-left\" data-align=\"left\"><\/td><\/tr><tr><td class=\"has-text-align-left\" data-align=\"left\"><strong>POUJOL<\/strong><\/td><td class=\"has-text-align-left\" data-align=\"left\"><strong>Jacques<\/strong><\/td><td class=\"has-text-align-left\" data-align=\"left\"><a rel=\"noreferrer noopener\" target=\"_blank\" href=\"mailto:jacquespoujol@hotmail.fr\">jacquespoujol@hotmail.fr<\/a><\/td><td class=\"has-text-align-left\" data-align=\"left\"><a rel=\"noreferrer noopener\" href=\"https:\/\/relation-aide.com\/\" target=\"_blank\">Relation-aide<\/a><\/td><\/tr><tr><td class=\"has-text-align-left\" data-align=\"left\"><strong>SIVAGER<\/strong><\/td><td class=\"has-text-align-left\" data-align=\"left\"><strong>Andr\u00e9<\/strong><\/td><td class=\"has-text-align-left\" data-align=\"left\"><a rel=\"noreferrer noopener\" target=\"_blank\" href=\"mailto:legoffsivager@gmail.com\">legoffsivager@gmail.com<\/a><\/td><td class=\"has-text-align-left\" data-align=\"left\"><br><\/td><\/tr><tr><td class=\"has-text-align-left\" data-align=\"left\"><strong>STUART<\/strong><\/td><td class=\"has-text-align-left\" data-align=\"left\"><strong>Patricia<\/strong><\/td><td class=\"has-text-align-left\" data-align=\"left\"><a rel=\"noreferrer noopener\" target=\"_blank\" href=\"mailto:patricia.stuart@crossworld.org\">patricia.stuart@crossworld.org<\/a><\/td><td class=\"has-text-align-left\" data-align=\"left\"><a rel=\"noreferrer noopener\" href=\"http:\/\/famillejetaime.com\/\" target=\"_blank\">Famille je t&rsquo;aime<\/a><\/td><\/tr><tr><td class=\"has-text-align-left\" data-align=\"left\"><strong>STUART<\/strong><\/td><td class=\"has-text-align-left\" data-align=\"left\"><strong>Walter<\/strong><\/td><td class=\"has-text-align-left\" data-align=\"left\"><a rel=\"noreferrer noopener\" target=\"_blank\" href=\"mailto:walt.stuart@crossworld.org\">walt.stuart@crossworld.org<\/a>&nbsp;<\/td><td class=\"has-text-align-left\" data-align=\"left\"><a rel=\"noreferrer noopener\" href=\"http:\/\/famillejetaime.com\/\" target=\"_blank\">Famille je t&rsquo;aime<\/a><\/td><\/tr><tr><td class=\"has-text-align-left\" data-align=\"left\"><strong>VAN DEN HOGEN<\/strong><\/td><td class=\"has-text-align-left\" data-align=\"left\"><strong>Beryl<\/strong><\/td><td class=\"has-text-align-left\" data-align=\"left\"><a href=\"mailto:bvandenhogen@hotmail.com\">bvandenhogen@hotmail.com<\/a><\/td><td class=\"has-text-align-left\" data-align=\"left\"><\/td><\/tr><tr><td class=\"has-text-align-left\" data-align=\"left\"><strong>VAN DEN HOGEN<\/strong><\/td><td class=\"has-text-align-left\" data-align=\"left\"><strong>John<\/strong><\/td><td class=\"has-text-align-left\" data-align=\"left\"><a rel=\"noreferrer noopener\" target=\"_blank\" href=\"mailto:jvandenhogen@free.fr\">jvandenhogen@free.fr<\/a><\/td><td class=\"has-text-align-left\" data-align=\"left\"><\/td><\/tr><tr><td class=\"has-text-align-left\" data-align=\"left\"><strong>WARD<\/strong><\/td><td class=\"has-text-align-left\" data-align=\"left\"><strong>Jonathan<\/strong><\/td><td class=\"has-text-align-left\" data-align=\"left\"><a rel=\"noreferrer noopener\" target=\"_blank\" href=\"mailto:jonathan.ward.france@gmail.com\">jonathan.ward.france@gmail.com<\/a><\/td><td class=\"has-text-align-left\" data-align=\"left\"><\/td><\/tr><\/tbody><\/table><\/figure>\n","protected":false},"excerpt":{"rendered":"<p>Liste des organismes de formation en relation d&rsquo;aide reconnus par l&rsquo;ACC EMPREINTE 556, Avenue du Puits Vieux30121 MUS +33 (0) 4 66 35 29 15 Empreinte Formations FAMILLE JE T&rsquo;AIME 10 rue de Murbach68530 BUHL +33 (0) 3 89 62 10 11 Famille je t&rsquo;aime Formation FERACPAen cours de validation Association FERACPARoute des Plantaz 1CH<\/p><\/div>\n<div class=\"blog-btn\"><a href=\"https:\/\/acc-france.fr\/accfranc741\/?page_id=148\" class=\"home-blog-btn\">Lire la suite<\/a><\/p>\n","protected":false},"author":1,"featured_media":0,"parent":0,"menu_order":0,"comment_status":"closed","ping_status":"closed","template":"","meta":{"footnotes":""},"class_list":["post-148","page","type-page","status-publish","hentry"],"_links":{"self":[{"href":"https:\/\/acc-france.fr\/accfranc741\/index.php?rest_route=\/wp\/v2\/pages\/148","targetHints":{"allow":["GET"]}}],"collection":[{"href":"https:\/\/acc-france.fr\/accfranc741\/index.php?rest_route=\/wp\/v2\/pages"}],"about":[{"href":"https:\/\/acc-france.fr\/accfranc741\/index.php?rest_route=\/wp\/v2\/types\/page"}],"author":[{"embeddable":true,"href":"https:\/\/acc-france.fr\/accfranc741\/index.php?rest_route=\/wp\/v2\/users\/1"}],"replies":[{"embeddable":true,"href":"https:\/\/acc-france.fr\/accfranc741\/index.php?rest_route=%2Fwp%2Fv2%2Fcomments&post=148"}],"version-history":[{"count":49,"href":"https:\/\/acc-france.fr\/accfranc741\/index.php?rest_route=\/wp\/v2\/pages\/148\/revisions"}],"predecessor-version":[{"id":2331,"href":"https:\/\/acc-france.fr\/accfranc741\/index.php?rest_route=\/wp\/v2\/pages\/148\/revisions\/2331"}],"wp:attachment":[{"href":"https:\/\/acc-france.fr\/accfranc741\/index.php?rest_route=%2Fwp%2Fv2%2Fmedia&parent=148"}],"curies":[{"name":"wp","href":"https:\/\/api.w.org\/{rel}","templated":true}]}}