{"id":1501,"date":"2022-01-29T17:18:56","date_gmt":"2022-01-29T16:18:56","guid":{"rendered":"https:\/\/acc-france.fr\/accfranc741\/?page_id=1501"},"modified":"2024-07-15T19:36:14","modified_gmt":"2024-07-15T17:36:14","slug":"cultiver-la-vie-vienne-38","status":"publish","type":"page","link":"https:\/\/acc-france.fr\/accfranc741\/?page_id=1501","title":{"rendered":"Cultiver la Vie &#8211; Vienne (38)"},"content":{"rendered":"<div class=\"wp-block-image\">\n<figure class=\"aligncenter size-full\"><img loading=\"lazy\" decoding=\"async\" width=\"513\" height=\"276\" src=\"https:\/\/acc-france.fr\/accfranc741\/wp-content\/uploads\/2022\/09\/Cultiver-la-Vie.jpg\" alt=\"\" class=\"wp-image-1625\" srcset=\"https:\/\/acc-france.fr\/accfranc741\/wp-content\/uploads\/2022\/09\/Cultiver-la-Vie.jpg 513w, https:\/\/acc-france.fr\/accfranc741\/wp-content\/uploads\/2022\/09\/Cultiver-la-Vie-300x161.jpg 300w\" sizes=\"auto, (max-width: 513px) 100vw, 513px\" \/><\/figure>\n<\/div>\n\n\n<hr class=\"wp-block-separator has-alpha-channel-opacity\"\/>\n\n\n\n<div class=\"wp-block-media-text is-stacked-on-mobile\"><figure class=\"wp-block-media-text__media\"><img loading=\"lazy\" decoding=\"async\" width=\"985\" height=\"560\" src=\"https:\/\/acc-france.fr\/accfranc741\/wp-content\/uploads\/2024\/07\/Les-limites-1.jpg\" alt=\"\" class=\"wp-image-1962 size-full\" srcset=\"https:\/\/acc-france.fr\/accfranc741\/wp-content\/uploads\/2024\/07\/Les-limites-1.jpg 985w, https:\/\/acc-france.fr\/accfranc741\/wp-content\/uploads\/2024\/07\/Les-limites-1-300x171.jpg 300w, https:\/\/acc-france.fr\/accfranc741\/wp-content\/uploads\/2024\/07\/Les-limites-1-768x437.jpg 768w\" sizes=\"auto, (max-width: 985px) 100vw, 985px\" \/><\/figure><div class=\"wp-block-media-text__content\">\n<p><strong>FORMATION LIMITES en LIGNE ou \u00e0 GENEVE \u00e0 partir de septembre 2024<\/strong><\/p>\n\n\n\n<p>Cette formation est r\u00e9serv\u00e9e \u00e0 un public chr\u00e9tien avec une approche psycho-spirituelle.<\/p>\n\n\n\n<p><strong>ACCREDITATION&nbsp;\u2b07<\/strong><\/p>\n\n\n\n<p>Cette formation\u00a0<strong>est accr\u00e9dit\u00e9e par l\u2019ACC France<\/strong>\u00a0et peut compl\u00e9ter le cursus pour devenir conseiller en relation d\u2019aide.<\/p>\n\n\n\n<p><strong>FORMATEURS : \u00a0Christine et Jean-Louis PASQUIER<\/strong><\/p>\n\n\n\n<p><a href=\"https:\/\/www.cultiver-la-vie.fr\/event-details\/les-limites\">Les limites | Cultiver la vie (cultiver-la-vie.fr)<\/a><\/p>\n<\/div><\/div>\n\n\n\n<hr class=\"wp-block-separator has-alpha-channel-opacity\"\/>\n\n\n\n<p><strong>Mail\u00a0: <\/strong><a href=\"mailto:coach.christine@orange.fr\"><strong>coach.christine@orange.fr<\/strong><\/a><strong> \/ T\u00e9l\u00a0: 07 87 29 73 09<\/strong><\/p>\n\n\n\n<p><strong>Site web : <\/strong><a href=\"http:\/\/www.cultiver-la-vie.fr\" target=\"_blank\" rel=\"noreferrer noopener\"><strong>www.cultiver-la-vie.fr<\/strong><\/a><\/p>\n\n\n\n<p><strong>Coh\u00e9rence cardiaque&nbsp;pour les adultes<\/strong><\/p>\n\n\n\n<ul class=\"wp-block-list\">\n<li>Consultation individuelle avec logiciel de cardio-feedback<\/li>\n\n\n\n<li>Ateliers groupes<\/li>\n<\/ul>\n\n\n\n<p><a href=\"https:\/\/www.cultiver-la-vie.fr\/coherencecardiaque\" target=\"_blank\" rel=\"noreferrer noopener\">https:\/\/www.cultiver-la-vie.fr\/coherencecardiaque<\/a><\/p>\n\n\n\n<p><strong>Coh\u00e9rence cardiaque pour les enfants<\/strong><\/p>\n\n\n\n<p><a href=\"https:\/\/www.cultiver-la-vie.fr\/coherence-cardiaque-enfants\" target=\"_blank\" rel=\"noreferrer noopener\">https:\/\/www.cultiver-la-vie.fr\/coherence-cardiaque-enfants<\/a><\/p>\n\n\n\n<p><strong>Coaching et relation d\u2019aide<\/strong><\/p>\n\n\n\n<p><a href=\"https:\/\/www.cultiver-la-vie.fr\/accompagnement\">https:\/\/www.cultiver-la-vie.fr\/accompagnement<\/a><\/p>\n\n\n\n<p><strong>Formations<\/strong><\/p>\n\n\n\n<p>D\u00e9veloppement personnel, relations, stress et \u00e9motions, pr\u00e9vention du burn out, sevrage tabagique<\/p>\n\n\n\n<p><a href=\"https:\/\/www.cultiver-la-vie.fr\/formations\" target=\"_blank\" rel=\"noreferrer noopener\">https:\/\/www.cultiver-la-vie.fr\/formations<\/a><\/p>\n\n\n\n<p><strong>S\u00e9jour G\u00eete avec ou sans accompagnement coaching, relation d\u2019aide<\/strong><\/p>\n\n\n\n<p><strong>et pri\u00e8re<\/strong><\/p>\n\n\n\n<p>Bilan de vie, transition, nouveau projet, ressourcement, d\u00e9veloppement personnel \u2026.<\/p>\n\n\n\n<p><a href=\"https:\/\/www.cultiver-la-vie.fr\/gite\" target=\"_blank\" rel=\"noreferrer noopener\">https:\/\/www.cultiver-la-vie.fr\/gite<\/a><\/p>\n\n\n\n<figure class=\"wp-block-image size-full\"><img loading=\"lazy\" decoding=\"async\" width=\"898\" height=\"425\" src=\"https:\/\/acc-france.fr\/accfranc741\/wp-content\/uploads\/2022\/09\/Cultiver-la-Vie2.jpg\" alt=\"\" class=\"wp-image-1627\" srcset=\"https:\/\/acc-france.fr\/accfranc741\/wp-content\/uploads\/2022\/09\/Cultiver-la-Vie2.jpg 898w, https:\/\/acc-france.fr\/accfranc741\/wp-content\/uploads\/2022\/09\/Cultiver-la-Vie2-300x142.jpg 300w, https:\/\/acc-france.fr\/accfranc741\/wp-content\/uploads\/2022\/09\/Cultiver-la-Vie2-768x363.jpg 768w\" sizes=\"auto, (max-width: 898px) 100vw, 898px\" \/><\/figure>\n","protected":false},"excerpt":{"rendered":"<p>FORMATION LIMITES en LIGNE ou \u00e0 GENEVE \u00e0 partir de septembre 2024 Cette formation est r\u00e9serv\u00e9e \u00e0 un public chr\u00e9tien avec une approche psycho-spirituelle. ACCREDITATION&nbsp;\u2b07 Cette formation\u00a0est accr\u00e9dit\u00e9e par l\u2019ACC France\u00a0et peut compl\u00e9ter le cursus pour devenir conseiller en relation d\u2019aide. FORMATEURS : \u00a0Christine et Jean-Louis PASQUIER Les limites | Cultiver la vie (cultiver-la-vie.fr) Mail\u00a0:<\/p><\/div>\n<div class=\"blog-btn\"><a href=\"https:\/\/acc-france.fr\/accfranc741\/?page_id=1501\" class=\"home-blog-btn\">Lire la suite<\/a><\/p>\n","protected":false},"author":1,"featured_media":0,"parent":0,"menu_order":0,"comment_status":"closed","ping_status":"closed","template":"","meta":{"footnotes":""},"class_list":["post-1501","page","type-page","status-publish","hentry"],"_links":{"self":[{"href":"https:\/\/acc-france.fr\/accfranc741\/index.php?rest_route=\/wp\/v2\/pages\/1501","targetHints":{"allow":["GET"]}}],"collection":[{"href":"https:\/\/acc-france.fr\/accfranc741\/index.php?rest_route=\/wp\/v2\/pages"}],"about":[{"href":"https:\/\/acc-france.fr\/accfranc741\/index.php?rest_route=\/wp\/v2\/types\/page"}],"author":[{"embeddable":true,"href":"https:\/\/acc-france.fr\/accfranc741\/index.php?rest_route=\/wp\/v2\/users\/1"}],"replies":[{"embeddable":true,"href":"https:\/\/acc-france.fr\/accfranc741\/index.php?rest_route=%2Fwp%2Fv2%2Fcomments&post=1501"}],"version-history":[{"count":9,"href":"https:\/\/acc-france.fr\/accfranc741\/index.php?rest_route=\/wp\/v2\/pages\/1501\/revisions"}],"predecessor-version":[{"id":1963,"href":"https:\/\/acc-france.fr\/accfranc741\/index.php?rest_route=\/wp\/v2\/pages\/1501\/revisions\/1963"}],"wp:attachment":[{"href":"https:\/\/acc-france.fr\/accfranc741\/index.php?rest_route=%2Fwp%2Fv2%2Fmedia&parent=1501"}],"curies":[{"name":"wp","href":"https:\/\/api.w.org\/{rel}","templated":true}]}}