{"id":155,"date":"2020-12-26T18:39:30","date_gmt":"2020-12-26T17:39:30","guid":{"rendered":"http:\/\/acc-france.fr\/accfranc741\/?page_id=155"},"modified":"2026-04-03T15:14:32","modified_gmt":"2026-04-03T13:14:32","slug":"conferences","status":"publish","type":"page","link":"https:\/\/acc-france.fr\/accfranc741\/?page_id=155","title":{"rendered":"Conf\u00e9rences"},"content":{"rendered":"\n<figure class=\"wp-block-image size-large\"><img loading=\"lazy\" decoding=\"async\" width=\"1024\" height=\"473\" src=\"https:\/\/acc-france.fr\/accfranc741\/wp-content\/uploads\/2020\/12\/20200118_155540-1024x473.jpg\" alt=\"\" class=\"wp-image-230\" srcset=\"https:\/\/acc-france.fr\/accfranc741\/wp-content\/uploads\/2020\/12\/20200118_155540-1024x473.jpg 1024w, https:\/\/acc-france.fr\/accfranc741\/wp-content\/uploads\/2020\/12\/20200118_155540-300x139.jpg 300w, https:\/\/acc-france.fr\/accfranc741\/wp-content\/uploads\/2020\/12\/20200118_155540-768x355.jpg 768w, https:\/\/acc-france.fr\/accfranc741\/wp-content\/uploads\/2020\/12\/20200118_155540-1536x709.jpg 1536w, https:\/\/acc-france.fr\/accfranc741\/wp-content\/uploads\/2020\/12\/20200118_155540-2048x946.jpg 2048w\" sizes=\"auto, (max-width: 1024px) 100vw, 1024px\" \/><\/figure>\n\n\n\n<p class=\"has-text-color\" style=\"color:#272150\">Nous souhaitons que les comp\u00e9tences qui font partie du r\u00e9seau ACC puissent profiter \u00e0 tous ceux et toutes celles qui le souhaitent. Pour cela, nous proposons des conf\u00e9rences sur diff\u00e9rents th\u00e8mes en rapport avec la connaissance de la souffrance de la personnes (angoisses, deuils, souffrance relationnelles, ruptures, souffrances psychiques, mal-\u00eatre&#8230;)<\/p>\n\n\n\n<p class=\"has-text-color\" style=\"color:#272150\">Les ressources de l\u2019ACC reposent non seulement sur des comp\u00e9tences acquises lors de formations universitaires ou des cursus sp\u00e9cifiques \u00e0 une pratique psychoth\u00e9rapeutique, mais \u00e9galement sur de nombreuses ann\u00e9es d\u2019exp\u00e9rience dans l\u2019accompagnement des personnes en souffrances.<\/p>\n\n\n\n<p class=\"has-text-color\" style=\"color:#272150\">Les sp\u00e9cialistes de notre r\u00e9seau (psychologues, m\u00e9decins, psychoth\u00e9rapeutes, ou encore praticiens en RA) sont \u00e0 m\u00eame d\u2019apporter des informations utiles aux responsables en charge d\u2019\u00e9glises ou de groupes chr\u00e9tiens, mais aussi \u00e0 toute personne int\u00e9ress\u00e9e par les sujets propos\u00e9s.<\/p>\n\n\n\n<p class=\"has-text-color\" style=\"color:#272150\">Pour une demande de conf\u00e9rence sur votre secteur, n&rsquo;h\u00e9sitez pas \u00e0 nous contacter :<\/p>\n\n\n\n<p><a href=\"mailto:contacts@acc-france.fr\">contacts@acc-france.fr<\/a><\/p>\n\n\n\n<figure class=\"wp-block-table has-small-font-size\"><table class=\"has-vivid-purple-color has-text-color has-link-color has-fixed-layout\"><tbody><tr><td class=\"has-text-align-center\" data-align=\"center\"><strong>NOM<\/strong><\/td><td class=\"has-text-align-center\" data-align=\"center\"><strong>Pr\u00e9nom<\/strong><\/td><td class=\"has-text-align-center\" data-align=\"center\"><strong>Lieu<\/strong><\/td><td class=\"has-text-align-center\" data-align=\"center\"><strong>Mail<\/strong><\/td><td class=\"has-text-align-center\" data-align=\"center\"><strong>Th\u00e8me propos\u00e9<\/strong><\/td><td>Explication du th\u00e8me<\/td><td>Site internet<\/td><\/tr><tr><td class=\"has-text-align-center\" data-align=\"center\">KASEMIERCZAK<\/td><td class=\"has-text-align-center\" data-align=\"center\">Dolor\u00e8s et J.Pierre<\/td><td class=\"has-text-align-center\" data-align=\"center\">CAMBRAI (59)<\/td><td class=\"has-text-align-center\" data-align=\"center\">laparenthese59@free.fr<\/td><td class=\"has-text-align-center\" data-align=\"center\">Mieux Vivre avec Soi pour Mieux vivre avec l&rsquo;Autre<\/td><td>Compr\u00e9hension de ce qui se vit en soi pour une meilleure relation \u00e0 soi, aux autres et \u00e0 Dieu<\/td><td><a href=\"http:\/\/laparenthese59.free.fr\">laparenthese59.free.fr<\/a><\/td><\/tr><tr><td class=\"has-text-align-center\" data-align=\"center\">HOAREAU<\/td><td class=\"has-text-align-center\" data-align=\"center\">G\u00e9rard et Martine<\/td><td class=\"has-text-align-center\" data-align=\"center\">JOUDES (71)<\/td><td class=\"has-text-align-center\" data-align=\"center\"><a href=\"mailto:contact@chateau-de-joudes.com\">contact@chateau-de-joudes.com<\/a><\/td><td class=\"has-text-align-center\" data-align=\"center\">Les \u00e9crans parlons en<\/td><td>Feuille de route vers la sobri\u00e9t\u00e9 num\u00e9rique <\/td><td><\/td><\/tr><tr><td class=\"has-text-align-center\" data-align=\"center\">JEANSON<\/td><td class=\"has-text-align-center\" data-align=\"center\">Agn\u00e8s<\/td><td class=\"has-text-align-center\" data-align=\"center\">RUE (80)<\/td><td class=\"has-text-align-center\" data-align=\"center\"><a href=\"http:\/\/agn%C3%A8s.jeanson@free.fr\/\">agn\u00e8s.jeanson@free.fr<\/a><\/td><td class=\"has-text-align-center\" data-align=\"center\">Addictions et Alcoolisme &#8211; un autre regard<\/td><td>Agn\u00e8s est m\u00e9decin addictologue et elle nous pr\u00e9sente une compr\u00e9hension de cette souffrance pour mieux l&rsquo;accompagner<\/td><td><\/td><\/tr><tr><td class=\"has-text-align-center\" data-align=\"center\">GONZALEZ<\/td><td class=\"has-text-align-center\" data-align=\"center\">Nathalie<\/td><td class=\"has-text-align-center\" data-align=\"center\">AIMARGUES(30)<\/td><td class=\"has-text-align-center\" data-align=\"center\"><a href=\"mailto:nathaliegonzalez.sf@gmail.com\" target=\"_blank\" rel=\"noreferrer noopener\">nathaliegonzalez.sf@gmail.com<\/a><\/td><td class=\"has-text-align-center\" data-align=\"center\">Cheminer avec de s\u00e9r\u00e9nit\u00e9, de joie et de libert\u00e9 dans la sexualit\u00e9<\/td><td>Nathalie est sage-femme, sexologue et Conseill\u00e8re en RAChr\u00e9tienne accr\u00e9dit\u00e9e<\/td><td><a href=\"https:\/\/godloveandsex.fr\/\">NathalieGonzalez<\/a><\/td><\/tr><tr><td class=\"has-text-align-center\" data-align=\"center\">PASQUIER<\/td><td class=\"has-text-align-center\" data-align=\"center\">Christine et Jean-Louis<\/td><td class=\"has-text-align-center\" data-align=\"center\">VIENNE(38)<\/td><td class=\"has-text-align-center\" data-align=\"center\"><a href=\"mailto:coach.christine@orange.fr\">coach.christine@orange.fr<\/a><br><a href=\"mailto:jlch.pasquier@orange.fr\">jlch.pasquier@orange.fr<\/a><\/td><td class=\"has-text-align-center\" data-align=\"center\">La gestion des \u00e9motions gr\u00e2ce \u00e0 la coh\u00e9rence cardiaque<\/td><td>Christine et Jean-Louis sont Conseillers en Relation d&rsquo;Aide Chr\u00e9tienne accr\u00e9dit\u00e9s et formateurs reconnus par l&rsquo;ACC<\/td><td><\/td><\/tr><\/tbody><\/table><\/figure>\n\n\n\n<p><\/p>\n","protected":false},"excerpt":{"rendered":"<p>Nous souhaitons que les comp\u00e9tences qui font partie du r\u00e9seau ACC puissent profiter \u00e0 tous ceux et toutes celles qui le souhaitent. Pour cela, nous proposons des conf\u00e9rences sur diff\u00e9rents th\u00e8mes en rapport avec la connaissance de la souffrance de la personnes (angoisses, deuils, souffrance relationnelles, ruptures, souffrances psychiques, mal-\u00eatre&#8230;) Les ressources de l\u2019ACC reposent<\/p><\/div>\n<div class=\"blog-btn\"><a href=\"https:\/\/acc-france.fr\/accfranc741\/?page_id=155\" class=\"home-blog-btn\">Lire la suite<\/a><\/p>\n","protected":false},"author":1,"featured_media":0,"parent":0,"menu_order":0,"comment_status":"closed","ping_status":"closed","template":"","meta":{"footnotes":""},"class_list":["post-155","page","type-page","status-publish","hentry"],"_links":{"self":[{"href":"https:\/\/acc-france.fr\/accfranc741\/index.php?rest_route=\/wp\/v2\/pages\/155","targetHints":{"allow":["GET"]}}],"collection":[{"href":"https:\/\/acc-france.fr\/accfranc741\/index.php?rest_route=\/wp\/v2\/pages"}],"about":[{"href":"https:\/\/acc-france.fr\/accfranc741\/index.php?rest_route=\/wp\/v2\/types\/page"}],"author":[{"embeddable":true,"href":"https:\/\/acc-france.fr\/accfranc741\/index.php?rest_route=\/wp\/v2\/users\/1"}],"replies":[{"embeddable":true,"href":"https:\/\/acc-france.fr\/accfranc741\/index.php?rest_route=%2Fwp%2Fv2%2Fcomments&post=155"}],"version-history":[{"count":26,"href":"https:\/\/acc-france.fr\/accfranc741\/index.php?rest_route=\/wp\/v2\/pages\/155\/revisions"}],"predecessor-version":[{"id":2339,"href":"https:\/\/acc-france.fr\/accfranc741\/index.php?rest_route=\/wp\/v2\/pages\/155\/revisions\/2339"}],"wp:attachment":[{"href":"https:\/\/acc-france.fr\/accfranc741\/index.php?rest_route=%2Fwp%2Fv2%2Fmedia&parent=155"}],"curies":[{"name":"wp","href":"https:\/\/api.w.org\/{rel}","templated":true}]}}