{"id":1593,"date":"2022-06-17T10:14:26","date_gmt":"2022-06-17T08:14:26","guid":{"rendered":"https:\/\/acc-france.fr\/accfranc741\/?page_id=1593"},"modified":"2022-06-17T10:15:26","modified_gmt":"2022-06-17T08:15:26","slug":"a-tes-cotes","status":"publish","type":"page","link":"https:\/\/acc-france.fr\/accfranc741\/?page_id=1593","title":{"rendered":"A tes Cot\u00e9s"},"content":{"rendered":"\n<p class=\"has-text-align-center\">&nbsp;Accompagnement spirituels des personnes <\/p>\n\n\n\n<p class=\"has-text-align-center\">(Relation d&rsquo;aide Biblique &#8211; Accompagnement spirituel &#8211; Supervision).<\/p>\n\n\n\n<p class=\"has-text-align-center\"><strong><u>Agn\u00e8s<\/u>&nbsp;<u>Baroncini<\/u><\/strong><\/p>\n\n\n\n<p class=\"has-text-align-center\">Conseill\u00e8re Agr\u00e9\u00e9e ACC&nbsp;<\/p>\n\n\n\n<p class=\"has-text-align-center\">Formatrice Famille Je t&rsquo;Aime<\/p>\n\n\n\n<p class=\"has-text-align-center\">M\u00e9diatrice Gestion des conflits certifi\u00e9e MTI<\/p>\n\n\n\n<p class=\"has-text-align-center\">&nbsp;<a rel=\"noreferrer noopener\" href=\"mailto:baroncinia@gmail.com\" target=\"_blank\">baroncinia@gmail.com<\/a><\/p>\n\n\n<div class=\"wp-block-image\">\n<figure class=\"aligncenter size-full\"><a href=\" baroncinia@gmail.com\"><img loading=\"lazy\" decoding=\"async\" width=\"380\" height=\"377\" src=\"https:\/\/acc-france.fr\/accfranc741\/wp-content\/uploads\/2022\/06\/logo_ATC_Turquoise.jpg\" alt=\"\" class=\"wp-image-1594\" srcset=\"https:\/\/acc-france.fr\/accfranc741\/wp-content\/uploads\/2022\/06\/logo_ATC_Turquoise.jpg 380w, https:\/\/acc-france.fr\/accfranc741\/wp-content\/uploads\/2022\/06\/logo_ATC_Turquoise-300x298.jpg 300w, https:\/\/acc-france.fr\/accfranc741\/wp-content\/uploads\/2022\/06\/logo_ATC_Turquoise-150x150.jpg 150w\" sizes=\"auto, (max-width: 380px) 100vw, 380px\" \/><\/a><\/figure>\n<\/div>","protected":false},"excerpt":{"rendered":"<p>&nbsp;Accompagnement spirituels des personnes (Relation d&rsquo;aide Biblique &#8211; Accompagnement spirituel &#8211; Supervision). Agn\u00e8s&nbsp;Baroncini Conseill\u00e8re Agr\u00e9\u00e9e ACC&nbsp; Formatrice Famille Je t&rsquo;Aime M\u00e9diatrice Gestion des conflits certifi\u00e9e MTI &nbsp;baroncinia@gmail.com<\/p>\n","protected":false},"author":1,"featured_media":0,"parent":0,"menu_order":0,"comment_status":"closed","ping_status":"closed","template":"","meta":{"footnotes":""},"class_list":["post-1593","page","type-page","status-publish","hentry"],"_links":{"self":[{"href":"https:\/\/acc-france.fr\/accfranc741\/index.php?rest_route=\/wp\/v2\/pages\/1593","targetHints":{"allow":["GET"]}}],"collection":[{"href":"https:\/\/acc-france.fr\/accfranc741\/index.php?rest_route=\/wp\/v2\/pages"}],"about":[{"href":"https:\/\/acc-france.fr\/accfranc741\/index.php?rest_route=\/wp\/v2\/types\/page"}],"author":[{"embeddable":true,"href":"https:\/\/acc-france.fr\/accfranc741\/index.php?rest_route=\/wp\/v2\/users\/1"}],"replies":[{"embeddable":true,"href":"https:\/\/acc-france.fr\/accfranc741\/index.php?rest_route=%2Fwp%2Fv2%2Fcomments&post=1593"}],"version-history":[{"count":2,"href":"https:\/\/acc-france.fr\/accfranc741\/index.php?rest_route=\/wp\/v2\/pages\/1593\/revisions"}],"predecessor-version":[{"id":1597,"href":"https:\/\/acc-france.fr\/accfranc741\/index.php?rest_route=\/wp\/v2\/pages\/1593\/revisions\/1597"}],"wp:attachment":[{"href":"https:\/\/acc-france.fr\/accfranc741\/index.php?rest_route=%2Fwp%2Fv2%2Fmedia&parent=1593"}],"curies":[{"name":"wp","href":"https:\/\/api.w.org\/{rel}","templated":true}]}}