{"id":1598,"date":"2022-06-22T10:51:54","date_gmt":"2022-06-22T08:51:54","guid":{"rendered":"https:\/\/acc-france.fr\/accfranc741\/?page_id=1598"},"modified":"2026-01-22T16:48:41","modified_gmt":"2026-01-22T15:48:41","slug":"empreinte-formations","status":"publish","type":"page","link":"https:\/\/acc-france.fr\/accfranc741\/?page_id=1598","title":{"rendered":"Empreinte Formations"},"content":{"rendered":"\n<div class=\"wp-block-media-text is-stacked-on-mobile\" style=\"grid-template-columns:74% auto\"><figure class=\"wp-block-media-text__media\"><img loading=\"lazy\" decoding=\"async\" width=\"1024\" height=\"722\" src=\"https:\/\/acc-france.fr\/accfranc741\/wp-content\/uploads\/2026\/01\/Pub-Empreinte-jeunes-2026-1-1024x722.jpg\" alt=\"\" class=\"wp-image-2299 size-full\" srcset=\"https:\/\/acc-france.fr\/accfranc741\/wp-content\/uploads\/2026\/01\/Pub-Empreinte-jeunes-2026-1-1024x722.jpg 1024w, https:\/\/acc-france.fr\/accfranc741\/wp-content\/uploads\/2026\/01\/Pub-Empreinte-jeunes-2026-1-300x211.jpg 300w, https:\/\/acc-france.fr\/accfranc741\/wp-content\/uploads\/2026\/01\/Pub-Empreinte-jeunes-2026-1-768x541.jpg 768w, https:\/\/acc-france.fr\/accfranc741\/wp-content\/uploads\/2026\/01\/Pub-Empreinte-jeunes-2026-1-1536x1083.jpg 1536w, https:\/\/acc-france.fr\/accfranc741\/wp-content\/uploads\/2026\/01\/Pub-Empreinte-jeunes-2026-1-2048x1444.jpg 2048w\" sizes=\"auto, (max-width: 1024px) 100vw, 1024px\" \/><\/figure><div class=\"wp-block-media-text__content\">\n<p>Inscriptions :<\/p>\n\n\n\n<p>developpement-personnel-jeunes-paris@empreinte-formation.fr<\/p>\n<\/div><\/div>\n\n\n\n<figure class=\"wp-block-image size-full\"><img loading=\"lazy\" decoding=\"async\" width=\"714\" height=\"188\" src=\"https:\/\/acc-france.fr\/accfranc741\/wp-content\/uploads\/2025\/03\/Logo-Empreinte-Formations.jpg\" alt=\"\" class=\"wp-image-2137\" srcset=\"https:\/\/acc-france.fr\/accfranc741\/wp-content\/uploads\/2025\/03\/Logo-Empreinte-Formations.jpg 714w, https:\/\/acc-france.fr\/accfranc741\/wp-content\/uploads\/2025\/03\/Logo-Empreinte-Formations-300x79.jpg 300w\" sizes=\"auto, (max-width: 714px) 100vw, 714px\" \/><\/figure>\n\n\n\n<div style=\"height:100px\" aria-hidden=\"true\" class=\"wp-block-spacer\"><\/div>\n\n\n\n<p><strong>Empreinte Formations<\/strong> est n\u00e9e en 1985 \u00e0 la suite du besoin fait par ses membres fondateurs<br>d\u2019outiller ceux qui pratiquent l\u2019\u00e9coute aupr\u00e8s des personnes en difficult\u00e9 relationnelle. C\u2019est en<br>2004 qu\u2019elle prend la forme juridique d\u2019une association loi 1901.<\/p>\n\n\n\n<p>&#8212;<br>La mission d\u2019Empreinte Formations sera donc la formation des personnes et des organisations<br>engag\u00e9es dans l\u2019accompagnement de la personne en souffrance relationnelle. Cette mission<br>s\u2019adresse \u00e0 des adultes pour leur donner des comp\u00e9tences (savoir, savoir-faire et savoir-\u00eatre) \u00e0<br>l\u2019\u00e9coute et l\u2019accompagnement. Elle est soutenue par des valeurs protestantes, humanistes et<br>apolitiques.<br>Le public des formations est surtout un public d\u2019associations caritatives interculturelles et<br>\u0153cum\u00e9niques, de b\u00e9n\u00e9voles qui font appel \u00e0 Empreinte Formations pour former \u00e0 l\u2019\u00e9coute et \u00e0<br>l\u2019accompagnement de b\u00e9n\u00e9ficiaires.<br>Le contenu des formations est approuv\u00e9 et apport\u00e9 par des intervenants dipl\u00f4m\u00e9s et<br>professionnels dans chacun des domaines o\u00f9 ils ou elles interviennent : psychologie, sociologie<br>et th\u00e9ologie.<\/p>\n\n\n\n<p>&#8212;<br>L\u2019association pr\u00e9sente un catalogue de plusieurs formations :<\/p>\n\n\n\n<p>      &#8212;&gt;&gt; <strong>D\u00e9veloppement personnel,<\/strong> un parcours se d\u00e9roulant sur 8 sessions, pour mieux<br>comprendre son fonctionnement spirituel et psychologique, accro\u00eetre sa qualit\u00e9 de vie<br>et d\u00e9velopper son potentiel pour mieux servir Dieu et les autres.<br>      &#8212;&gt;&gt; <strong>D\u00e9veloppement personnel pour jeunes<\/strong>, similaire \u00e0 la pr\u00e9c\u00e9dente, elle est adapt\u00e9e pour<br>un public de jeunes adultes de 20 \u00e0 25 ans et se d\u00e9roule sur 6 sessions r\u00e9parties sur une<br>ann\u00e9e.<br>      &#8212;&gt;&gt; <strong>Comment aider et accompagner le couple et la famille<\/strong>. Pour mieux aider et<br>accompagner les familles dans leur mission \u00e9ducative, ceci en 2 ann\u00e9es pour un total de<br>18 journ\u00e9es de cours. Un couple sur deux aurait besoin d\u2019un accompagnement<br>psychologique et spirituel. Se former pour aider est donc une n\u00e9cessit\u00e9.<br>\u00de Conseillers en relation d\u2019aide, un cursus dispens\u00e9 sur 3 ann\u00e9es, soit l\u2019\u00e9quivalent de 27<br>journ\u00e9es de cours. Cette formation est \u00e9galement propos\u00e9e en formule \u00e0 distance par<br>correspondance, dispens\u00e9e en 28 cours.<br>      &#8212;&gt;&gt;<strong> Sensibilisation sur les violences conjugales<\/strong>, soit 6 sessions pour permettre d\u2019acqu\u00e9rir<br>des outils pour mieux comprendre et r\u00e9pondre aux probl\u00e8mes des violences conjugales.<br>      &#8212;&gt;&gt; <strong>Une formation dipl\u00f4mante<\/strong>. Depuis 10 ans, en partenariat avec l\u2019Institut des Sciences<br>Humaines de la Facult\u00e9 de Th\u00e9ologie de Collonges-sous-Sal\u00e8ve, elle propose une<br>formation universitaire de 4 ans pour l\u2019obtention du Dipl\u00f4me d\u2019\u00c9tudes Sup\u00e9rieures en<br>Relation d\u2019Aide Chr\u00e9tienne. C\u2019est un dipl\u00f4me de niveau Bac + 5, accessible avec une<br>licence et enregistr\u00e9 \u00e0 l\u2019acad\u00e9mie de Grenoble.<br>      &#8212;&gt;&gt; <strong>L\u2019universit\u00e9 d\u2019\u00e9t\u00e9 de la relation d\u2019aide<\/strong>. L\u2019association organise cet \u00e9v\u00e9nement tous les<br>deux ans, par alternance, en France m\u00e9tropolitaine et en Guadeloupe. L\u2019Universit\u00e9 d\u2019\u00e9t\u00e9<br>pr\u00e9sente un programme sur deux journ\u00e9es de conf\u00e9rences pl\u00e9ni\u00e8res et d\u2019ateliers sur la<br>th\u00e9matique de la Relation d\u2019aide. C\u2019est un \u00e9v\u00e9nement important qui r\u00e9unit un panel<br>vari\u00e9 de sympathisants et de professionnels du domaine du soin et de l\u2019\u00e9coute<\/p>\n\n\n\n<p><br><strong>Empreinte Formations<\/strong> propose toutes ses formations l\u00e0 o\u00f9 la demande locale et le besoin se<br>font ressentir. Par son expertise enrichie pendant toutes ces ann\u00e9es, elle s\u2019adapte au format et \u00e0<br>la richesse de ses diff\u00e9rentes missions. Elle est pr\u00e9sente en francophonie.<br>Enfin, dans le cadre son activit\u00e9 de formation des adultes, Empreinte Formations administre un<br>site internet sur lequel sont publi\u00e9es de nombreuses ressources : www.empreinte-formations.fr.<\/p>\n\n\n\n<hr class=\"wp-block-separator has-alpha-channel-opacity\"\/>\n\n\n\n<p><a href=\"http:\/\/www.empreinte-formations.fr\" target=\"_blank\" rel=\"noreferrer noopener\">Acc\u00e9der au site Empreinte Formation<\/a><\/p>\n\n\n\n<p><\/p>\n","protected":false},"excerpt":{"rendered":"<p>Inscriptions : developpement-personnel-jeunes-paris@empreinte-formation.fr Empreinte Formations est n\u00e9e en 1985 \u00e0 la suite du besoin fait par ses membres fondateursd\u2019outiller ceux qui pratiquent l\u2019\u00e9coute aupr\u00e8s des personnes en difficult\u00e9 relationnelle. C\u2019est en2004 qu\u2019elle prend la forme juridique d\u2019une association loi 1901. &#8212;La mission d\u2019Empreinte Formations sera donc la formation des personnes et des organisationsengag\u00e9es dans l\u2019accompagnement<\/p><\/div>\n<div class=\"blog-btn\"><a href=\"https:\/\/acc-france.fr\/accfranc741\/?page_id=1598\" class=\"home-blog-btn\">Lire la suite<\/a><\/p>\n","protected":false},"author":1,"featured_media":0,"parent":0,"menu_order":0,"comment_status":"closed","ping_status":"closed","template":"","meta":{"footnotes":""},"class_list":["post-1598","page","type-page","status-publish","hentry"],"_links":{"self":[{"href":"https:\/\/acc-france.fr\/accfranc741\/index.php?rest_route=\/wp\/v2\/pages\/1598","targetHints":{"allow":["GET"]}}],"collection":[{"href":"https:\/\/acc-france.fr\/accfranc741\/index.php?rest_route=\/wp\/v2\/pages"}],"about":[{"href":"https:\/\/acc-france.fr\/accfranc741\/index.php?rest_route=\/wp\/v2\/types\/page"}],"author":[{"embeddable":true,"href":"https:\/\/acc-france.fr\/accfranc741\/index.php?rest_route=\/wp\/v2\/users\/1"}],"replies":[{"embeddable":true,"href":"https:\/\/acc-france.fr\/accfranc741\/index.php?rest_route=%2Fwp%2Fv2%2Fcomments&post=1598"}],"version-history":[{"count":10,"href":"https:\/\/acc-france.fr\/accfranc741\/index.php?rest_route=\/wp\/v2\/pages\/1598\/revisions"}],"predecessor-version":[{"id":2301,"href":"https:\/\/acc-france.fr\/accfranc741\/index.php?rest_route=\/wp\/v2\/pages\/1598\/revisions\/2301"}],"wp:attachment":[{"href":"https:\/\/acc-france.fr\/accfranc741\/index.php?rest_route=%2Fwp%2Fv2%2Fmedia&parent=1598"}],"curies":[{"name":"wp","href":"https:\/\/api.w.org\/{rel}","templated":true}]}}