{"id":162,"date":"2020-12-26T18:40:20","date_gmt":"2020-12-26T17:40:20","guid":{"rendered":"http:\/\/acc-france.fr\/accfranc741\/?page_id=162"},"modified":"2021-01-12T23:32:05","modified_gmt":"2021-01-12T22:32:05","slug":"ateliers","status":"publish","type":"page","link":"https:\/\/acc-france.fr\/accfranc741\/?page_id=162","title":{"rendered":"Ateliers"},"content":{"rendered":"\n<figure class=\"wp-block-image size-large\"><img loading=\"lazy\" decoding=\"async\" width=\"1024\" height=\"473\" src=\"https:\/\/acc-france.fr\/accfranc741\/wp-content\/uploads\/2020\/12\/20191123_141647-1024x473.jpg\" alt=\"\" class=\"wp-image-228\" srcset=\"https:\/\/acc-france.fr\/accfranc741\/wp-content\/uploads\/2020\/12\/20191123_141647-1024x473.jpg 1024w, https:\/\/acc-france.fr\/accfranc741\/wp-content\/uploads\/2020\/12\/20191123_141647-300x139.jpg 300w, https:\/\/acc-france.fr\/accfranc741\/wp-content\/uploads\/2020\/12\/20191123_141647-768x355.jpg 768w, https:\/\/acc-france.fr\/accfranc741\/wp-content\/uploads\/2020\/12\/20191123_141647-1536x709.jpg 1536w, https:\/\/acc-france.fr\/accfranc741\/wp-content\/uploads\/2020\/12\/20191123_141647-2048x946.jpg 2048w\" sizes=\"auto, (max-width: 1024px) 100vw, 1024px\" \/><\/figure>\n\n\n\n<p>Parce que la th\u00e9orie et la connaissance de l&rsquo;humain ne suffisent pas \u00e0 int\u00e9grer les principes essentiels du fonctionnement de chacun de nous, l&rsquo;ACC propose des ateliers de d\u00e9couverte et de mise en pratique.<\/p>\n\n\n\n<p>Nous mettons nos exp\u00e9riences en \u0153uvre pour permettre \u00e0 chacun de d\u00e9couvrir comment avancer en maturit\u00e9 et s\u00e9r\u00e9nit\u00e9.<\/p>\n\n\n\n<p>Vous pouvez donc faire appel \u00e0 nous pour animer des ateliers o\u00f9 il sera possible d&rsquo;int\u00e9grer certains concepts utiles \u00e0 votre d\u00e9veloppement personnel et celui des membres de vos assembl\u00e9es.  <\/p>\n\n\n\n<hr class=\"wp-block-separator is-style-dots\"\/>\n\n\n\n<div class=\"wp-block-buttons aligncenter is-layout-flex wp-block-buttons-is-layout-flex\">\n<div class=\"wp-block-button\"><a class=\"wp-block-button__link has-background\" href=\"mailto:contacts@acc-france.fr\" style=\"background-color:#272150\" target=\"_blank\" rel=\"noreferrer noopener\">Faire une demande<\/a><\/div>\n<\/div>\n","protected":false},"excerpt":{"rendered":"<p>Parce que la th\u00e9orie et la connaissance de l&rsquo;humain ne suffisent pas \u00e0 int\u00e9grer les principes essentiels du fonctionnement de chacun de nous, l&rsquo;ACC propose des ateliers de d\u00e9couverte et de mise en pratique. Nous mettons nos exp\u00e9riences en \u0153uvre pour permettre \u00e0 chacun de d\u00e9couvrir comment avancer en maturit\u00e9 et s\u00e9r\u00e9nit\u00e9. Vous pouvez donc<\/p><\/div>\n<div class=\"blog-btn\"><a href=\"https:\/\/acc-france.fr\/accfranc741\/?page_id=162\" class=\"home-blog-btn\">Lire la suite<\/a><\/p>\n","protected":false},"author":1,"featured_media":0,"parent":0,"menu_order":0,"comment_status":"closed","ping_status":"closed","template":"","meta":{"footnotes":""},"class_list":["post-162","page","type-page","status-publish","hentry"],"_links":{"self":[{"href":"https:\/\/acc-france.fr\/accfranc741\/index.php?rest_route=\/wp\/v2\/pages\/162","targetHints":{"allow":["GET"]}}],"collection":[{"href":"https:\/\/acc-france.fr\/accfranc741\/index.php?rest_route=\/wp\/v2\/pages"}],"about":[{"href":"https:\/\/acc-france.fr\/accfranc741\/index.php?rest_route=\/wp\/v2\/types\/page"}],"author":[{"embeddable":true,"href":"https:\/\/acc-france.fr\/accfranc741\/index.php?rest_route=\/wp\/v2\/users\/1"}],"replies":[{"embeddable":true,"href":"https:\/\/acc-france.fr\/accfranc741\/index.php?rest_route=%2Fwp%2Fv2%2Fcomments&post=162"}],"version-history":[{"count":9,"href":"https:\/\/acc-france.fr\/accfranc741\/index.php?rest_route=\/wp\/v2\/pages\/162\/revisions"}],"predecessor-version":[{"id":1020,"href":"https:\/\/acc-france.fr\/accfranc741\/index.php?rest_route=\/wp\/v2\/pages\/162\/revisions\/1020"}],"wp:attachment":[{"href":"https:\/\/acc-france.fr\/accfranc741\/index.php?rest_route=%2Fwp%2Fv2%2Fmedia&parent=162"}],"curies":[{"name":"wp","href":"https:\/\/api.w.org\/{rel}","templated":true}]}}