{"id":1634,"date":"2022-09-17T10:12:35","date_gmt":"2022-09-17T08:12:35","guid":{"rendered":"https:\/\/acc-france.fr\/accfranc741\/?page_id=1634"},"modified":"2022-09-17T10:16:51","modified_gmt":"2022-09-17T08:16:51","slug":"guerison-interieure-therapie-chretienne-du-changement","status":"publish","type":"page","link":"https:\/\/acc-france.fr\/accfranc741\/?page_id=1634","title":{"rendered":"GUERISON INTERIEURE &#8211; Th\u00e9rapie Chr\u00e9tienne du changement"},"content":{"rendered":"\n<figure class=\"wp-block-image size-full is-resized\"><a href=\"https:\/\/guerisoninterieure.fr\/\" target=\"_blank\" rel=\"noreferrer noopener\"><img loading=\"lazy\" decoding=\"async\" src=\"https:\/\/acc-france.fr\/accfranc741\/wp-content\/uploads\/2022\/09\/Gnenvieve-Baudoin.jpg\" alt=\"\" class=\"wp-image-1635\" width=\"840\" height=\"231\" srcset=\"https:\/\/acc-france.fr\/accfranc741\/wp-content\/uploads\/2022\/09\/Gnenvieve-Baudoin.jpg 799w, https:\/\/acc-france.fr\/accfranc741\/wp-content\/uploads\/2022\/09\/Gnenvieve-Baudoin-300x83.jpg 300w, https:\/\/acc-france.fr\/accfranc741\/wp-content\/uploads\/2022\/09\/Gnenvieve-Baudoin-768x211.jpg 768w\" sizes=\"auto, (max-width: 840px) 100vw, 840px\" \/><\/a><figcaption><a href=\"https:\/\/guerisoninterieure.fr\/\" target=\"_blank\" rel=\"noreferrer noopener\">https:\/\/guerisoninterieure.fr\/<\/a><br><em><strong>Psychologue-Psychoth\u00e9rapeute<\/strong><\/em>&nbsp;lib\u00e9ral pendant 17 ans, 26 ans d\u2019exp\u00e9rience en psychologie et psychoth\u00e9rapie \u2013 Master 2 de Psychologie, Master en PNL, \u2026<br>Certifi\u00e9e par ACC France en&nbsp;<em><strong>Relation d\u2019Aide Chr\u00e9tienne<\/strong><\/em>&nbsp;. Form\u00e9e par Dr Ed Smith au Transformation Prayer Ministry.<\/figcaption><\/figure>\n\n\n\n<h2 class=\"wp-block-heading\">Enlever les blocages psychologiques qui nous enferment dans des \u00e9motions douloureuses<\/h2>\n\n\n\n<p>Col\u00e8re, honte, culpabilit\u00e9, tristesse, peur, d\u00e9valorisation, impuissance, rejet\u2026 Toutes ces \u00e9motions douloureuses ont \u00e9t\u00e9 apprises au cours de nos exp\u00e9riences pass\u00e9es. Elles agissent encore aujourd\u2019hui par les croyances qui se sont implant\u00e9es dans nos pens\u00e9es.&nbsp; Elles limitent le flot de la VIE en nous, tel un barrage ralentit le flot d\u2019une rivi\u00e8re.<\/p>\n\n\n\n<h2 class=\"wp-block-heading\">Pour se lib\u00e9rer de nos comportements limitants et vivre une vie abondante<\/h2>\n\n\n\n<p>La psychoth\u00e9rapie du changement permet d\u2019ouvrir nos barrages int\u00e9rieurs qui nous rendent captifs \u201cde la vaine fa\u00e7on de vivre\u201d.&nbsp; Quand on met \u00e0 jour nos sch\u00e9mas mentaux et qu\u2019on renouvelle nos pens\u00e9es, alors nos \u00e9motions n\u00e9gatives et nos comportements limitants sont transform\u00e9s. Ainsi, nous pouvons de plus en plus vivre la VIE abondante de Christ en nous.<\/p>\n\n\n\n<p><\/p>\n","protected":false},"excerpt":{"rendered":"<p>Enlever les blocages psychologiques qui nous enferment dans des \u00e9motions douloureuses Col\u00e8re, honte, culpabilit\u00e9, tristesse, peur, d\u00e9valorisation, impuissance, rejet\u2026 Toutes ces \u00e9motions douloureuses ont \u00e9t\u00e9 apprises au cours de nos exp\u00e9riences pass\u00e9es. Elles agissent encore aujourd\u2019hui par les croyances qui se sont implant\u00e9es dans nos pens\u00e9es.&nbsp; Elles limitent le flot de la VIE en nous,<\/p><\/div>\n<div class=\"blog-btn\"><a href=\"https:\/\/acc-france.fr\/accfranc741\/?page_id=1634\" class=\"home-blog-btn\">Lire la suite<\/a><\/p>\n","protected":false},"author":1,"featured_media":0,"parent":0,"menu_order":0,"comment_status":"closed","ping_status":"closed","template":"","meta":{"footnotes":""},"class_list":["post-1634","page","type-page","status-publish","hentry"],"_links":{"self":[{"href":"https:\/\/acc-france.fr\/accfranc741\/index.php?rest_route=\/wp\/v2\/pages\/1634","targetHints":{"allow":["GET"]}}],"collection":[{"href":"https:\/\/acc-france.fr\/accfranc741\/index.php?rest_route=\/wp\/v2\/pages"}],"about":[{"href":"https:\/\/acc-france.fr\/accfranc741\/index.php?rest_route=\/wp\/v2\/types\/page"}],"author":[{"embeddable":true,"href":"https:\/\/acc-france.fr\/accfranc741\/index.php?rest_route=\/wp\/v2\/users\/1"}],"replies":[{"embeddable":true,"href":"https:\/\/acc-france.fr\/accfranc741\/index.php?rest_route=%2Fwp%2Fv2%2Fcomments&post=1634"}],"version-history":[{"count":2,"href":"https:\/\/acc-france.fr\/accfranc741\/index.php?rest_route=\/wp\/v2\/pages\/1634\/revisions"}],"predecessor-version":[{"id":1638,"href":"https:\/\/acc-france.fr\/accfranc741\/index.php?rest_route=\/wp\/v2\/pages\/1634\/revisions\/1638"}],"wp:attachment":[{"href":"https:\/\/acc-france.fr\/accfranc741\/index.php?rest_route=%2Fwp%2Fv2%2Fmedia&parent=1634"}],"curies":[{"name":"wp","href":"https:\/\/api.w.org\/{rel}","templated":true}]}}