{"id":174,"date":"2020-12-26T18:43:41","date_gmt":"2020-12-26T17:43:41","guid":{"rendered":"http:\/\/acc-france.fr\/accfranc741\/?page_id=174"},"modified":"2021-01-18T16:10:04","modified_gmt":"2021-01-18T15:10:04","slug":"ecoutant","status":"publish","type":"page","link":"https:\/\/acc-france.fr\/accfranc741\/?page_id=174","title":{"rendered":"Cursus \u00e9coutant"},"content":{"rendered":"\n<div class=\"wp-block-media-text alignwide is-stacked-on-mobile\" style=\"grid-template-columns:34% auto\"><figure class=\"wp-block-media-text__media\"><img loading=\"lazy\" decoding=\"async\" width=\"1024\" height=\"685\" src=\"https:\/\/acc-france.fr\/accfranc741\/wp-content\/uploads\/2021\/01\/ecoute-1024x685.jpg\" alt=\"\" class=\"wp-image-796 size-full\" srcset=\"https:\/\/acc-france.fr\/accfranc741\/wp-content\/uploads\/2021\/01\/ecoute-1024x685.jpg 1024w, https:\/\/acc-france.fr\/accfranc741\/wp-content\/uploads\/2021\/01\/ecoute-300x201.jpg 300w, https:\/\/acc-france.fr\/accfranc741\/wp-content\/uploads\/2021\/01\/ecoute-768x514.jpg 768w, https:\/\/acc-france.fr\/accfranc741\/wp-content\/uploads\/2021\/01\/ecoute-1536x1028.jpg 1536w, https:\/\/acc-france.fr\/accfranc741\/wp-content\/uploads\/2021\/01\/ecoute-2048x1371.jpg 2048w\" sizes=\"auto, (max-width: 1024px) 100vw, 1024px\" \/><\/figure><div class=\"wp-block-media-text__content\">\n<p><strong>Un \u00e9coutant en relation d&rsquo;aide a les comp\u00e9tences n\u00e9cessaires pour \u00e9couter et encourager des personnes en souffrance. Il a la capacit\u00e9 de comprendre et analyser une situation, ainsi que de discerner l&rsquo;utilit\u00e9 d&rsquo;une orientation vers une personne plus qualifi\u00e9e.<\/strong><\/p>\n\n\n\n<p>Le cursus entier pour la formation<em><strong>&nbsp;\u00e9coutant&nbsp;<\/strong><\/em>est de 120 heures.<\/p>\n\n\n\n<p>L\u2019enseignement du&nbsp;<strong>Module 1<\/strong>&nbsp;(Fondements bibliques et Relation d\u2019Aide : 36 heures ) est le m\u00eame pour les \u00e9coutants et les conseillers et est dispens\u00e9&nbsp;<strong>uniquement<\/strong>&nbsp;<strong>par l\u2019ACC<\/strong>.<br>Merci de contacter l\u2019ACC-France pour obtenir les dates.<\/p>\n\n\n\n<p>Le candidat en formation d\u2019<strong><em>\u00e9coutant<\/em><\/strong>&nbsp;devra accomplir les 84 heures restantes (120 h \u2013 36 h module 1) aupr\u00e8s de formateurs de son choix, la\u00efques ou chr\u00e9tiens.<\/p>\n\n\n\n<p>Le cursus entier pour la formation d<strong>&lsquo;<em>\u00e9coutant&nbsp;<\/em><\/strong>de 120 heures ne pourra en aucun cas \u00eatre accompli dans un&nbsp;<strong>temps&nbsp;<em>inf\u00e9rieur \u00e0 un an<\/em><\/strong>. Par contre, il n\u2019y a aucun d\u00e9lai maximum.<\/p>\n\n\n\n<p>Si un&nbsp;<strong><em>\u00e9coutant&nbsp;<\/em><\/strong>souhaite devenir<strong>&nbsp;<em>conseiller<\/em><\/strong>, le module 1 et les heures de formation&nbsp;<strong><em>\u00e9coutant&nbsp;<\/em><\/strong>restent acquis.<\/p>\n<\/div><\/div>\n\n\n\n<h2 class=\"wp-block-heading\">Cursus \u00e9coutant<\/h2>\n\n\n\n<figure class=\"wp-block-table aligncenter is-style-stripes\"><table><tbody><tr><td><strong><em>Module 1 &#8211; 36 heures (module dispens\u00e9 par l&rsquo;ACC)<\/em><\/strong><\/td><\/tr><tr><td><strong>Fondements bibliques et Relation d\u2019Aide\u00a0:<\/strong><br>_ Autorit\u00e9 des \u00c9critures, la nature de la r\u00e9v\u00e9lation<br>_ La doctrine de Dieu, l\u2019action des trois personnes trinitaires<br>_ La doctrine de l\u2019homme et du salut<br>_ L\u2019identit\u00e9 du chr\u00e9tien<br>_ Qu\u2019est-ce que l\u2019\u00e9coute et la relation d\u2019aide chr\u00e9tienne<br>_ La relation d\u2019aide et l\u2019\u00e9glise locale<br>_ La d\u00e9ontologie et l\u2019\u00e9thique<\/td><\/tr><\/tbody><\/table><\/figure>\n\n\n\n<figure class=\"wp-block-table aligncenter is-style-stripes\"><table><tbody><tr><td><strong><em>Module 2 &#8211; 14 heures<\/em><\/strong><\/td><\/tr><tr><td><strong>Identit\u00e9 et famille :<br><\/strong>_ Formation de la personnalit\u00e9<br>_ Dynamique de la famille saine et dysfonctionnelle<\/td><\/tr><\/tbody><\/table><\/figure>\n\n\n\n<figure class=\"wp-block-table aligncenter is-style-stripes\"><table><tbody><tr><td><strong><em>Module 3 &#8211; 20 heures<\/em><\/strong><\/td><\/tr><tr><td><strong>Blessures et \u00e9motions\u00a0:<\/strong><br>_ Les sentiments et les \u00e9motions<br>_ Les m\u00e9canismes de d\u00e9fense<br>_ Les abus<br>_ Les d\u00e9pendances<br>_ Le processus du pardon<br>_ Les fausses croyances et les convictions erron\u00e9es<\/td><\/tr><\/tbody><\/table><\/figure>\n\n\n\n<figure class=\"wp-block-table aligncenter is-style-stripes\"><table><tbody><tr><td><strong><em>Module 4 &#8211; 40 heures<\/em><\/strong><\/td><\/tr><tr><td><strong>Le r\u00f4le de l\u2019\u00e9coutant\u00a0:<\/strong><br>_ Son contexte<br>_ La conduite de l\u2019entretien<br>_ Les techniques de l\u2019\u00e9coute<br>_ Transfert et contre-transfert,<br>_ Les limites de l\u2019\u00e9coutant et les notions de base sur la pathologie, le d\u00e9veloppement personnel de l\u2019\u00e9coutant<\/td><\/tr><\/tbody><\/table><\/figure>\n\n\n\n<figure class=\"wp-block-table aligncenter is-style-stripes\"><table><tbody><tr><td><strong><em>Module 5 &#8211; 20 heures<\/em><\/strong><\/td><\/tr><tr><td><strong>Stage pratique d\u2019\u00e9coute en Relation d\u2019Aide\u00a0<\/strong><br>_ 20 heures de stage avec une personne ayant une pratique d\u2019\u00e9coute en relation d\u2019aide<\/td><\/tr><\/tbody><\/table><\/figure>\n","protected":false},"excerpt":{"rendered":"<p>Un \u00e9coutant en relation d&rsquo;aide a les comp\u00e9tences n\u00e9cessaires pour \u00e9couter et encourager des personnes en souffrance. Il a la capacit\u00e9 de comprendre et analyser une situation, ainsi que de discerner l&rsquo;utilit\u00e9 d&rsquo;une orientation vers une personne plus qualifi\u00e9e. Le cursus entier pour la formation&nbsp;\u00e9coutant&nbsp;est de 120 heures. L\u2019enseignement du&nbsp;Module 1&nbsp;(Fondements bibliques et Relation d\u2019Aide<\/p><\/div>\n<div class=\"blog-btn\"><a href=\"https:\/\/acc-france.fr\/accfranc741\/?page_id=174\" class=\"home-blog-btn\">Lire la suite<\/a><\/p>\n","protected":false},"author":1,"featured_media":0,"parent":0,"menu_order":0,"comment_status":"closed","ping_status":"closed","template":"","meta":{"footnotes":""},"class_list":["post-174","page","type-page","status-publish","hentry"],"_links":{"self":[{"href":"https:\/\/acc-france.fr\/accfranc741\/index.php?rest_route=\/wp\/v2\/pages\/174","targetHints":{"allow":["GET"]}}],"collection":[{"href":"https:\/\/acc-france.fr\/accfranc741\/index.php?rest_route=\/wp\/v2\/pages"}],"about":[{"href":"https:\/\/acc-france.fr\/accfranc741\/index.php?rest_route=\/wp\/v2\/types\/page"}],"author":[{"embeddable":true,"href":"https:\/\/acc-france.fr\/accfranc741\/index.php?rest_route=\/wp\/v2\/users\/1"}],"replies":[{"embeddable":true,"href":"https:\/\/acc-france.fr\/accfranc741\/index.php?rest_route=%2Fwp%2Fv2%2Fcomments&post=174"}],"version-history":[{"count":8,"href":"https:\/\/acc-france.fr\/accfranc741\/index.php?rest_route=\/wp\/v2\/pages\/174\/revisions"}],"predecessor-version":[{"id":1147,"href":"https:\/\/acc-france.fr\/accfranc741\/index.php?rest_route=\/wp\/v2\/pages\/174\/revisions\/1147"}],"wp:attachment":[{"href":"https:\/\/acc-france.fr\/accfranc741\/index.php?rest_route=%2Fwp%2Fv2%2Fmedia&parent=174"}],"curies":[{"name":"wp","href":"https:\/\/api.w.org\/{rel}","templated":true}]}}