{"id":177,"date":"2020-12-26T18:44:00","date_gmt":"2020-12-26T17:44:00","guid":{"rendered":"http:\/\/acc-france.fr\/accfranc741\/?page_id=177"},"modified":"2021-01-18T16:19:09","modified_gmt":"2021-01-18T15:19:09","slug":"conseiller","status":"publish","type":"page","link":"https:\/\/acc-france.fr\/accfranc741\/?page_id=177","title":{"rendered":"Cursus conseiller"},"content":{"rendered":"\n<div class=\"wp-block-media-text alignwide is-stacked-on-mobile\" style=\"grid-template-columns:15% auto\"><figure class=\"wp-block-media-text__media\"><img loading=\"lazy\" decoding=\"async\" width=\"473\" height=\"1024\" src=\"https:\/\/acc-france.fr\/accfranc741\/wp-content\/uploads\/2021\/01\/20200426_112512-473x1024.jpg\" alt=\"\" class=\"wp-image-824 size-full\" srcset=\"https:\/\/acc-france.fr\/accfranc741\/wp-content\/uploads\/2021\/01\/20200426_112512-473x1024.jpg 473w, https:\/\/acc-france.fr\/accfranc741\/wp-content\/uploads\/2021\/01\/20200426_112512-139x300.jpg 139w, https:\/\/acc-france.fr\/accfranc741\/wp-content\/uploads\/2021\/01\/20200426_112512-768x1663.jpg 768w, https:\/\/acc-france.fr\/accfranc741\/wp-content\/uploads\/2021\/01\/20200426_112512-709x1536.jpg 709w, https:\/\/acc-france.fr\/accfranc741\/wp-content\/uploads\/2021\/01\/20200426_112512-946x2048.jpg 946w, https:\/\/acc-france.fr\/accfranc741\/wp-content\/uploads\/2021\/01\/20200426_112512-scaled.jpg 1182w\" sizes=\"auto, (max-width: 473px) 100vw, 473px\" \/><\/figure><div class=\"wp-block-media-text__content\">\n<p><strong>Un conseiller en relation d&rsquo;aide a les comp\u00e9tences pour aider et accompagner des personnes en souffrance.<br>Il a la capacit\u00e9 d&rsquo;analyser une situation et de discerner l&rsquo;utilit\u00e9 d&rsquo;une orientation vers un professionnel.<\/strong><\/p>\n\n\n\n<p>Le cursus entier pour la formation&nbsp;<strong><em>conseiller&nbsp;<\/em><\/strong>est de 400 heures.<\/p>\n\n\n\n<p>L\u2019enseignement du&nbsp;<strong>Module 1<\/strong>&nbsp;(Fondements bibliques et relation d\u2019aide&nbsp;: 36 heures pour la formation&nbsp;<strong><em>conseiller<\/em><\/strong>) est le m\u00eame pour les \u00e9coutants et les conseillers et est dispens\u00e9&nbsp;<strong>uniquement par l\u2019ACC<\/strong>.<br>Merci de contacter l\u2019ACC-France pour obtenir les dates.<\/p>\n\n\n\n<p>Le candidat en formation de&nbsp;<strong><em>conseiller<\/em><\/strong>&nbsp;devra accomplir&nbsp;<strong>au moins les deux tiers&nbsp;<\/strong>des 400 heures (soit environ 266 heures) aupr\u00e8s&nbsp;<strong>de formateurs et organismes de formation reconnus par l\u2019ACC,&nbsp;<\/strong>les 134 heures restantes devront \u00eatre accomplies aupr\u00e8s d\u2019<strong>au moins deux formateurs ou organismes diff\u00e9rents la\u00efques ou chr\u00e9tiens.<\/strong><\/p>\n\n\n\n<p>Le cursus entier pour la formation&nbsp;<strong><em>conseiller<\/em><\/strong>&nbsp;de 400 heures ne pourra en aucun cas \u00eatre accompli dans un temps&nbsp;<strong>inf\u00e9rieur \u00e0 trois ans<\/strong>. Par contre, il n\u2019y a aucun d\u00e9lai maximum.<\/p>\n<\/div><\/div>\n\n\n\n<hr class=\"wp-block-separator\"\/>\n\n\n\n<p class=\"has-text-align-center\"><strong>Une fois accord\u00e9e, l\u2019accr\u00e9ditation de conseiller est valable 5 ans.<br>Apr\u00e8s cette p\u00e9riode, le renouvellement se fait par tacite reconduction, sous r\u00e9serve que le conseiller justifie d\u2019une d\u00e9marche de formation continue aupr\u00e8s de l\u2019ACC&nbsp;<\/strong><\/p>\n\n\n\n<hr class=\"wp-block-separator\"\/>\n\n\n\n<figure class=\"wp-block-table is-style-regular\"><table><tbody><tr><td><strong>Module 1<\/strong> &#8211; <strong>36 heures<\/strong> &#8211; <strong>Dispens\u00e9 par l\u2019ACC<\/strong><\/td><\/tr><tr><td><strong><strong>Fondements bibliques et Relation d\u2019Aide<\/strong>\u00a0:<\/strong><br>_ Autorit\u00e9 des \u00c9critures, la nature de la r\u00e9v\u00e9lation<br>_ La doctrine de Dieu, l\u2019action des trois personnes trinitaires<br>_ La doctrine de l\u2019homme et du salut<br>_ L\u2019identit\u00e9 du chr\u00e9tien<br>_ Qu\u2019est ce que l\u2019\u00e9coute et la relation d\u2019aide chr\u00e9tienne<br>_ La relation d\u2019aide et l\u2019\u00e9glise locale<br>_ La d\u00e9ontologie et l\u2019\u00e9thique<\/td><\/tr><tr><td><strong>Module 2<\/strong> &#8211; <strong>10 heures<\/strong><\/td><\/tr><tr><td><strong>La Relation d\u2019Aide\u00a0:<\/strong><br>_ Diff\u00e9rents types de relation d\u2019aide pratiqu\u00e9s<br>_ Les limites de la RA,<br>_ Le conseiller en RA,<br>_ \u00c9thique et d\u00e9ontologie.<\/td><\/tr><tr><td><strong>Module 3<\/strong> &#8211; <strong>10 heures<\/strong><\/td><\/tr><tr><td><strong>Les mod\u00e8les psychologiques de l\u2019homme<\/strong><br>_ Les approches psychanalytique, comportementale, syst\u00e9mique, cognitive et int\u00e9gratrice<\/td><\/tr><tr><td><strong>Module 4<\/strong> &#8211; <strong>20 heures<\/strong><\/td><\/tr><tr><td><strong>Le sujet en souffrance<\/strong><br>_ L\u2019identit\u00e9 et les cycles de la vie<br>_ Les relations interpersonnelles<br>_ Les sentiments et les \u00e9motions<br>_ Les besoins et les frustrations<br>_ Le pass\u00e9 du client<br>_ Les traumatismes et les blessures<br>_ Les m\u00e9canismes de d\u00e9fense<\/td><\/tr><tr><td><strong>Module 5<\/strong> &#8211; <strong>34 heures<\/strong><\/td><\/tr><tr><td><strong>Les outils de la Relation d\u2019Aide<\/strong><br>_ Le contrat conseiller\/client<br>_ L\u2019\u00e9coute<br>_ L\u2019identification de la demande<br>_ La conduite d\u2019un entretien<br>_ La pratique th\u00e9rapeutique, spirituelle, psychologique de la relation d\u2019aide<br>_ G\u00e9rer l\u2019ensemble de la relation d\u2019aide (d\u00e9but, fin, \u00e9ventuelle orientation vers une autre personne)<br>_ La gestion de la souffrance<br>_ Le transfert<br>_ Le travail du client entre les entretiens<\/td><\/tr><tr><td><strong>Module 6<\/strong> &#8211; <strong>10 heures<\/strong><\/td><\/tr><tr><td><strong>La formation permanente du conseiller<\/strong><br>_ Le d\u00e9veloppement personnel du conseiller<br>_ La supervision dans la pratique de la relation d\u2019aide<br>_ Le danger du d\u00e9sir de puissance et de la manipulation<br>_ La d\u00e9pendance conseiller\/client<br>_ Le contre-transfert et la r\u00e9sonance<br>_ La n\u00e9cessit\u00e9 de fonctionner en \u00e9quipe<\/td><\/tr><tr><td><strong>Module 7<\/strong> &#8211; <strong>15 heures<\/strong><\/td><\/tr><tr><td><strong>Le d\u00e9veloppement de l&rsquo;\u00eatre humain<\/strong><br>_ Le d\u00e9veloppement psychologique de l\u2019enfant<br>_ Le d\u00e9veloppement psychologique de l\u2019adolescent<br>_ L\u2019\u00e2ge adulte et la crise du milieu de la vie<br>_ La vieillesse<br>_ Le deuil<br>_ Le travail de deuil<\/td><\/tr><tr><td><strong>Module 8<\/strong> &#8211; <strong>35 heures<\/strong><\/td><\/tr><tr><td><strong>Les probl\u00e8mes individuels<\/strong><br>_ Reconna\u00eetre les psychopathologies et les pathologies lourdes<br>_ La d\u00e9pression<br>_ L\u2019angoisse<br>_ Le suicide<br>_ Les d\u00e9pendances (alcool, tabac, drogue, etc.)<br>_ Les abus (sexuels, physiques, etc.) et les parents toxiques<br>_ La culpabilit\u00e9<br>_ Les troubles alimentaires (boulimie, anorexie, etc.)<br>_ La co-d\u00e9pendance<br>_ L&rsquo;occultisme<br>_ La lib\u00e9ration<br>_ Les troubles obsessionnels.<\/td><\/tr><tr><td><strong>Module 9<\/strong> &#8211; <strong>25 heures<\/strong><\/td><\/tr><tr><td><strong>Le couple, la famille<\/strong><br>_ Le c\u00e9libat<br>_ Les besoins et les d\u00e9sirs du c\u00e9libataire<br>_ La vision biblique du couple<br>_ Le choix amoureux<br>_ Les principes d\u2019\u00e9panouissement de la sexualit\u00e9<br>_ Les diff\u00e9rentes phases de la vie conjugale<br>_ Les conflits conjugaux\u00a0: origines, \u00e9volutions, d\u00e9passements<br>_ Les probl\u00e8mes d\u2019argent et de travail (ch\u00f4mage) des conjoints<br>_ Le contr\u00f4le des naissances<br>_ L\u2019avortement<br>_ L\u2019accompagnement<\/td><\/tr><tr><td><strong>Module 10<\/strong> &#8211; <strong>25 heures<\/strong><\/td><\/tr><tr><td><strong>Les probl\u00e8mes du couple<\/strong><br>_ Les couples et les familles dysfonctionnels<br>_ Les relations sexuelles hors mariage<br>_ La communication dans le couple<br>_ Les pathologies sexuelles<br>_ Les perversions<br>_ Le divorce<br>_ Accompagner un(e) divorc\u00e9(e)<br>_ Les foyers monoparentaux<br>_ Les th\u00e9rapies conjugales<\/td><\/tr><tr><td><strong>Module 11<\/strong> &#8211; <strong>80 heures<\/strong><\/td><\/tr><tr><td><strong>Travaux personnels avec m\u00e9moire ou \u00e9tude de cas<\/strong><br>_ M\u00e9moire d\u2019un minimum de dix pages, sur un th\u00e8me ayant trait \u00e0 la relation d\u2019aide, supervis\u00e9 par un formateur et \u00e0 remettre \u00e0 l\u2019ACC pour l\u2019accr\u00e9ditation ou \u00e9tude de cas d\u00e9taill\u00e9,<br>_ Lectures sur les sujets abord\u00e9s en module. R\u00e9sum\u00e9 de livres (au minimum 4),<br>_ Expos\u00e9s,<br>_ Mise en situation d\u2019entretien,<br>_ Travail avec vid\u00e9o,<br>_ Divers exercices pratiques.<\/td><\/tr><tr><td><strong>Module 12<\/strong> &#8211; <strong>50 heures<\/strong><\/td><\/tr><tr><td><strong>Stages supervis\u00e9s<\/strong><br>_ Minimum de 50 h de pratique personnelle par des entretiens en relation d\u2019aide supervis\u00e9s \u00e0 raison de 15 minutes par heure de pratique.<\/td><\/tr><tr><td><strong>Module 13<\/strong> &#8211; <strong>50 heures<\/strong><\/td><\/tr><tr><td><strong>Suivi personnel<\/strong><br>_ Minimum de 50 h de temps au cours duquel on parle de soi \u00e0 une ou plusieurs personnes comp\u00e9tentes&nbsp;: pasteur, conseiller, responsable spirituel, th\u00e9rapeute\u2026<br>_ Ce travail peut \u00eatre accompli en individuel ou en groupe, mais, dans tous les cas, aupr\u00e8s de 2 personnes ou \u00e9quipes diff\u00e9rentes.<br><\/td><\/tr><\/tbody><\/table><\/figure>\n","protected":false},"excerpt":{"rendered":"<p>Un conseiller en relation d&rsquo;aide a les comp\u00e9tences pour aider et accompagner des personnes en souffrance.Il a la capacit\u00e9 d&rsquo;analyser une situation et de discerner l&rsquo;utilit\u00e9 d&rsquo;une orientation vers un professionnel. Le cursus entier pour la formation&nbsp;conseiller&nbsp;est de 400 heures. L\u2019enseignement du&nbsp;Module 1&nbsp;(Fondements bibliques et relation d\u2019aide&nbsp;: 36 heures pour la formation&nbsp;conseiller) est le m\u00eame<\/p><\/div>\n<div class=\"blog-btn\"><a href=\"https:\/\/acc-france.fr\/accfranc741\/?page_id=177\" class=\"home-blog-btn\">Lire la suite<\/a><\/p>\n","protected":false},"author":1,"featured_media":0,"parent":0,"menu_order":0,"comment_status":"closed","ping_status":"closed","template":"","meta":{"footnotes":""},"class_list":["post-177","page","type-page","status-publish","hentry"],"_links":{"self":[{"href":"https:\/\/acc-france.fr\/accfranc741\/index.php?rest_route=\/wp\/v2\/pages\/177","targetHints":{"allow":["GET"]}}],"collection":[{"href":"https:\/\/acc-france.fr\/accfranc741\/index.php?rest_route=\/wp\/v2\/pages"}],"about":[{"href":"https:\/\/acc-france.fr\/accfranc741\/index.php?rest_route=\/wp\/v2\/types\/page"}],"author":[{"embeddable":true,"href":"https:\/\/acc-france.fr\/accfranc741\/index.php?rest_route=\/wp\/v2\/users\/1"}],"replies":[{"embeddable":true,"href":"https:\/\/acc-france.fr\/accfranc741\/index.php?rest_route=%2Fwp%2Fv2%2Fcomments&post=177"}],"version-history":[{"count":9,"href":"https:\/\/acc-france.fr\/accfranc741\/index.php?rest_route=\/wp\/v2\/pages\/177\/revisions"}],"predecessor-version":[{"id":1149,"href":"https:\/\/acc-france.fr\/accfranc741\/index.php?rest_route=\/wp\/v2\/pages\/177\/revisions\/1149"}],"wp:attachment":[{"href":"https:\/\/acc-france.fr\/accfranc741\/index.php?rest_route=%2Fwp%2Fv2%2Fmedia&parent=177"}],"curies":[{"name":"wp","href":"https:\/\/api.w.org\/{rel}","templated":true}]}}