{"id":180,"date":"2020-12-26T18:44:32","date_gmt":"2020-12-26T17:44:32","guid":{"rendered":"http:\/\/acc-france.fr\/accfranc741\/?page_id=180"},"modified":"2021-01-06T23:19:20","modified_gmt":"2021-01-06T22:19:20","slug":"etre-accompagne","status":"publish","type":"page","link":"https:\/\/acc-france.fr\/accfranc741\/?page_id=180","title":{"rendered":"\u00catre accompagn\u00e9"},"content":{"rendered":"\n<div class=\"wp-block-image\"><figure class=\"aligncenter\"><img decoding=\"async\" src=\"https:\/\/acc-france.fr\/accfranc741\/wp-content\/uploads\/2020\/12\/accompagnement.jpg\" alt=\"L\u2019attribut alt de cette image est vide, son nom de fichier est accompagnement.jpg.\"\/><\/figure><\/div>\n\n\n\n<h2 class=\"has-text-align-center has-text-color wp-block-heading\" style=\"color:#212750\">Vous pouvez nous faire confiance !<\/h2>\n\n\n\n<p class=\"has-text-align-center\">Pour \u00eatre accr\u00e9dit\u00e9 aupr\u00e8s de l&rsquo;<strong>ACC-France<\/strong>, un \u00e9coutant doit justifier de 120 heures de formation, et un conseiller doit justifier de 400h. De plus, les accr\u00e9dit\u00e9s font l&rsquo;objet d&rsquo;un suivi et d&rsquo;une formation continue et doivent adh\u00e9rer \u00e0 un <a rel=\"noreferrer noopener\" href=\"https:\/\/acc-france.fr\/accfranc741\/?page_id=484\" target=\"_blank\"><strong><em>code<\/em><\/strong> <strong><em>moral.<\/em><\/strong><\/a><\/p>\n\n\n\n<p class=\"has-text-align-center\">Tout cela pour vous permettre de vous confier dans un cadre s\u00e9curis\u00e9. Que ce soit parce que vous avez besoin de faire le point ou que vous voulez consulter pour un probl\u00e8me pr\u00e9cis, nos \u00e9coutants et conseillers seront ouverts et vous aideront \u00e0 avancer.<\/p>\n\n\n\n<p class=\"has-text-align-center\">Les maitres mots d&rsquo;un accompagnement sont <strong>CONFIDENTIALIT\u00c9<\/strong>, <strong>NON JUGEMENT<\/strong>, <strong>TRAVAIL SUR SOI<\/strong> et <strong>FOI CHR\u00c9TIENNE<\/strong>.<\/p>\n\n\n\n<p class=\"has-text-align-center\">Pour trouver un accompagnement dans votre r\u00e9gion, cliquez par ici :<\/p>\n\n\n\n<div class=\"wp-block-buttons aligncenter is-layout-flex wp-block-buttons-is-layout-flex\">\n<div class=\"wp-block-button is-style-fill\"><a class=\"wp-block-button__link has-background\" href=\"https:\/\/acc-france.fr\/accfranc741\/?page_id=189\" style=\"background-color:#272150\">Trouver un accompagnant<\/a><\/div>\n<\/div>\n","protected":false},"excerpt":{"rendered":"<p>Vous pouvez nous faire confiance ! Pour \u00eatre accr\u00e9dit\u00e9 aupr\u00e8s de l&rsquo;ACC-France, un \u00e9coutant doit justifier de 120 heures de formation, et un conseiller doit justifier de 400h. De plus, les accr\u00e9dit\u00e9s font l&rsquo;objet d&rsquo;un suivi et d&rsquo;une formation continue et doivent adh\u00e9rer \u00e0 un code moral. Tout cela pour vous permettre de vous confier<\/p><\/div>\n<div class=\"blog-btn\"><a href=\"https:\/\/acc-france.fr\/accfranc741\/?page_id=180\" class=\"home-blog-btn\">Lire la suite<\/a><\/p>\n","protected":false},"author":1,"featured_media":0,"parent":0,"menu_order":0,"comment_status":"closed","ping_status":"closed","template":"","meta":{"footnotes":""},"class_list":["post-180","page","type-page","status-publish","hentry"],"_links":{"self":[{"href":"https:\/\/acc-france.fr\/accfranc741\/index.php?rest_route=\/wp\/v2\/pages\/180","targetHints":{"allow":["GET"]}}],"collection":[{"href":"https:\/\/acc-france.fr\/accfranc741\/index.php?rest_route=\/wp\/v2\/pages"}],"about":[{"href":"https:\/\/acc-france.fr\/accfranc741\/index.php?rest_route=\/wp\/v2\/types\/page"}],"author":[{"embeddable":true,"href":"https:\/\/acc-france.fr\/accfranc741\/index.php?rest_route=\/wp\/v2\/users\/1"}],"replies":[{"embeddable":true,"href":"https:\/\/acc-france.fr\/accfranc741\/index.php?rest_route=%2Fwp%2Fv2%2Fcomments&post=180"}],"version-history":[{"count":4,"href":"https:\/\/acc-france.fr\/accfranc741\/index.php?rest_route=\/wp\/v2\/pages\/180\/revisions"}],"predecessor-version":[{"id":891,"href":"https:\/\/acc-france.fr\/accfranc741\/index.php?rest_route=\/wp\/v2\/pages\/180\/revisions\/891"}],"wp:attachment":[{"href":"https:\/\/acc-france.fr\/accfranc741\/index.php?rest_route=%2Fwp%2Fv2%2Fmedia&parent=180"}],"curies":[{"name":"wp","href":"https:\/\/api.w.org\/{rel}","templated":true}]}}