{"id":1815,"date":"2023-07-12T17:34:50","date_gmt":"2023-07-12T15:34:50","guid":{"rendered":"https:\/\/acc-france.fr\/accfranc741\/?page_id=1815"},"modified":"2023-07-12T17:40:41","modified_gmt":"2023-07-12T15:40:41","slug":"parents-en-action","status":"publish","type":"page","link":"https:\/\/acc-france.fr\/accfranc741\/?page_id=1815","title":{"rendered":"Parents en Action"},"content":{"rendered":"\n<p>L&rsquo;association&nbsp;<strong><em>Parents en Action<\/em><\/strong><\/p>\n\n\n\n<p>a le plaisir de vous inviter \u00e0 son prochain \u00e9v\u00e9nement qui se tiendra le&nbsp;<strong>s<\/strong><strong>amedi 23 septembre \u00e0 Toulouse.<\/strong><\/p>\n\n\n\n<p><em>Conf\u00e9renci\u00e8re&nbsp;<\/em>: la th\u00e9ologienne et bibliste&nbsp;<strong>Val\u00e9rie Duval Poujol<\/strong><\/p>\n\n\n\n<p><em>Lieu :&nbsp;<\/em><strong><em>\u00c9glise Protestante &#8211; \u00c9glise \u00c9vang\u00e9lique Libre de Toulouse<\/em><\/strong><em>,<\/em><em>12 Rue Claude Perrault.<\/em><\/p>\n\n\n\n<p><em>Acc\u00e8s libre !<\/em><\/p>\n\n\n\n<p><a href=\"https:\/\/forms.gle\/pkvmQ1ZMAf5WBXT9A\" target=\"_blank\" rel=\"noreferrer noopener\">Inscription au conf\u00e9rences avec Val\u00e9rie DUVAL-POUJOL du 23 septembre 2023<\/a><\/p>\n\n\n\n<figure class=\"wp-block-image size-large\"><img loading=\"lazy\" decoding=\"async\" width=\"724\" height=\"1024\" src=\"https:\/\/acc-france.fr\/accfranc741\/wp-content\/uploads\/2023\/07\/Flyer-Conf-Valerie-DP-recto-724x1024.png\" alt=\"\" class=\"wp-image-1817\" srcset=\"https:\/\/acc-france.fr\/accfranc741\/wp-content\/uploads\/2023\/07\/Flyer-Conf-Valerie-DP-recto-724x1024.png 724w, https:\/\/acc-france.fr\/accfranc741\/wp-content\/uploads\/2023\/07\/Flyer-Conf-Valerie-DP-recto-212x300.png 212w, https:\/\/acc-france.fr\/accfranc741\/wp-content\/uploads\/2023\/07\/Flyer-Conf-Valerie-DP-recto-768x1086.png 768w, https:\/\/acc-france.fr\/accfranc741\/wp-content\/uploads\/2023\/07\/Flyer-Conf-Valerie-DP-recto-1086x1536.png 1086w, https:\/\/acc-france.fr\/accfranc741\/wp-content\/uploads\/2023\/07\/Flyer-Conf-Valerie-DP-recto.png 1414w\" sizes=\"auto, (max-width: 724px) 100vw, 724px\" \/><\/figure>\n\n\n\n<figure class=\"wp-block-image size-large\"><img loading=\"lazy\" decoding=\"async\" width=\"724\" height=\"1024\" src=\"https:\/\/acc-france.fr\/accfranc741\/wp-content\/uploads\/2023\/07\/Flyer-Conf-Valerie-DP-verso-724x1024.png\" alt=\"\" class=\"wp-image-1816\" srcset=\"https:\/\/acc-france.fr\/accfranc741\/wp-content\/uploads\/2023\/07\/Flyer-Conf-Valerie-DP-verso-724x1024.png 724w, https:\/\/acc-france.fr\/accfranc741\/wp-content\/uploads\/2023\/07\/Flyer-Conf-Valerie-DP-verso-212x300.png 212w, https:\/\/acc-france.fr\/accfranc741\/wp-content\/uploads\/2023\/07\/Flyer-Conf-Valerie-DP-verso-768x1086.png 768w, https:\/\/acc-france.fr\/accfranc741\/wp-content\/uploads\/2023\/07\/Flyer-Conf-Valerie-DP-verso-1086x1536.png 1086w, https:\/\/acc-france.fr\/accfranc741\/wp-content\/uploads\/2023\/07\/Flyer-Conf-Valerie-DP-verso.png 1414w\" sizes=\"auto, (max-width: 724px) 100vw, 724px\" \/><\/figure>\n","protected":false},"excerpt":{"rendered":"<p>L&rsquo;association&nbsp;Parents en Action a le plaisir de vous inviter \u00e0 son prochain \u00e9v\u00e9nement qui se tiendra le&nbsp;samedi 23 septembre \u00e0 Toulouse. Conf\u00e9renci\u00e8re&nbsp;: la th\u00e9ologienne et bibliste&nbsp;Val\u00e9rie Duval Poujol Lieu :&nbsp;\u00c9glise Protestante &#8211; \u00c9glise \u00c9vang\u00e9lique Libre de Toulouse,12 Rue Claude Perrault. Acc\u00e8s libre ! Inscription au conf\u00e9rences avec Val\u00e9rie DUVAL-POUJOL du 23 septembre 2023<\/p>\n","protected":false},"author":1,"featured_media":0,"parent":0,"menu_order":0,"comment_status":"closed","ping_status":"closed","template":"","meta":{"footnotes":""},"class_list":["post-1815","page","type-page","status-publish","hentry"],"_links":{"self":[{"href":"https:\/\/acc-france.fr\/accfranc741\/index.php?rest_route=\/wp\/v2\/pages\/1815","targetHints":{"allow":["GET"]}}],"collection":[{"href":"https:\/\/acc-france.fr\/accfranc741\/index.php?rest_route=\/wp\/v2\/pages"}],"about":[{"href":"https:\/\/acc-france.fr\/accfranc741\/index.php?rest_route=\/wp\/v2\/types\/page"}],"author":[{"embeddable":true,"href":"https:\/\/acc-france.fr\/accfranc741\/index.php?rest_route=\/wp\/v2\/users\/1"}],"replies":[{"embeddable":true,"href":"https:\/\/acc-france.fr\/accfranc741\/index.php?rest_route=%2Fwp%2Fv2%2Fcomments&post=1815"}],"version-history":[{"count":2,"href":"https:\/\/acc-france.fr\/accfranc741\/index.php?rest_route=\/wp\/v2\/pages\/1815\/revisions"}],"predecessor-version":[{"id":1821,"href":"https:\/\/acc-france.fr\/accfranc741\/index.php?rest_route=\/wp\/v2\/pages\/1815\/revisions\/1821"}],"wp:attachment":[{"href":"https:\/\/acc-france.fr\/accfranc741\/index.php?rest_route=%2Fwp%2Fv2%2Fmedia&parent=1815"}],"curies":[{"name":"wp","href":"https:\/\/api.w.org\/{rel}","templated":true}]}}