{"id":183,"date":"2020-12-26T18:44:51","date_gmt":"2020-12-26T17:44:51","guid":{"rendered":"http:\/\/acc-france.fr\/accfranc741\/?page_id=183"},"modified":"2025-04-23T11:17:36","modified_gmt":"2025-04-23T09:17:36","slug":"les-eglises","status":"publish","type":"page","link":"https:\/\/acc-france.fr\/accfranc741\/?page_id=183","title":{"rendered":"Les \u00c9glises"},"content":{"rendered":"\n<div class=\"wp-block-buttons is-layout-flex wp-block-buttons-is-layout-flex\"><\/div>\n\n\n\n<div class=\"wp-block-media-text alignwide is-stacked-on-mobile\" style=\"grid-template-columns:22% auto\"><figure class=\"wp-block-media-text__media\"><img loading=\"lazy\" decoding=\"async\" width=\"512\" height=\"768\" src=\"https:\/\/acc-france.fr\/accfranc741\/wp-content\/uploads\/2021\/01\/1956h0693.jpg\" alt=\"\" class=\"wp-image-790 size-full\" srcset=\"https:\/\/acc-france.fr\/accfranc741\/wp-content\/uploads\/2021\/01\/1956h0693.jpg 512w, https:\/\/acc-france.fr\/accfranc741\/wp-content\/uploads\/2021\/01\/1956h0693-200x300.jpg 200w\" sizes=\"auto, (max-width: 512px) 100vw, 512px\" \/><\/figure><div class=\"wp-block-media-text__content\">\n<p class=\"has-normal-font-size\">C&rsquo;est dans la perspective de la croissance de l&rsquo;Eglise que nous nous situons et nous voulons \u00eatre \u00e0 la disposition des pasteurs, anciens et diacres afin que le t\u00e9moignage de J\u00e9sus Christ puisse se faire en toute la s\u00e9r\u00e9nit\u00e9.<\/p>\n\n\n\n<p>Nous souhaitons collaborer avec les pasteurs et anciens pour que le peuple de Dieu t\u00e9moigne avec gr\u00e2ce, maturit\u00e9 \u00e9motionnelle et spirituelle, en harmonie avec le message de paix et d&rsquo;amour de notre Seigneur.<\/p>\n\n\n\n<p>Et c&rsquo;est la raison pour laquelle nous proposons des conf\u00e9rences et enseignements aux \u00e9glises qui le souhaitent.<\/p>\n\n\n\n<p>Vous pouvez nous envoyer un mail pour faire une demande ou assister \u00e0 une de nos conf\u00e9rences organis\u00e9e par ACC-France<\/p>\n<\/div><\/div>\n\n\n\n<hr class=\"wp-block-separator has-css-opacity is-style-dots\"\/>\n\n\n\n<div class=\"wp-block-buttons is-content-justification-center is-layout-flex wp-container-core-buttons-is-layout-16018d1d wp-block-buttons-is-layout-flex\">\n<div class=\"wp-block-button\"><a class=\"wp-block-button__link has-background wp-element-button\" href=\"mailto:contacts@acc-france.fr\" style=\"background-color:#272150\">Faire une demande<\/a><\/div>\n<\/div>\n","protected":false},"excerpt":{"rendered":"<p>C&rsquo;est dans la perspective de la croissance de l&rsquo;Eglise que nous nous situons et nous voulons \u00eatre \u00e0 la disposition des pasteurs, anciens et diacres afin que le t\u00e9moignage de J\u00e9sus Christ puisse se faire en toute la s\u00e9r\u00e9nit\u00e9. Nous souhaitons collaborer avec les pasteurs et anciens pour que le peuple de Dieu t\u00e9moigne avec<\/p><\/div>\n<div class=\"blog-btn\"><a href=\"https:\/\/acc-france.fr\/accfranc741\/?page_id=183\" class=\"home-blog-btn\">Lire la suite<\/a><\/p>\n","protected":false},"author":1,"featured_media":0,"parent":0,"menu_order":0,"comment_status":"closed","ping_status":"closed","template":"","meta":{"footnotes":""},"class_list":["post-183","page","type-page","status-publish","hentry"],"_links":{"self":[{"href":"https:\/\/acc-france.fr\/accfranc741\/index.php?rest_route=\/wp\/v2\/pages\/183","targetHints":{"allow":["GET"]}}],"collection":[{"href":"https:\/\/acc-france.fr\/accfranc741\/index.php?rest_route=\/wp\/v2\/pages"}],"about":[{"href":"https:\/\/acc-france.fr\/accfranc741\/index.php?rest_route=\/wp\/v2\/types\/page"}],"author":[{"embeddable":true,"href":"https:\/\/acc-france.fr\/accfranc741\/index.php?rest_route=\/wp\/v2\/users\/1"}],"replies":[{"embeddable":true,"href":"https:\/\/acc-france.fr\/accfranc741\/index.php?rest_route=%2Fwp%2Fv2%2Fcomments&post=183"}],"version-history":[{"count":12,"href":"https:\/\/acc-france.fr\/accfranc741\/index.php?rest_route=\/wp\/v2\/pages\/183\/revisions"}],"predecessor-version":[{"id":2162,"href":"https:\/\/acc-france.fr\/accfranc741\/index.php?rest_route=\/wp\/v2\/pages\/183\/revisions\/2162"}],"wp:attachment":[{"href":"https:\/\/acc-france.fr\/accfranc741\/index.php?rest_route=%2Fwp%2Fv2%2Fmedia&parent=183"}],"curies":[{"name":"wp","href":"https:\/\/api.w.org\/{rel}","templated":true}]}}