{"id":1924,"date":"2024-02-08T14:53:33","date_gmt":"2024-02-08T13:53:33","guid":{"rendered":"https:\/\/acc-france.fr\/accfranc741\/?page_id=1924"},"modified":"2024-02-08T14:53:34","modified_gmt":"2024-02-08T13:53:34","slug":"le-fil-a-plomb-la-porte-ouverte-71100-lux","status":"publish","type":"page","link":"https:\/\/acc-france.fr\/accfranc741\/?page_id=1924","title":{"rendered":"Le Fil \u00e0 Plomb &#8211; La Porte Ouverte 71100 LUX"},"content":{"rendered":"\n<p>D&rsquo;apr\u00e8s l&rsquo;enseignement de Bruce THOMSON<\/p>\n\n\n\n<p>6-7 avril et 13-14 avril 2024<\/p>\n\n\n\n<p>Renseignements et inscriptions \u00e0 envoyer \u00e0 \u00ab\u00a0La Porte Ouverte\u00a0\u00bb 5, rue de la Sa\u00f4ne 71100 LUX<\/p>\n\n\n\n<div data-wp-interactive=\"core\/file\" class=\"wp-block-file\"><object data-wp-bind--hidden=\"!state.hasPdfPreview\" hidden class=\"wp-block-file__embed\" data=\"https:\/\/acc-france.fr\/accfranc741\/wp-content\/uploads\/2024\/02\/V4-FaP-PO-avril-2024.pdf\" type=\"application\/pdf\" style=\"width:100%;height:600px\" aria-label=\"Contenu embarqu\u00e9 V4-FaP-PO-avril-2024.\"><\/object><a id=\"wp-block-file--media-2cee08e9-5df1-4d14-9538-8bb9476df6c2\" href=\"https:\/\/acc-france.fr\/accfranc741\/wp-content\/uploads\/2024\/02\/V4-FaP-PO-avril-2024.pdf\">V4-FaP-PO-avril-2024<\/a><a href=\"https:\/\/acc-france.fr\/accfranc741\/wp-content\/uploads\/2024\/02\/V4-FaP-PO-avril-2024.pdf\" class=\"wp-block-file__button wp-element-button\" download aria-describedby=\"wp-block-file--media-2cee08e9-5df1-4d14-9538-8bb9476df6c2\">T\u00e9l\u00e9charger<\/a><\/div>\n","protected":false},"excerpt":{"rendered":"<p>D&rsquo;apr\u00e8s l&rsquo;enseignement de Bruce THOMSON 6-7 avril et 13-14 avril 2024 Renseignements et inscriptions \u00e0 envoyer \u00e0 \u00ab\u00a0La Porte Ouverte\u00a0\u00bb 5, rue de la Sa\u00f4ne 71100 LUX<\/p>\n","protected":false},"author":1,"featured_media":0,"parent":0,"menu_order":0,"comment_status":"closed","ping_status":"closed","template":"","meta":{"footnotes":""},"class_list":["post-1924","page","type-page","status-publish","hentry"],"_links":{"self":[{"href":"https:\/\/acc-france.fr\/accfranc741\/index.php?rest_route=\/wp\/v2\/pages\/1924","targetHints":{"allow":["GET"]}}],"collection":[{"href":"https:\/\/acc-france.fr\/accfranc741\/index.php?rest_route=\/wp\/v2\/pages"}],"about":[{"href":"https:\/\/acc-france.fr\/accfranc741\/index.php?rest_route=\/wp\/v2\/types\/page"}],"author":[{"embeddable":true,"href":"https:\/\/acc-france.fr\/accfranc741\/index.php?rest_route=\/wp\/v2\/users\/1"}],"replies":[{"embeddable":true,"href":"https:\/\/acc-france.fr\/accfranc741\/index.php?rest_route=%2Fwp%2Fv2%2Fcomments&post=1924"}],"version-history":[{"count":1,"href":"https:\/\/acc-france.fr\/accfranc741\/index.php?rest_route=\/wp\/v2\/pages\/1924\/revisions"}],"predecessor-version":[{"id":1927,"href":"https:\/\/acc-france.fr\/accfranc741\/index.php?rest_route=\/wp\/v2\/pages\/1924\/revisions\/1927"}],"wp:attachment":[{"href":"https:\/\/acc-france.fr\/accfranc741\/index.php?rest_route=%2Fwp%2Fv2%2Fmedia&parent=1924"}],"curies":[{"name":"wp","href":"https:\/\/api.w.org\/{rel}","templated":true}]}}