{"id":2038,"date":"2024-11-18T14:30:30","date_gmt":"2024-11-18T13:30:30","guid":{"rendered":"https:\/\/acc-france.fr\/accfranc741\/?page_id=2038"},"modified":"2025-03-13T17:23:51","modified_gmt":"2025-03-13T16:23:51","slug":"stop-abus-cnef","status":"publish","type":"page","link":"https:\/\/acc-france.fr\/accfranc741\/?page_id=2038","title":{"rendered":"Stop Abus &#8211; CNEF"},"content":{"rendered":"\n<div class=\"wp-block-media-text is-stacked-on-mobile\"><figure class=\"wp-block-media-text__media\"><img loading=\"lazy\" decoding=\"async\" width=\"262\" height=\"185\" src=\"https:\/\/acc-france.fr\/accfranc741\/wp-content\/uploads\/2025\/03\/Logo-Top-Abus.jpg\" alt=\"\" class=\"wp-image-2131 size-full\"\/><\/figure><div class=\"wp-block-media-text__content\">\n<p><strong>ACC-France est partenaire de la cellule STOP ABUS<\/strong>, service d&rsquo;\u00e9coute cr\u00e9\u00e9 \u00e0 l\u2019initiative des membres du Conseil National des \u00c9vang\u00e9liques de France (CNEF), \u00e0 la disposition de toute personne, victime ou t\u00e9moin de violences sexuelles au sein d\u2019une structure, \u00c9glise, union ou \u0153uvre protestante \u00e9vang\u00e9lique.<\/p>\n<\/div><\/div>\n\n\n\n<p>Vous pouvez consulter le site :<\/p>\n\n\n\n<p><a href=\"https:\/\/www.stop-abus.fr\/page\/1750254-accueil\" target=\"_blank\" rel=\"noreferrer noopener\">Accueil | Stop abus<\/a><\/p>\n\n\n\n<p><\/p>\n","protected":false},"excerpt":{"rendered":"<p>ACC-France est partenaire de la cellule STOP ABUS, service d&rsquo;\u00e9coute cr\u00e9\u00e9 \u00e0 l\u2019initiative des membres du Conseil National des \u00c9vang\u00e9liques de France (CNEF), \u00e0 la disposition de toute personne, victime ou t\u00e9moin de violences sexuelles au sein d\u2019une structure, \u00c9glise, union ou \u0153uvre protestante \u00e9vang\u00e9lique. Vous pouvez consulter le site : Accueil | Stop abus<\/p>\n","protected":false},"author":1,"featured_media":0,"parent":0,"menu_order":0,"comment_status":"closed","ping_status":"closed","template":"","meta":{"footnotes":""},"class_list":["post-2038","page","type-page","status-publish","hentry"],"_links":{"self":[{"href":"https:\/\/acc-france.fr\/accfranc741\/index.php?rest_route=\/wp\/v2\/pages\/2038","targetHints":{"allow":["GET"]}}],"collection":[{"href":"https:\/\/acc-france.fr\/accfranc741\/index.php?rest_route=\/wp\/v2\/pages"}],"about":[{"href":"https:\/\/acc-france.fr\/accfranc741\/index.php?rest_route=\/wp\/v2\/types\/page"}],"author":[{"embeddable":true,"href":"https:\/\/acc-france.fr\/accfranc741\/index.php?rest_route=\/wp\/v2\/users\/1"}],"replies":[{"embeddable":true,"href":"https:\/\/acc-france.fr\/accfranc741\/index.php?rest_route=%2Fwp%2Fv2%2Fcomments&post=2038"}],"version-history":[{"count":5,"href":"https:\/\/acc-france.fr\/accfranc741\/index.php?rest_route=\/wp\/v2\/pages\/2038\/revisions"}],"predecessor-version":[{"id":2132,"href":"https:\/\/acc-france.fr\/accfranc741\/index.php?rest_route=\/wp\/v2\/pages\/2038\/revisions\/2132"}],"wp:attachment":[{"href":"https:\/\/acc-france.fr\/accfranc741\/index.php?rest_route=%2Fwp%2Fv2%2Fmedia&parent=2038"}],"curies":[{"name":"wp","href":"https:\/\/api.w.org\/{rel}","templated":true}]}}