{"id":2078,"date":"2024-12-20T15:25:01","date_gmt":"2024-12-20T14:25:01","guid":{"rendered":"https:\/\/acc-france.fr\/accfranc741\/?page_id=2078"},"modified":"2024-12-20T15:26:50","modified_gmt":"2024-12-20T14:26:50","slug":"ameliorer-nos-competences-relationnelles-ancre","status":"publish","type":"page","link":"https:\/\/acc-france.fr\/accfranc741\/?page_id=2078","title":{"rendered":"Am\u00e9liorer Nos Comp\u00e9tences Relationnelles &#8211; ANCRe"},"content":{"rendered":"\n<figure class=\"wp-block-image size-full is-resized\"><img loading=\"lazy\" decoding=\"async\" width=\"611\" height=\"325\" src=\"https:\/\/acc-france.fr\/accfranc741\/wp-content\/uploads\/2024\/12\/Logo-ANCRe1-1.jpg\" alt=\"\" class=\"wp-image-2079\" style=\"width:840px;height:auto\" srcset=\"https:\/\/acc-france.fr\/accfranc741\/wp-content\/uploads\/2024\/12\/Logo-ANCRe1-1.jpg 611w, https:\/\/acc-france.fr\/accfranc741\/wp-content\/uploads\/2024\/12\/Logo-ANCRe1-1-300x160.jpg 300w\" sizes=\"auto, (max-width: 611px) 100vw, 611px\" \/><\/figure>\n\n\n\n<p><strong>A<\/strong>m\u00e9liorer&nbsp;<strong>N<\/strong>os&nbsp;<strong>C<\/strong>omp\u00e9tences&nbsp;<strong>Re<\/strong>lationnelles (ANCRe) est une formation pratique et interactive appuy\u00e9e par Connect MISSIONS et le RESAM (R\u00e9seau de Soutien Aux Minist\u00e8res).<\/p>\n\n\n\n<p>Cette formation permet d\u2019acqu\u00e9rir et d\u2019affiner les comp\u00e9tences qui rendent les relations plus efficaces, non seulement entre coll\u00e8gues mais aussi entre amis, \u00e9poux, voisin\u2026.<\/p>\n\n\n\n<p class=\"has-large-font-size\"><strong>La prochaine session aura lieue du 2 au 7 novembre 2025<\/strong><\/p>\n\n\n\n<p class=\"has-medium-font-size\"><strong>\u00e0 l\u2019Eau Vivez Provence \u2013 Ventabren (Aix en Provence)<\/strong><\/p>\n\n\n\n<p>Les inscriptions sont ouvertes sur le site :<\/p>\n\n\n\n<p><strong><a href=\"https:\/\/www.ameliorer-nos-relations.org\/ateliers-en-france\/\" target=\"_blank\" rel=\"noreferrer noopener\">www.ameliorer-nos-relations.org<\/a><\/strong><\/p>\n\n\n\n<p><\/p>\n","protected":false},"excerpt":{"rendered":"<p>Am\u00e9liorer&nbsp;Nos&nbsp;Comp\u00e9tences&nbsp;Relationnelles (ANCRe) est une formation pratique et interactive appuy\u00e9e par Connect MISSIONS et le RESAM (R\u00e9seau de Soutien Aux Minist\u00e8res). Cette formation permet d\u2019acqu\u00e9rir et d\u2019affiner les comp\u00e9tences qui rendent les relations plus efficaces, non seulement entre coll\u00e8gues mais aussi entre amis, \u00e9poux, voisin\u2026. La prochaine session aura lieue du 2 au 7 novembre 2025<\/p><\/div>\n<div class=\"blog-btn\"><a href=\"https:\/\/acc-france.fr\/accfranc741\/?page_id=2078\" class=\"home-blog-btn\">Lire la suite<\/a><\/p>\n","protected":false},"author":1,"featured_media":0,"parent":0,"menu_order":0,"comment_status":"closed","ping_status":"closed","template":"","meta":{"footnotes":""},"class_list":["post-2078","page","type-page","status-publish","hentry"],"_links":{"self":[{"href":"https:\/\/acc-france.fr\/accfranc741\/index.php?rest_route=\/wp\/v2\/pages\/2078","targetHints":{"allow":["GET"]}}],"collection":[{"href":"https:\/\/acc-france.fr\/accfranc741\/index.php?rest_route=\/wp\/v2\/pages"}],"about":[{"href":"https:\/\/acc-france.fr\/accfranc741\/index.php?rest_route=\/wp\/v2\/types\/page"}],"author":[{"embeddable":true,"href":"https:\/\/acc-france.fr\/accfranc741\/index.php?rest_route=\/wp\/v2\/users\/1"}],"replies":[{"embeddable":true,"href":"https:\/\/acc-france.fr\/accfranc741\/index.php?rest_route=%2Fwp%2Fv2%2Fcomments&post=2078"}],"version-history":[{"count":3,"href":"https:\/\/acc-france.fr\/accfranc741\/index.php?rest_route=\/wp\/v2\/pages\/2078\/revisions"}],"predecessor-version":[{"id":2083,"href":"https:\/\/acc-france.fr\/accfranc741\/index.php?rest_route=\/wp\/v2\/pages\/2078\/revisions\/2083"}],"wp:attachment":[{"href":"https:\/\/acc-france.fr\/accfranc741\/index.php?rest_route=%2Fwp%2Fv2%2Fmedia&parent=2078"}],"curies":[{"name":"wp","href":"https:\/\/api.w.org\/{rel}","templated":true}]}}