{"id":2305,"date":"2026-02-10T15:54:18","date_gmt":"2026-02-10T14:54:18","guid":{"rendered":"https:\/\/acc-france.fr\/accfranc741\/?page_id=2305"},"modified":"2026-02-10T15:55:14","modified_gmt":"2026-02-10T14:55:14","slug":"face-aux-traumatismes","status":"publish","type":"page","link":"https:\/\/acc-france.fr\/accfranc741\/?page_id=2305","title":{"rendered":"Face aux Traumatismes"},"content":{"rendered":"\n<div class=\"wp-block-media-text is-stacked-on-mobile\"><figure class=\"wp-block-media-text__media\"><img loading=\"lazy\" decoding=\"async\" width=\"668\" height=\"575\" src=\"https:\/\/acc-france.fr\/accfranc741\/wp-content\/uploads\/2026\/02\/Face-aux-traumatismes-1.jpg\" alt=\"\" class=\"wp-image-2306 size-full\" srcset=\"https:\/\/acc-france.fr\/accfranc741\/wp-content\/uploads\/2026\/02\/Face-aux-traumatismes-1.jpg 668w, https:\/\/acc-france.fr\/accfranc741\/wp-content\/uploads\/2026\/02\/Face-aux-traumatismes-1-300x258.jpg 300w\" sizes=\"auto, (max-width: 668px) 100vw, 668px\" \/><\/figure><div class=\"wp-block-media-text__content\">\n<p><em>Face aux traumatismes<\/em>&nbsp;\u00e9mane du travail du&nbsp;<em>Trauma Healing Institute<\/em>&nbsp;(l\u2019Institut pour la gu\u00e9rison des traumatismes). Notre mission est d\u2019aider l\u2019Eglise \u00e0 accompagner les personnes ayant v\u00e9cu des \u00e9v\u00e9nements traumatisants. Ainsi, un parcours a \u00e9t\u00e9 mis en place qui conjugue une solide connaissance de Dieu par les textes bibliques et des bonnes pratiques de sant\u00e9 mentale.<\/p>\n\n\n\n<p>Ce site pr\u00e9sente\u00a0<em>Face aux traumatismes<\/em>\u00a0en Europe francophone et donne acc\u00e8s aux ressources en fran\u00e7ais.<\/p>\n\n\n\n<p><a href=\"https:\/\/www.faceauxtraumatismes.org\/\">Face aux traumatismes, APTe, ABF en France, | APTe<\/a><br>Pour tout autre mat\u00e9riel dans d&rsquo;autres langues, merci de suivre ce\u00a0<a href=\"https:\/\/traumahealinginstitute.org\/\" target=\"_blank\" rel=\"noreferrer noopener\">lien<\/a>\u00a0vers le\u00a0<em>Trauma Healing Institute.\u00a0<\/em><\/p>\n<\/div><\/div>\n\n\n\n<p><\/p>\n","protected":false},"excerpt":{"rendered":"<p>Face aux traumatismes&nbsp;\u00e9mane du travail du&nbsp;Trauma Healing Institute&nbsp;(l\u2019Institut pour la gu\u00e9rison des traumatismes). Notre mission est d\u2019aider l\u2019Eglise \u00e0 accompagner les personnes ayant v\u00e9cu des \u00e9v\u00e9nements traumatisants. Ainsi, un parcours a \u00e9t\u00e9 mis en place qui conjugue une solide connaissance de Dieu par les textes bibliques et des bonnes pratiques de sant\u00e9 mentale. Ce site<\/p><\/div>\n<div class=\"blog-btn\"><a href=\"https:\/\/acc-france.fr\/accfranc741\/?page_id=2305\" class=\"home-blog-btn\">Lire la suite<\/a><\/p>\n","protected":false},"author":1,"featured_media":0,"parent":0,"menu_order":0,"comment_status":"closed","ping_status":"closed","template":"","meta":{"footnotes":""},"class_list":["post-2305","page","type-page","status-publish","hentry"],"_links":{"self":[{"href":"https:\/\/acc-france.fr\/accfranc741\/index.php?rest_route=\/wp\/v2\/pages\/2305","targetHints":{"allow":["GET"]}}],"collection":[{"href":"https:\/\/acc-france.fr\/accfranc741\/index.php?rest_route=\/wp\/v2\/pages"}],"about":[{"href":"https:\/\/acc-france.fr\/accfranc741\/index.php?rest_route=\/wp\/v2\/types\/page"}],"author":[{"embeddable":true,"href":"https:\/\/acc-france.fr\/accfranc741\/index.php?rest_route=\/wp\/v2\/users\/1"}],"replies":[{"embeddable":true,"href":"https:\/\/acc-france.fr\/accfranc741\/index.php?rest_route=%2Fwp%2Fv2%2Fcomments&post=2305"}],"version-history":[{"count":1,"href":"https:\/\/acc-france.fr\/accfranc741\/index.php?rest_route=\/wp\/v2\/pages\/2305\/revisions"}],"predecessor-version":[{"id":2308,"href":"https:\/\/acc-france.fr\/accfranc741\/index.php?rest_route=\/wp\/v2\/pages\/2305\/revisions\/2308"}],"wp:attachment":[{"href":"https:\/\/acc-france.fr\/accfranc741\/index.php?rest_route=%2Fwp%2Fv2%2Fmedia&parent=2305"}],"curies":[{"name":"wp","href":"https:\/\/api.w.org\/{rel}","templated":true}]}}