{"id":323,"date":"2020-12-27T10:59:03","date_gmt":"2020-12-27T09:59:03","guid":{"rendered":"http:\/\/acc-france.fr\/accfranc741\/?page_id=323"},"modified":"2020-12-27T11:09:25","modified_gmt":"2020-12-27T10:09:25","slug":"divers","status":"publish","type":"page","link":"https:\/\/acc-france.fr\/accfranc741\/?page_id=323","title":{"rendered":"Divers"},"content":{"rendered":"<ul class=\"wp-block-latest-posts__list has-dates wp-block-latest-posts\"><li><a class=\"wp-block-latest-posts__post-title\" href=\"https:\/\/acc-france.fr\/accfranc741\/?p=1830\">Formation sur les limites propos\u00e9e par \u00ab\u00a0Cultiver la Vie\u00a0\u00bb<\/a><time datetime=\"2023-08-15T15:31:08+02:00\" class=\"wp-block-latest-posts__post-date\">15 ao\u00fbt 2023<\/time><div class=\"wp-block-latest-posts__post-full-content\"><!-- wp:media-text {\"mediaId\":1831,\"mediaLink\":\"https:\/\/acc-france.fr\/accfranc741\/?attachment_id=1831\",\"mediaType\":\"image\"} -->\n<div class=\"wp-block-media-text is-stacked-on-mobile\"><figure class=\"wp-block-media-text__media\"><img loading=\"lazy\" decoding=\"async\" width=\"447\" height=\"1024\" src=\"https:\/\/acc-france.fr\/accfranc741\/wp-content\/uploads\/2023\/08\/Pub-Limite-CLV-2023-447x1024.jpg\" alt=\"\" class=\"wp-image-1831 size-full\" srcset=\"https:\/\/acc-france.fr\/accfranc741\/wp-content\/uploads\/2023\/08\/Pub-Limite-CLV-2023-447x1024.jpg 447w, https:\/\/acc-france.fr\/accfranc741\/wp-content\/uploads\/2023\/08\/Pub-Limite-CLV-2023-131x300.jpg 131w, https:\/\/acc-france.fr\/accfranc741\/wp-content\/uploads\/2023\/08\/Pub-Limite-CLV-2023-768x1761.jpg 768w, https:\/\/acc-france.fr\/accfranc741\/wp-content\/uploads\/2023\/08\/Pub-Limite-CLV-2023-670x1536.jpg 670w, https:\/\/acc-france.fr\/accfranc741\/wp-content\/uploads\/2023\/08\/Pub-Limite-CLV-2023-893x2048.jpg 893w, https:\/\/acc-france.fr\/accfranc741\/wp-content\/uploads\/2023\/08\/Pub-Limite-CLV-2023.jpg 992w\" sizes=\"auto, (max-width: 447px) 100vw, 447px\" \/><\/figure><div class=\"wp-block-media-text__content\"><!-- wp:paragraph {\"placeholder\":\"Contenu\u2026\"} -->\n<p>l&rsquo;association \u00ab\u00a0Cultiver la Vie\u00a0\u00bb propose une formation sur les limites \u00e0 partir de septembre 2023<\/p>\n<!-- \/wp:paragraph -->\n\n<!-- wp:paragraph -->\n<p>Cette formation est valid\u00e9e par ACC-France pour compl\u00e9ter le cursus d&rsquo;Accr\u00e9ditation en tant que Conseiller en Relation d&rsquo;Aide Chr\u00e9tienne.<\/p>\n<!-- \/wp:paragraph -->\n\n<!-- wp:paragraph -->\n<p>Consultez : <a href=\"https:\/\/www.cultiver-la-vie.fr\/event-details\/formation-sur-les-limites-1?utm_campaign=ba3a2259-7981-4ae7-b684-dca0504e36f8&amp;utm_source=so&amp;utm_medium=mail_lp\" data-type=\"link\" data-id=\"https:\/\/www.cultiver-la-vie.fr\/event-details\/formation-sur-les-limites-1?utm_campaign=ba3a2259-7981-4ae7-b684-dca0504e36f8&amp;utm_source=so&amp;utm_medium=mail_lp\">Formation sur les Limites | Cultiver la vie (cultiver-la-vie.fr)<\/a><\/p>\n<!-- \/wp:paragraph -->\n\n<!-- wp:paragraph -->\n<p><\/p>\n<!-- \/wp:paragraph --><\/div><\/div>\n<!-- \/wp:media-text --><\/div><\/li>\n<\/ul>","protected":false},"excerpt":{"rendered":"","protected":false},"author":1,"featured_media":0,"parent":0,"menu_order":0,"comment_status":"open","ping_status":"closed","template":"","meta":{"footnotes":""},"class_list":["post-323","page","type-page","status-publish","hentry"],"_links":{"self":[{"href":"https:\/\/acc-france.fr\/accfranc741\/index.php?rest_route=\/wp\/v2\/pages\/323","targetHints":{"allow":["GET"]}}],"collection":[{"href":"https:\/\/acc-france.fr\/accfranc741\/index.php?rest_route=\/wp\/v2\/pages"}],"about":[{"href":"https:\/\/acc-france.fr\/accfranc741\/index.php?rest_route=\/wp\/v2\/types\/page"}],"author":[{"embeddable":true,"href":"https:\/\/acc-france.fr\/accfranc741\/index.php?rest_route=\/wp\/v2\/users\/1"}],"replies":[{"embeddable":true,"href":"https:\/\/acc-france.fr\/accfranc741\/index.php?rest_route=%2Fwp%2Fv2%2Fcomments&post=323"}],"version-history":[{"count":3,"href":"https:\/\/acc-france.fr\/accfranc741\/index.php?rest_route=\/wp\/v2\/pages\/323\/revisions"}],"predecessor-version":[{"id":329,"href":"https:\/\/acc-france.fr\/accfranc741\/index.php?rest_route=\/wp\/v2\/pages\/323\/revisions\/329"}],"wp:attachment":[{"href":"https:\/\/acc-france.fr\/accfranc741\/index.php?rest_route=%2Fwp%2Fv2%2Fmedia&parent=323"}],"curies":[{"name":"wp","href":"https:\/\/api.w.org\/{rel}","templated":true}]}}