{"id":409,"date":"2020-12-27T15:43:38","date_gmt":"2020-12-27T14:43:38","guid":{"rendered":"http:\/\/acc-france.fr\/accfranc741\/?page_id=409"},"modified":"2022-07-23T16:21:17","modified_gmt":"2022-07-23T14:21:17","slug":"commission-daccreditation","status":"publish","type":"page","link":"https:\/\/acc-france.fr\/accfranc741\/?page_id=409","title":{"rendered":"Commission d&rsquo;Accr\u00e9ditation"},"content":{"rendered":"\n<h2 class=\"has-text-color wp-block-heading\" style=\"color:#20284f\">Le r\u00f4le de la Commission d&rsquo;Accr\u00e9ditation :<\/h2>\n\n\n\n<ul class=\"has-text-color wp-block-list\" style=\"color:#20284f\"><li>Accr\u00e9diter des <strong>\u00e9coutants<\/strong> (<em>minimum 120 heures de formation<\/em>) et des <strong>conseillers<\/strong> (<em>minimum 400 heures de formation<\/em>) en relation d&rsquo;aide chr\u00e9tienne en \u00e9valuant leurs connaissances th\u00e9oriques et leurs comp\u00e9tences pratiques.<\/li><li>Reconna\u00eetre des <strong>formateurs<\/strong> et des <strong>formations<\/strong> en relation d&rsquo;aide chr\u00e9tienne.<\/li><\/ul>\n\n\n\n<h2 class=\"has-text-color wp-block-heading\" style=\"color:#20284f\">Comment cela s&rsquo;organise ?<\/h2>\n\n\n\n<p><\/p>\n\n\n\n<p class=\"has-text-color\" style=\"color:#20284f\"><strong>Une commission nationale<\/strong><br>La commission nationale se r\u00e9unit deux fois par an, \u00e0 l\u2019automne et au printemps. Elle examine les dossiers pr\u00e9sent\u00e9s par chaque commission r\u00e9gionale et valide ou non l\u2019accr\u00e9ditation des candidats en tant que conseiller ou \u00e9coutant.&nbsp;<\/p>\n\n\n\n<p class=\"has-text-color\" style=\"color:#20284f\"><strong>Quatre commissions r\u00e9gionales<\/strong><br>Chaque candidat \u00e0 l\u2019accr\u00e9ditation est accompagn\u00e9 par un membre de sa commission r\u00e9gionale. Les diff\u00e9rentes r\u00e9gions sont les suivantes&nbsp;:&nbsp;<\/p>\n\n\n\n<hr class=\"wp-block-separator has-css-opacity is-style-dots\"\/>\n\n\n\n<div class=\"wp-block-columns is-layout-flex wp-container-core-columns-is-layout-9d6595d7 wp-block-columns-is-layout-flex\">\n<div class=\"wp-block-column is-layout-flow wp-block-column-is-layout-flow\">\n<figure class=\"wp-block-image size-large\"><img loading=\"lazy\" decoding=\"async\" width=\"1024\" height=\"1022\" src=\"https:\/\/acc-france.fr\/accfranc741\/wp-content\/uploads\/2020\/12\/France-1@4x-2-1024x1022.png\" alt=\"\" class=\"wp-image-445\" srcset=\"https:\/\/acc-france.fr\/accfranc741\/wp-content\/uploads\/2020\/12\/France-1@4x-2-1024x1022.png 1024w, https:\/\/acc-france.fr\/accfranc741\/wp-content\/uploads\/2020\/12\/France-1@4x-2-300x300.png 300w, https:\/\/acc-france.fr\/accfranc741\/wp-content\/uploads\/2020\/12\/France-1@4x-2-150x150.png 150w, https:\/\/acc-france.fr\/accfranc741\/wp-content\/uploads\/2020\/12\/France-1@4x-2-768x767.png 768w, https:\/\/acc-france.fr\/accfranc741\/wp-content\/uploads\/2020\/12\/France-1@4x-2-1536x1533.png 1536w, https:\/\/acc-france.fr\/accfranc741\/wp-content\/uploads\/2020\/12\/France-1@4x-2-2048x2045.png 2048w\" sizes=\"auto, (max-width: 1024px) 100vw, 1024px\" \/><\/figure>\n<\/div>\n\n\n\n<div class=\"wp-block-column is-layout-flow wp-block-column-is-layout-flow\">\n<div class=\"wp-block-media-text alignwide is-stacked-on-mobile\" style=\"grid-template-columns:15% auto\"><figure class=\"wp-block-media-text__media\"><img loading=\"lazy\" decoding=\"async\" width=\"204\" height=\"221\" src=\"https:\/\/acc-france.fr\/accfranc741\/wp-content\/uploads\/2020\/12\/zone-1@4x-5.png\" alt=\"\" class=\"wp-image-451 size-full\"\/><\/figure><div class=\"wp-block-media-text__content\">\n<p class=\"has-text-align-left has-text-color\" style=\"color:#20284f\"><strong>Paris + Nord<br><\/strong>Chantal FERRO<br>Jean-Pierre KASEMIERCZAK<\/p>\n<\/div><\/div>\n\n\n\n<hr class=\"wp-block-separator has-css-opacity aligncenter\"\/>\n\n\n\n<div class=\"wp-block-media-text alignwide is-stacked-on-mobile\" style=\"grid-template-columns:15% auto\"><figure class=\"wp-block-media-text__media\"><img loading=\"lazy\" decoding=\"async\" width=\"204\" height=\"221\" src=\"https:\/\/acc-france.fr\/accfranc741\/wp-content\/uploads\/2020\/12\/Zone-2@4x-2.png\" alt=\"\" class=\"wp-image-449 size-full\"\/><\/figure><div class=\"wp-block-media-text__content\">\n<p class=\"has-text-align-left has-text-color\" style=\"color:#20284f;font-size:15px\"><strong>Est<br><\/strong>Patricia STUART<br>Paul MILLEMANN<br>Agn\u00e8s BARONCCINI<\/p>\n<\/div><\/div>\n\n\n\n<hr class=\"wp-block-separator has-css-opacity aligncenter\"\/>\n\n\n\n<div class=\"wp-block-media-text alignwide is-stacked-on-mobile\" style=\"grid-template-columns:15% auto\"><figure class=\"wp-block-media-text__media\"><img loading=\"lazy\" decoding=\"async\" width=\"204\" height=\"221\" src=\"https:\/\/acc-france.fr\/accfranc741\/wp-content\/uploads\/2020\/12\/Zone-3@4x-2.png\" alt=\"\" class=\"wp-image-455 size-full\"\/><\/figure><div class=\"wp-block-media-text__content\">\n<p class=\"has-text-align-left has-text-color\" style=\"color:#20284f\"><strong>Bourgogne\/Franche-Cont\u00e9 et Rh\u00f4ne Alpes<br><\/strong>G\u00e9rard HOAREAU<br>Martine HOAREAU<br>Agn\u00e8s BARONCCINI<\/p>\n\n\n\n<div class=\"wp-block-group\"><div class=\"wp-block-group__inner-container is-layout-flow wp-block-group-is-layout-flow\"><\/div><\/div>\n<\/div><\/div>\n\n\n\n<hr class=\"wp-block-separator has-css-opacity aligncenter\"\/>\n\n\n\n<div class=\"wp-block-media-text alignwide is-stacked-on-mobile\" style=\"grid-template-columns:15% auto\"><figure class=\"wp-block-media-text__media\"><img loading=\"lazy\" decoding=\"async\" width=\"204\" height=\"217\" src=\"https:\/\/acc-france.fr\/accfranc741\/wp-content\/uploads\/2020\/12\/Zone-4@4x-1.png\" alt=\"\" class=\"wp-image-456 size-full\"\/><\/figure><div class=\"wp-block-media-text__content\">\n<p class=\"has-text-align-left has-text-color\" style=\"color:#20284f\"><strong>Ouest + Sud + Outre-mer<br><\/strong>Jacques POUJOL<br>Jean-Pierre KASEMIERCZAK<\/p>\n<\/div><\/div>\n<\/div>\n<\/div>\n\n\n\n<p class=\"has-text-align-center has-text-color has-medium-font-size\" style=\"color:#20284f\"><strong><br>Commission nationale pour les dossiers de formations et de formateurs<br><\/strong>Paul MILLEMANN et G\u00e9rard HOAREAU<\/p>\n\n\n\n<hr class=\"wp-block-separator has-css-opacity\"\/>\n\n\n\n<p class=\"has-text-align-center has-text-color has-medium-font-size\" style=\"color:#20284f\"><em>Vous souhaitez faire une <strong>demande d\u2019accr\u00e9ditation<\/strong>\u00a0? Une fois compl\u00e9t\u00e9, envoyez votre dossier au Secr\u00e9tariat national par courrier \u00e0 l\u2019adresse suivante\u00a0: <strong>ACC &#8211; France, <\/strong><\/em>10 Place des Hirondelles 59267 PROVILLE<em>. Celui-ci sera alors transmis \u00e0 la commission r\u00e9gionale concern\u00e9e.\u00a0<\/em><\/p>\n\n\n\n<p><\/p>\n\n\n\n<p><\/p>\n","protected":false},"excerpt":{"rendered":"<p>Le r\u00f4le de la Commission d&rsquo;Accr\u00e9ditation : Accr\u00e9diter des \u00e9coutants (minimum 120 heures de formation) et des conseillers (minimum 400 heures de formation) en relation d&rsquo;aide chr\u00e9tienne en \u00e9valuant leurs connaissances th\u00e9oriques et leurs comp\u00e9tences pratiques. Reconna\u00eetre des formateurs et des formations en relation d&rsquo;aide chr\u00e9tienne. Comment cela s&rsquo;organise ? Une commission nationaleLa commission nationale<\/p><\/div>\n<div class=\"blog-btn\"><a href=\"https:\/\/acc-france.fr\/accfranc741\/?page_id=409\" class=\"home-blog-btn\">Lire la suite<\/a><\/p>\n","protected":false},"author":1,"featured_media":0,"parent":0,"menu_order":0,"comment_status":"closed","ping_status":"closed","template":"","meta":{"footnotes":""},"class_list":["post-409","page","type-page","status-publish","hentry"],"_links":{"self":[{"href":"https:\/\/acc-france.fr\/accfranc741\/index.php?rest_route=\/wp\/v2\/pages\/409","targetHints":{"allow":["GET"]}}],"collection":[{"href":"https:\/\/acc-france.fr\/accfranc741\/index.php?rest_route=\/wp\/v2\/pages"}],"about":[{"href":"https:\/\/acc-france.fr\/accfranc741\/index.php?rest_route=\/wp\/v2\/types\/page"}],"author":[{"embeddable":true,"href":"https:\/\/acc-france.fr\/accfranc741\/index.php?rest_route=\/wp\/v2\/users\/1"}],"replies":[{"embeddable":true,"href":"https:\/\/acc-france.fr\/accfranc741\/index.php?rest_route=%2Fwp%2Fv2%2Fcomments&post=409"}],"version-history":[{"count":37,"href":"https:\/\/acc-france.fr\/accfranc741\/index.php?rest_route=\/wp\/v2\/pages\/409\/revisions"}],"predecessor-version":[{"id":1610,"href":"https:\/\/acc-france.fr\/accfranc741\/index.php?rest_route=\/wp\/v2\/pages\/409\/revisions\/1610"}],"wp:attachment":[{"href":"https:\/\/acc-france.fr\/accfranc741\/index.php?rest_route=%2Fwp%2Fv2%2Fmedia&parent=409"}],"curies":[{"name":"wp","href":"https:\/\/api.w.org\/{rel}","templated":true}]}}