{"id":484,"date":"2020-12-27T20:05:59","date_gmt":"2020-12-27T19:05:59","guid":{"rendered":"http:\/\/acc-france.fr\/accfranc741\/?page_id=484"},"modified":"2026-04-23T10:12:48","modified_gmt":"2026-04-23T08:12:48","slug":"deontologie","status":"publish","type":"page","link":"https:\/\/acc-france.fr\/accfranc741\/?page_id=484","title":{"rendered":"D\u00e9ontologie"},"content":{"rendered":"<div class=\"wp-block-image\">\n<figure class=\"aligncenter size-large is-resized\"><img loading=\"lazy\" decoding=\"async\" width=\"700\" height=\"450\" src=\"https:\/\/acc-france.fr\/accfranc741\/wp-content\/uploads\/2021\/01\/Logo-deontologie-2.png\" alt=\"\" class=\"wp-image-918\" style=\"width:387px;height:248px\" srcset=\"https:\/\/acc-france.fr\/accfranc741\/wp-content\/uploads\/2021\/01\/Logo-deontologie-2.png 700w, https:\/\/acc-france.fr\/accfranc741\/wp-content\/uploads\/2021\/01\/Logo-deontologie-2-300x193.png 300w\" sizes=\"auto, (max-width: 700px) 100vw, 700px\" \/><\/figure>\n<\/div>\n\n\n<p class=\"has-text-align-center has-text-color has-medium-font-size\" style=\"color:#222a4e\">Ce <strong>Code d&rsquo;<strong>\u00c9<\/strong>thique<\/strong> est la base commune accept\u00e9e par ceux qui veulent devenir membres de l&rsquo;<strong>ACC France<\/strong>.<\/p>\n\n\n\n<p class=\"has-text-align-center has-text-color has-medium-font-size\" style=\"color:#222a4e\">Il donne un cadre de r\u00e9f\u00e9rence au sein duquel les conseillers chr\u00e9tiens exercent leurs comp\u00e9tences. Les \u00e9coutants s&rsquo;engagent \u00e0 respecter le m\u00eame code de d\u00e9ontologie et d&rsquo;\u00e9thique que celui des conseillers.<\/p>\n\n\n\n<hr class=\"wp-block-separator has-css-opacity is-style-dots\"\/>\n\n\n\n<p>Principes g\u00e9n\u00e9raux :<\/p>\n\n\n\n<ul style=\"color:#1f2c4e\" class=\"wp-block-list has-text-color\">\n<li>Le conseiller chr\u00e9tien ne doit <strong>ni abuser, ni exploiter<\/strong> le client financi\u00e8rement, sexuellement, \u00e9motionnellement, ni d&rsquo;aucune autre mani\u00e8re.\u00a0<\/li>\n<\/ul>\n\n\n\n<ul style=\"color:#1f2c4e\" class=\"wp-block-list has-text-color\">\n<li>Le client pouvant \u00eatre en situation de vuln\u00e9rabilit\u00e9, il faut le <strong>tenir inform\u00e9 et lui donner la possibilit\u00e9 de s&rsquo;exprimer <\/strong>\u00e0 chaque \u00e9tape de la relation d&rsquo;aide. La base de la relation entre le conseiller et le client doit \u00eatre explicite avant de commencer.<\/li>\n<\/ul>\n\n\n\n<ul style=\"color:#1f2c4e\" class=\"wp-block-list has-text-color\">\n<li>Chaque conseiller chr\u00e9tien doit se garantir d&rsquo;un <strong>soutien tant psychologique que spirituel.<\/strong><\/li>\n<\/ul>\n\n\n\n<ul style=\"color:#1f2c4e\" class=\"wp-block-list has-text-color\">\n<li>Le conseiller doit \u0153uvrer pour <strong>aider le client \u00e0 atteindre une autonomie dans sa vie<\/strong> et lui donner la possibilit\u00e9 de prendre ses d\u00e9cisions et d&rsquo;op\u00e9rer des changements en accord avec ses propres croyances et valeurs. Il <strong>respecte le choix du client<\/strong> et s&rsquo;interdit le pros\u00e9lytisme.<\/li>\n<\/ul>\n\n\n\n<ul style=\"color:#1f2c4e\" class=\"wp-block-list has-text-color\">\n<li>Le client doit \u00eatre <strong>averti de la pr\u00e9sence d&rsquo;un conseiller-stagiaire<\/strong>. Quand des enregistrements \u00e9crits, vid\u00e9os ou audio sont conserv\u00e9s, le client doit en \u00eatre averti. A la demande de celui-ci, on doit lui donner acc\u00e8s \u00e0 ces enregistrements, l&rsquo;informer si on les communique \u00e0 d&rsquo;autres et garantir la confidentialit\u00e9.<\/li>\n<\/ul>\n\n\n\n<ul style=\"color:#1f2c4e\" class=\"wp-block-list has-text-color\">\n<li>Le conseiller doit <strong>envisager avec le client une autre th\u00e9rapie ou un autre r\u00e9seau d&rsquo;aide si n\u00e9cessaire.<\/strong><\/li>\n<\/ul>\n\n\n\n<ul style=\"color:#1f2c4e\" class=\"wp-block-list has-text-color\">\n<li>Il se peut que des circonstances exceptionnelles am\u00e8nent le conseiller \u00e0 penser que <strong>le client est dangereux<\/strong> pour lui-m\u00eame ou pour autrui. Dans de telles circonstances, <strong>les autorit\u00e9s<\/strong> comp\u00e9tentes doivent \u00eatre imp\u00e9rativement <strong>averties<\/strong>.<\/li>\n<\/ul>\n\n\n\n<ul style=\"color:#1f2c4e\" class=\"wp-block-list has-text-color\">\n<li>Le conseiller doit veiller \u00e0 ce que la<strong> confidentialit\u00e9<\/strong> ne soit pas lev\u00e9e dans un contexte de soutien de pri\u00e8re sans l&rsquo;accord du client.<\/li>\n<\/ul>\n\n\n\n<ul style=\"color:#1f2c4e\" class=\"wp-block-list has-text-color\">\n<li>Le conseiller doit \u00eatre <strong>conscient de ses limites<\/strong> et, si besoin est, faire <strong>appel au superviseur<\/strong> ou \u00e0 un autre consultant. Il ne doit plus exercer lorsqu&rsquo;il est perturb\u00e9 par des difficult\u00e9s personnelles ou \u00e9motionnelles.<\/li>\n<\/ul>\n\n\n\n<ul style=\"color:#1f2c4e\" class=\"wp-block-list has-text-color\">\n<li>Qu&rsquo;il soit pay\u00e9 ou b\u00e9n\u00e9vole, le conseiller doit <strong>agir<\/strong> de fa\u00e7on <strong>professionnelle<\/strong>. Pour cela, il a re\u00e7u une formation ad\u00e9quate avant de commencer son activit\u00e9 et s&rsquo;engage \u00e0 suivre une <strong>formation continue<\/strong> ainsi qu&rsquo;une supervision.<\/li>\n<\/ul>\n\n\n\n<ul style=\"color:#1f2c4e\" class=\"wp-block-list has-text-color\">\n<li>Toutes les <strong>plaintes<\/strong> concernant un conseiller doivent \u00eatre port\u00e9es <strong>verbalement et par \u00e9crit au comit\u00e9 directeur de l&rsquo;ACC<\/strong>. Les seules plaintes pouvant \u00eatre re\u00e7ues sont celles ayant trait \u00e0 un manquement au code d&rsquo;\u00e9thique.<\/li>\n<\/ul>\n\n\n\n<ul style=\"color:#1f2c4e\" class=\"wp-block-list has-text-color\">\n<li>Aspects juridiques : le conseiller doit toujours se <strong>soumettre \u00e0 la loi<\/strong>. Il est donc dans l&rsquo;obligation de se tenir au courant des diff\u00e9rentes lois qui r\u00e9gissent sa pratique de la relation d&rsquo;aide.<\/li>\n<\/ul>\n","protected":false},"excerpt":{"rendered":"<p>Ce Code d&rsquo;\u00c9thique est la base commune accept\u00e9e par ceux qui veulent devenir membres de l&rsquo;ACC France. Il donne un cadre de r\u00e9f\u00e9rence au sein duquel les conseillers chr\u00e9tiens exercent leurs comp\u00e9tences. Les \u00e9coutants s&rsquo;engagent \u00e0 respecter le m\u00eame code de d\u00e9ontologie et d&rsquo;\u00e9thique que celui des conseillers. Principes g\u00e9n\u00e9raux :<\/p>\n","protected":false},"author":1,"featured_media":0,"parent":0,"menu_order":0,"comment_status":"closed","ping_status":"closed","template":"","meta":{"footnotes":""},"class_list":["post-484","page","type-page","status-publish","hentry"],"_links":{"self":[{"href":"https:\/\/acc-france.fr\/accfranc741\/index.php?rest_route=\/wp\/v2\/pages\/484","targetHints":{"allow":["GET"]}}],"collection":[{"href":"https:\/\/acc-france.fr\/accfranc741\/index.php?rest_route=\/wp\/v2\/pages"}],"about":[{"href":"https:\/\/acc-france.fr\/accfranc741\/index.php?rest_route=\/wp\/v2\/types\/page"}],"author":[{"embeddable":true,"href":"https:\/\/acc-france.fr\/accfranc741\/index.php?rest_route=\/wp\/v2\/users\/1"}],"replies":[{"embeddable":true,"href":"https:\/\/acc-france.fr\/accfranc741\/index.php?rest_route=%2Fwp%2Fv2%2Fcomments&post=484"}],"version-history":[{"count":16,"href":"https:\/\/acc-france.fr\/accfranc741\/index.php?rest_route=\/wp\/v2\/pages\/484\/revisions"}],"predecessor-version":[{"id":2345,"href":"https:\/\/acc-france.fr\/accfranc741\/index.php?rest_route=\/wp\/v2\/pages\/484\/revisions\/2345"}],"wp:attachment":[{"href":"https:\/\/acc-france.fr\/accfranc741\/index.php?rest_route=%2Fwp%2Fv2%2Fmedia&parent=484"}],"curies":[{"name":"wp","href":"https:\/\/api.w.org\/{rel}","templated":true}]}}