{"id":544,"date":"2020-12-27T23:58:48","date_gmt":"2020-12-27T22:58:48","guid":{"rendered":"http:\/\/acc-france.fr\/accfranc741\/?page_id=544"},"modified":"2021-01-06T22:52:48","modified_gmt":"2021-01-06T21:52:48","slug":"accompagnements","status":"publish","type":"page","link":"https:\/\/acc-france.fr\/accfranc741\/?page_id=544","title":{"rendered":"Accompagnements"},"content":{"rendered":"\n<div class=\"wp-block-image\"><figure class=\"aligncenter size-large\"><img loading=\"lazy\" decoding=\"async\" width=\"696\" height=\"321\" src=\"https:\/\/acc-france.fr\/accfranc741\/wp-content\/uploads\/2020\/12\/accompagnement.jpg\" alt=\"\" class=\"wp-image-547\" srcset=\"https:\/\/acc-france.fr\/accfranc741\/wp-content\/uploads\/2020\/12\/accompagnement.jpg 696w, https:\/\/acc-france.fr\/accfranc741\/wp-content\/uploads\/2020\/12\/accompagnement-300x138.jpg 300w\" sizes=\"auto, (max-width: 696px) 100vw, 696px\" \/><\/figure><\/div>\n\n\n\n<h2 class=\"has-text-align-center has-text-color wp-block-heading\" style=\"color:#212750\">Vous pouvez nous faire confiance !<\/h2>\n\n\n\n<p class=\"has-text-align-center has-text-color\" style=\"color:#212750\">Pour \u00eatre accr\u00e9dit\u00e9 aupr\u00e8s de l&rsquo;<strong>ACC-France<\/strong>, un \u00e9coutant doit justifier de 120 heures de formation, et un conseiller doit justifier de 400 heures. De plus, les accr\u00e9dit\u00e9s font l&rsquo;objet d&rsquo;un suivi et d&rsquo;une formation continue et doivent adh\u00e9rer \u00e0 un <a rel=\"noreferrer noopener\" href=\"https:\/\/acc-france.fr\/accfranc741\/?page_id=484\" target=\"_blank\"><strong><em>code<\/em><\/strong> <strong><em>moral.<\/em><\/strong><\/a><\/p>\n\n\n\n<p class=\"has-text-align-center has-text-color\" style=\"color:#212750\">Tout cela pour vous permettre de vous confier dans un cadre s\u00e9curis\u00e9. Que ce soit parce que vous avez besoin de faire le point ou que vous voulez consulter pour un probl\u00e8me pr\u00e9cis, nos \u00e9coutants et conseillers seront ouverts et vous aideront \u00e0 avancer.<\/p>\n\n\n\n<p class=\"has-text-align-center has-text-color\" style=\"color:#212750\">Les ma\u00eetres mots d&rsquo;un accompagnement sont <strong>CONFIDENTIALIT\u00c9<\/strong>, <strong>NON JUGEMENT<\/strong>, <strong>TRAVAIL SUR SOI<\/strong> et <strong>FOI CHR\u00c9TIENNE<\/strong>.<\/p>\n\n\n\n<p class=\"has-text-align-center has-text-color\" style=\"color:#212750\">Pour trouver un accompagnement dans votre r\u00e9gion, cliquez par ici :<\/p>\n\n\n\n<hr class=\"wp-block-separator is-style-dots\"\/>\n\n\n\n<div class=\"wp-block-buttons aligncenter is-layout-flex wp-block-buttons-is-layout-flex\">\n<div class=\"wp-block-button\"><a class=\"wp-block-button__link has-background\" href=\"https:\/\/acc-france.fr\/accfranc741\/?page_id=189\" style=\"border-radius:50px;background-color:#212750\" target=\"_blank\" rel=\"noreferrer noopener\">Trouver un accompagnant<\/a><\/div>\n<\/div>\n\n\n\n<p><\/p>\n","protected":false},"excerpt":{"rendered":"<p>Vous pouvez nous faire confiance ! Pour \u00eatre accr\u00e9dit\u00e9 aupr\u00e8s de l&rsquo;ACC-France, un \u00e9coutant doit justifier de 120 heures de formation, et un conseiller doit justifier de 400 heures. De plus, les accr\u00e9dit\u00e9s font l&rsquo;objet d&rsquo;un suivi et d&rsquo;une formation continue et doivent adh\u00e9rer \u00e0 un code moral. Tout cela pour vous permettre de vous<\/p><\/div>\n<div class=\"blog-btn\"><a href=\"https:\/\/acc-france.fr\/accfranc741\/?page_id=544\" class=\"home-blog-btn\">Lire la suite<\/a><\/p>\n","protected":false},"author":1,"featured_media":0,"parent":0,"menu_order":0,"comment_status":"closed","ping_status":"closed","template":"","meta":{"footnotes":""},"class_list":["post-544","page","type-page","status-publish","hentry"],"_links":{"self":[{"href":"https:\/\/acc-france.fr\/accfranc741\/index.php?rest_route=\/wp\/v2\/pages\/544","targetHints":{"allow":["GET"]}}],"collection":[{"href":"https:\/\/acc-france.fr\/accfranc741\/index.php?rest_route=\/wp\/v2\/pages"}],"about":[{"href":"https:\/\/acc-france.fr\/accfranc741\/index.php?rest_route=\/wp\/v2\/types\/page"}],"author":[{"embeddable":true,"href":"https:\/\/acc-france.fr\/accfranc741\/index.php?rest_route=\/wp\/v2\/users\/1"}],"replies":[{"embeddable":true,"href":"https:\/\/acc-france.fr\/accfranc741\/index.php?rest_route=%2Fwp%2Fv2%2Fcomments&post=544"}],"version-history":[{"count":15,"href":"https:\/\/acc-france.fr\/accfranc741\/index.php?rest_route=\/wp\/v2\/pages\/544\/revisions"}],"predecessor-version":[{"id":881,"href":"https:\/\/acc-france.fr\/accfranc741\/index.php?rest_route=\/wp\/v2\/pages\/544\/revisions\/881"}],"wp:attachment":[{"href":"https:\/\/acc-france.fr\/accfranc741\/index.php?rest_route=%2Fwp%2Fv2%2Fmedia&parent=544"}],"curies":[{"name":"wp","href":"https:\/\/api.w.org\/{rel}","templated":true}]}}