{"id":693,"date":"2020-12-30T22:50:49","date_gmt":"2020-12-30T21:50:49","guid":{"rendered":"http:\/\/acc-france.fr\/accfranc741\/?page_id=693"},"modified":"2024-12-20T15:02:23","modified_gmt":"2024-12-20T14:02:23","slug":"ouest","status":"publish","type":"page","link":"https:\/\/acc-france.fr\/accfranc741\/?page_id=693","title":{"rendered":"Normandie\/Bretagne\/Pays de Loire"},"content":{"rendered":"\n<p class=\"has-text-color has-medium-font-size\" style=\"color:#20284f\"><strong>Les accompagnants accr\u00e9dit\u00e9s par l&rsquo;ACC en Normandie\/Bretagne\/Pays de Loire.<\/strong><\/p>\n\n\n\n<hr class=\"wp-block-separator has-css-opacity is-style-dots\"\/>\n\n\n\n<figure class=\"wp-block-table\"><table class=\"has-black-color has-text-color\"><thead><tr><th class=\"has-text-align-center\" data-align=\"center\">NOM<br>Pr\u00e9nom<\/th><th class=\"has-text-align-center\" data-align=\"center\">Qualit\u00e9(s)<\/th><th class=\"has-text-align-center\" data-align=\"center\">Adresse<\/th><th class=\"has-text-align-center\" data-align=\"center\">Contact<\/th><\/tr><\/thead><tbody><tr><td class=\"has-text-align-center\" data-align=\"center\"><strong>BOURGEADE<br>Evelyne<\/strong><\/td><td class=\"has-text-align-center\" data-align=\"center\">Conseill\u00e8re<\/td><td class=\"has-text-align-center\" data-align=\"center\">49 ANGER<\/td><td class=\"has-text-align-center\" data-align=\"center\">06 34 02 71 50<br><a href=\"mailto:bourgeadeevelyne@gmail.com\">bourgeadeevelyne@gmail.com<\/a><br><strong><span class=\"has-inline-color has-luminous-vivid-orange-color\">VISIO<\/span><\/strong><\/td><\/tr><tr><td class=\"has-text-align-center\" data-align=\"center\"><strong>FAISANT<br><\/strong>Marie-Maud<\/td><td class=\"has-text-align-center\" data-align=\"center\">Conseill\u00e8re<\/td><td class=\"has-text-align-center\" data-align=\"center\">14 AUTHIE<\/td><td class=\"has-text-align-center\" data-align=\"center\">06 44 14 30 60<br><a href=\"mailto:mariemaud.faisant@gmail.com\" target=\"_blank\" rel=\"noreferrer noopener\">mariemaud.faisant@gmail.com<\/a><\/td><\/tr><tr><td class=\"has-text-align-center\" data-align=\"center\"><strong>FERRO<\/strong><br>Chantal<\/td><td class=\"has-text-align-center\" data-align=\"center\">Conseill\u00e8re<\/td><td class=\"has-text-align-center\" data-align=\"center\">76620 LE HAVRE<\/td><td class=\"has-text-align-center\" data-align=\"center\">09 54 85 08 81<br>06 62 17 65 95<br><a href=\"mailto:chantal.ferro.cf@gmail.com\">chantal.ferro.cf@gmail.com<\/a><br><strong><span class=\"has-inline-color has-luminous-vivid-orange-color\">VISIO<\/span><\/strong><\/td><\/tr><tr><td class=\"has-text-align-center\" data-align=\"center\"><strong>SAUVE<br>Tony<\/strong><\/td><td class=\"has-text-align-center\" data-align=\"center\">Ecoutant<\/td><td class=\"has-text-align-center\" data-align=\"center\">53 LAVAL<\/td><td class=\"has-text-align-center\" data-align=\"center\">07 85 90 40 82<br><a href=\"mailto:famsave@laposte.net\" target=\"_blank\" rel=\"noreferrer noopener\">famsave@laposte.net<\/a>&nbsp;<br><strong><mark style=\"background-color:rgba(0, 0, 0, 0)\" class=\"has-inline-color has-luminous-vivid-orange-color\">VISIO<\/mark><\/strong><\/td><\/tr><tr><td class=\"has-text-align-center\" data-align=\"center\"><br><strong>BOURG<br>H\u00e9l\u00e8ne<\/strong><br><\/td><td class=\"has-text-align-center\" data-align=\"center\">Conseill\u00e8re<br>Cons. Conjugale et Familiale<br>Sexologue<\/td><td class=\"has-text-align-center\" data-align=\"center\">49 ANGERS<\/td><td class=\"has-text-align-center\" data-align=\"center\">06 86 69 14 95<br><a rel=\"noreferrer noopener\" href=\"mailto:contact@ccf-hbourg.fr\" target=\"_blank\">contact@ccf-hbourg.fr<\/a><br><a rel=\"noreferrer noopener\" href=\"https:\/\/ccf-hbourg.fr\/\" target=\"_blank\">https:\/\/ccf-hbourg.fr<\/a><br><strong><mark style=\"background-color:rgba(0, 0, 0, 0)\" class=\"has-inline-color has-vivid-red-color\">VISIO<\/mark><\/strong><\/td><\/tr><\/tbody><\/table><\/figure>\n\n\n\n<p><\/p>\n","protected":false},"excerpt":{"rendered":"<p>Les accompagnants accr\u00e9dit\u00e9s par l&rsquo;ACC en Normandie\/Bretagne\/Pays de Loire. NOMPr\u00e9nom Qualit\u00e9(s) Adresse Contact BOURGEADEEvelyne Conseill\u00e8re 49 ANGER 06 34 02 71 50bourgeadeevelyne@gmail.comVISIO FAISANTMarie-Maud Conseill\u00e8re 14 AUTHIE 06 44 14 30 60mariemaud.faisant@gmail.com FERROChantal Conseill\u00e8re 76620 LE HAVRE 09 54 85 08 8106 62 17 65 95chantal.ferro.cf@gmail.comVISIO SAUVETony Ecoutant 53 LAVAL 07 85 90 40 82famsave@laposte.net&nbsp;VISIO BOURGH\u00e9l\u00e8ne<\/p><\/div>\n<div class=\"blog-btn\"><a href=\"https:\/\/acc-france.fr\/accfranc741\/?page_id=693\" class=\"home-blog-btn\">Lire la suite<\/a><\/p>\n","protected":false},"author":1,"featured_media":0,"parent":0,"menu_order":0,"comment_status":"closed","ping_status":"closed","template":"","meta":{"footnotes":""},"class_list":["post-693","page","type-page","status-publish","hentry"],"_links":{"self":[{"href":"https:\/\/acc-france.fr\/accfranc741\/index.php?rest_route=\/wp\/v2\/pages\/693","targetHints":{"allow":["GET"]}}],"collection":[{"href":"https:\/\/acc-france.fr\/accfranc741\/index.php?rest_route=\/wp\/v2\/pages"}],"about":[{"href":"https:\/\/acc-france.fr\/accfranc741\/index.php?rest_route=\/wp\/v2\/types\/page"}],"author":[{"embeddable":true,"href":"https:\/\/acc-france.fr\/accfranc741\/index.php?rest_route=\/wp\/v2\/users\/1"}],"replies":[{"embeddable":true,"href":"https:\/\/acc-france.fr\/accfranc741\/index.php?rest_route=%2Fwp%2Fv2%2Fcomments&post=693"}],"version-history":[{"count":18,"href":"https:\/\/acc-france.fr\/accfranc741\/index.php?rest_route=\/wp\/v2\/pages\/693\/revisions"}],"predecessor-version":[{"id":2050,"href":"https:\/\/acc-france.fr\/accfranc741\/index.php?rest_route=\/wp\/v2\/pages\/693\/revisions\/2050"}],"wp:attachment":[{"href":"https:\/\/acc-france.fr\/accfranc741\/index.php?rest_route=%2Fwp%2Fv2%2Fmedia&parent=693"}],"curies":[{"name":"wp","href":"https:\/\/api.w.org\/{rel}","templated":true}]}}