{"id":696,"date":"2020-12-30T22:51:07","date_gmt":"2020-12-30T21:51:07","guid":{"rendered":"http:\/\/acc-france.fr\/accfranc741\/?page_id=696"},"modified":"2025-12-29T17:26:39","modified_gmt":"2025-12-29T16:26:39","slug":"nord-et-est","status":"publish","type":"page","link":"https:\/\/acc-france.fr\/accfranc741\/?page_id=696","title":{"rendered":"Grand-Est"},"content":{"rendered":"\n<p class=\"has-text-color has-medium-font-size\" style=\"color:#20284f\"><strong>Les accompagnants accr\u00e9dit\u00e9s par l\u2019ACC dans le Grand-Est.<\/strong><\/p>\n\n\n\n<hr class=\"wp-block-separator has-css-opacity is-style-dots\"\/>\n\n\n\n<p class=\"has-text-color has-medium-font-size\" style=\"color:#20284f\"><strong>ALSACE<\/strong><\/p>\n\n\n\n<figure class=\"wp-block-table\"><table><thead><tr><th class=\"has-text-align-center\" data-align=\"center\">NOM<br>Pr\u00e9nom<\/th><th class=\"has-text-align-center\" data-align=\"center\">Qualit\u00e9(s)<\/th><th class=\"has-text-align-center\" data-align=\"center\">Adresse<\/th><th class=\"has-text-align-center\" data-align=\"center\">Contacts<\/th><\/tr><\/thead><tbody><tr><td class=\"has-text-align-center\" data-align=\"center\"><strong>BARONCINI&nbsp;<br>Agn\u00e8s<\/strong><\/td><td class=\"has-text-align-center\" data-align=\"center\">Conseill\u00e8re<br>Formatrice<\/td><td class=\"has-text-align-center\" data-align=\"center\">( Famille je t&rsquo;aime )<br>67400 ILLKIRCH GRAFENSTADEN<\/td><td class=\"has-text-align-center\" data-align=\"center\">06 60 74 68 90<br><a href=\"mailto:baroncinia@gmail.com\">baroncinia@gmail.com<\/a><br><strong><span class=\"has-inline-color has-luminous-vivid-orange-color\">VISIO<\/span><\/strong><\/td><\/tr><tr><td class=\"has-text-align-center\" data-align=\"center\"><strong>GREINER&nbsp;<br>Marline<\/strong><\/td><td class=\"has-text-align-center\" data-align=\"center\">Conseill\u00e8re<\/td><td class=\"has-text-align-center\" data-align=\"center\">67290 WEISLINGEN<\/td><td class=\"has-text-align-center\" data-align=\"center\">03 88 01 58 58<br>06 88 77 04 00<br><a href=\"mailto:marline-greiner@gmail.com\">marline-greiner@gmail.com<\/a><br><strong><span class=\"has-inline-color has-luminous-vivid-orange-color\">VISIO<\/span><\/strong><\/td><\/tr><tr><td class=\"has-text-align-center\" data-align=\"center\"><strong>HAESSIG&nbsp;<br>Arlette<\/strong><\/td><td class=\"has-text-align-center\" data-align=\"center\">Conseill\u00e8re<br>Psychologue <\/td><td class=\"has-text-align-center\" data-align=\"center\"><br>67250 SOULTZ-SOUS-FORETS<\/td><td class=\"has-text-align-center\" data-align=\"center\">06 87 04 60 60<br><a href=\"mailto:arlette.haessig@gmail.com\">arlette.haessig@gmail.com<\/a><br><strong><span class=\"has-inline-color has-luminous-vivid-orange-color\">VISIO<\/span><\/strong><\/td><\/tr><tr><td class=\"has-text-align-center\" data-align=\"center\"><strong>KOERBER&nbsp;<br>Mariette<\/strong><\/td><td class=\"has-text-align-center\" data-align=\"center\">Conseill\u00e8re et<br>conseill\u00e8re conjugale et familial<\/td><td class=\"has-text-align-center\" data-align=\"center\">68300 ST LOUIS<\/td><td class=\"has-text-align-center\" data-align=\"center\">03 89 69 10 79<br><a href=\"mailto:mariette.koerber@sfr.fr\">mariette.koerber@sfr.fr<\/a><\/td><\/tr><tr><td class=\"has-text-align-center\" data-align=\"center\"><strong>MILLEMANN&nbsp;<br>Paul et Isabelle<\/strong><\/td><td class=\"has-text-align-center\" data-align=\"center\">Conseillers<br>Formateurs<br>&nbsp;Superviseur<br>Psychologues<br>Psychoth\u00e9rapeutes th\u00e9rapie familiale<br>M\u00e9diateur professionnel<\/td><td class=\"has-text-align-center\" data-align=\"center\">68130 CARSPACH<\/td><td class=\"has-text-align-center\" data-align=\"center\">03 68 06 51 73<br>06 31 69 70 40<br><a href=\"mailto:paul.millemann@gmail.com\">paul.millemann@gmail.com<\/a><br><a href=\"mailto:i.millemann@gmail.com\">i.millemann@gmail.com<\/a><br><strong><span class=\"has-inline-color has-luminous-vivid-orange-color\">VISIO<\/span><\/strong><\/td><\/tr><tr><td class=\"has-text-align-center\" data-align=\"center\"><strong>SINCLAIR-KUEN&nbsp;<br>Nelly<\/strong><\/td><td class=\"has-text-align-center\" data-align=\"center\">Conseill\u00e8re<br>Superviseur<\/td><td class=\"has-text-align-center\" data-align=\"center\">67000 STRASBOURG<\/td><td class=\"has-text-align-center\" data-align=\"center\">06 14 03 59 64 <a href=\"mailto:contact@latraversee.alsace\">contact@latraversee.alsace<\/a><br><strong><mark style=\"background-color:rgba(0, 0, 0, 0)\" class=\"has-inline-color has-luminous-vivid-orange-color\">VISIO<\/mark><\/strong><\/td><\/tr><tr><td class=\"has-text-align-center\" data-align=\"center\"><strong>STUART&nbsp;<br>Patricia et Walter<\/strong><\/td><td class=\"has-text-align-center\" data-align=\"center\">Conseillers<br>Formateurs<br>Superviseur&nbsp;<br>Psychoth\u00e9rapeute<br>&nbsp;Dr en Th\u00e9ologie et RA<\/td><td class=\"has-text-align-center\" data-align=\"center\">( Famille je t&rsquo;aime )<br>68500 GUEBWILLER<\/td><td class=\"has-text-align-center\" data-align=\"center\">03 89 76 31 59<br><a href=\"mailto:walt.stuart@crossworld.org\">walt.stuart@crossworld.org<\/a> <a href=\"mailto:patricia.stuart@crossworld.org\">patricia.stuart@crossworld.org<\/a><br><strong><span class=\"has-inline-color has-luminous-vivid-orange-color\">VISIO<\/span><\/strong><\/td><\/tr><tr><td class=\"has-text-align-center\" data-align=\"center\"><strong>WENDLING<br>Karina<\/strong><\/td><td class=\"has-text-align-center\" data-align=\"center\">Conseill\u00e8re<\/td><td class=\"has-text-align-center\" data-align=\"center\"><br>68140 MUNSTER<\/td><td class=\"has-text-align-center\" data-align=\"center\">Indisponible actuellement<\/td><\/tr><tr><td class=\"has-text-align-center\" data-align=\"center\"><strong>YEREMIAN&nbsp;<br>Christiane<\/strong><\/td><td class=\"has-text-align-center\" data-align=\"center\">Conseill\u00e8re<br>Psychologue<\/td><td class=\"has-text-align-center\" data-align=\"center\">( EPIS )<br>67100 STRASBOURG<\/td><td class=\"has-text-align-center\" data-align=\"center\">06 08 68 31 33<br><a href=\"mailto:cyeremian@gmail.com\">cyeremian@gmail.com<\/a><br><strong><span class=\"has-inline-color has-luminous-vivid-orange-color\">VISIO<\/span><\/strong><\/td><\/tr><\/tbody><\/table><\/figure>\n\n\n\n<hr class=\"wp-block-separator has-css-opacity is-style-dots\"\/>\n\n\n\n<p class=\"has-text-color has-medium-font-size\" style=\"color:#20284f\"><strong>LORRAINE<\/strong><\/p>\n\n\n\n<figure class=\"wp-block-table\"><table><thead><tr><th class=\"has-text-align-center\" data-align=\"center\">NOM<br>Pr\u00e9nom<\/th><th class=\"has-text-align-center\" data-align=\"center\">Qualit\u00e9(s)<\/th><th class=\"has-text-align-center\" data-align=\"center\">Adresse<\/th><th class=\"has-text-align-center\" data-align=\"center\">Contacts<\/th><\/tr><\/thead><tbody><tr><td class=\"has-text-align-center\" data-align=\"center\"><strong>COURTIN&nbsp;<br>Ouardia<\/strong><\/td><td class=\"has-text-align-center\" data-align=\"center\">Ecoutante ACC<br>Conseill\u00e8re FORAC<\/td><td class=\"has-text-align-center\" data-align=\"center\">54180&nbsp;HEILLECOURT<\/td><td class=\"has-text-align-center\" data-align=\"center\">06 71 83 90 61<br><a href=\"mailto:rdcourtin@gmail.com\">rdcourtin@gmail.com<\/a><\/td><\/tr><tr><td class=\"has-text-align-center\" data-align=\"center\"><strong>DUMAS&nbsp;<br>Bernadette<\/strong><\/td><td class=\"has-text-align-center\" data-align=\"center\">Ecoutante ACC<br>Conseill\u00e8re FORAC<\/td><td class=\"has-text-align-center\" data-align=\"center\">54000&nbsp;NANCY<\/td><td class=\"has-text-align-center\" data-align=\"center\">06 70 44 48 72<br><a href=\"mailto:bernadette.dumas@numericable.fr\">bernadette.dumas@numericable.fr<\/a><\/td><\/tr><tr><td class=\"has-text-align-center\" data-align=\"center\"><strong>MAMELLE&nbsp;<br>Brigitte<\/strong><\/td><td class=\"has-text-align-center\" data-align=\"center\">Ecoutante ACC<br>Conseill\u00e8re FORAC<\/td><td class=\"has-text-align-center\" data-align=\"center\">54710&nbsp;FLEVILLE-DEVANT-NANCY<\/td><td class=\"has-text-align-center\" data-align=\"center\">06 79 54 60 92<br><a href=\"mailto:mamellebrigitte@orange.fr\">mamellebrigitte@orange.fr<\/a><br><strong><mark style=\"background-color:rgba(0, 0, 0, 0)\" class=\"has-inline-color has-luminous-vivid-orange-color\">VISIO<\/mark><\/strong><\/td><\/tr><tr><td class=\"has-text-align-center\" data-align=\"center\"><strong>MELDEM&nbsp;<br>Christiane<\/strong><\/td><td class=\"has-text-align-center\" data-align=\"center\">Ecoutante ACC<br>Conseill\u00e8re FORAC<\/td><td class=\"has-text-align-center\" data-align=\"center\">54520&nbsp;LAXOU<\/td><td class=\"has-text-align-center\" data-align=\"center\">03 83 97 26 03<br>06 99 00 15 33<br><a href=\"mailto:christiane.meldem@laposte.net\">christianepm54@gmail.com<\/a><\/td><\/tr><tr><td class=\"has-text-align-center\" data-align=\"center\"><strong>PARKER&nbsp;<br>Jocelyne<\/strong><\/td><td class=\"has-text-align-center\" data-align=\"center\">Ecoutante ACC<br>Conseill\u00e8re FORAC<\/td><td class=\"has-text-align-center\" data-align=\"center\">54&nbsp;VILLERS LES NANCY<\/td><td class=\"has-text-align-center\" data-align=\"center\">03 83 22 74 13<br><a href=\"mailto:jocelyne@parkerz.net\">jocelyne@parkerz.net<\/a><\/td><\/tr><tr><td class=\"has-text-align-center\" data-align=\"center\"><strong>MENTREL&nbsp;<br>Nathalie<\/strong><\/td><td class=\"has-text-align-center\" data-align=\"center\">Conseill\u00e8re<br>Formatrice FJA<\/td><td class=\"has-text-align-center\" data-align=\"center\">88600 CHAMP LE DUC<\/td><td class=\"has-text-align-center\" data-align=\"center\">06 79 95 67 34 <a href=\"mailto:nath.mentrel@gmail.com\">nath.mentrel@gmail.com<\/a><\/td><\/tr><tr><td class=\"has-text-align-center\" data-align=\"center\"><strong>SCHMITT<br>Catherine<\/strong><\/td><td class=\"has-text-align-center\" data-align=\"center\">Conseill\u00e8re<\/td><td class=\"has-text-align-center\" data-align=\"center\">57670 VIBERSVILLER<\/td><td class=\"has-text-align-center\" data-align=\"center\">06 47 38 21 29<br><a href=\"mailto:schmittcp@wanadoo.fr\">schmittcp@wanadoo.fr<\/a><br><strong><mark style=\"background-color:rgba(0, 0, 0, 0)\" class=\"has-inline-color has-luminous-vivid-orange-color\">VISIO<\/mark><\/strong><\/td><\/tr><\/tbody><\/table><\/figure>\n\n\n\n<p><\/p>\n\n\n\n<hr class=\"wp-block-separator has-css-opacity is-style-dots\"\/>\n\n\n\n<p class=\"has-text-color has-medium-font-size\" style=\"color:#20284f\"><strong>CHAMPAGNE ARDENNES<\/strong><\/p>\n\n\n\n<figure class=\"wp-block-table\"><table><thead><tr><th class=\"has-text-align-center\" data-align=\"center\">NOM<br>Pr\u00e9nom<\/th><th class=\"has-text-align-center\" data-align=\"center\">Qualit\u00e9(s)<\/th><th class=\"has-text-align-center\" data-align=\"center\">Adresse<\/th><th class=\"has-text-align-center\" data-align=\"center\">Contact(s)<\/th><\/tr><\/thead><tbody><tr><td class=\"has-text-align-center\" data-align=\"center\"><strong>COURTET&nbsp;<br>Marie-Th\u00e9r\u00e8se<\/strong><\/td><td class=\"has-text-align-center\" data-align=\"center\">Conseill\u00e8re<br>&nbsp;Formatrice<\/td><td class=\"has-text-align-center\" data-align=\"center\">02400 CHATEAU-THIERRY<\/td><td class=\"has-text-align-center\" data-align=\"center\">03 23 70 59 27<br><a href=\"mailto:mthc@orange.fr\">mthc@orange.fr<\/a><br><strong><span class=\"has-inline-color has-luminous-vivid-orange-color\">VISIO<\/span><\/strong><\/td><\/tr><\/tbody><\/table><\/figure>\n\n\n\n<hr class=\"wp-block-separator has-css-opacity is-style-dots\"\/>\n\n\n\n<hr class=\"wp-block-separator has-css-opacity is-style-dots\"\/>\n\n\n\n<hr class=\"wp-block-separator has-css-opacity is-style-dots\"\/>\n\n\n\n<hr class=\"wp-block-separator has-css-opacity is-style-dots\"\/>\n\n\n\n<hr class=\"wp-block-separator has-css-opacity is-style-dots\"\/>\n","protected":false},"excerpt":{"rendered":"<p>Les accompagnants accr\u00e9dit\u00e9s par l\u2019ACC dans le Grand-Est. ALSACE NOMPr\u00e9nom Qualit\u00e9(s) Adresse Contacts BARONCINI&nbsp;Agn\u00e8s Conseill\u00e8reFormatrice ( Famille je t&rsquo;aime )67400 ILLKIRCH GRAFENSTADEN 06 60 74 68 90baroncinia@gmail.comVISIO GREINER&nbsp;Marline Conseill\u00e8re 67290 WEISLINGEN 03 88 01 58 5806 88 77 04 00marline-greiner@gmail.comVISIO HAESSIG&nbsp;Arlette Conseill\u00e8rePsychologue 67250 SOULTZ-SOUS-FORETS 06 87 04 60 60arlette.haessig@gmail.comVISIO KOERBER&nbsp;Mariette Conseill\u00e8re etconseill\u00e8re conjugale et familial<\/p><\/div>\n<div class=\"blog-btn\"><a href=\"https:\/\/acc-france.fr\/accfranc741\/?page_id=696\" class=\"home-blog-btn\">Lire la suite<\/a><\/p>\n","protected":false},"author":1,"featured_media":0,"parent":0,"menu_order":0,"comment_status":"closed","ping_status":"closed","template":"","meta":{"footnotes":""},"class_list":["post-696","page","type-page","status-publish","hentry"],"_links":{"self":[{"href":"https:\/\/acc-france.fr\/accfranc741\/index.php?rest_route=\/wp\/v2\/pages\/696","targetHints":{"allow":["GET"]}}],"collection":[{"href":"https:\/\/acc-france.fr\/accfranc741\/index.php?rest_route=\/wp\/v2\/pages"}],"about":[{"href":"https:\/\/acc-france.fr\/accfranc741\/index.php?rest_route=\/wp\/v2\/types\/page"}],"author":[{"embeddable":true,"href":"https:\/\/acc-france.fr\/accfranc741\/index.php?rest_route=\/wp\/v2\/users\/1"}],"replies":[{"embeddable":true,"href":"https:\/\/acc-france.fr\/accfranc741\/index.php?rest_route=%2Fwp%2Fv2%2Fcomments&post=696"}],"version-history":[{"count":53,"href":"https:\/\/acc-france.fr\/accfranc741\/index.php?rest_route=\/wp\/v2\/pages\/696\/revisions"}],"predecessor-version":[{"id":2291,"href":"https:\/\/acc-france.fr\/accfranc741\/index.php?rest_route=\/wp\/v2\/pages\/696\/revisions\/2291"}],"wp:attachment":[{"href":"https:\/\/acc-france.fr\/accfranc741\/index.php?rest_route=%2Fwp%2Fv2%2Fmedia&parent=696"}],"curies":[{"name":"wp","href":"https:\/\/api.w.org\/{rel}","templated":true}]}}