{"id":702,"date":"2020-12-30T22:51:42","date_gmt":"2020-12-30T21:51:42","guid":{"rendered":"http:\/\/acc-france.fr\/accfranc741\/?page_id=702"},"modified":"2025-05-26T10:37:38","modified_gmt":"2025-05-26T08:37:38","slug":"sud-ouest","status":"publish","type":"page","link":"https:\/\/acc-france.fr\/accfranc741\/?page_id=702","title":{"rendered":"Nouvelle-Aquitaine\/Occitanie"},"content":{"rendered":"\n<p class=\"has-text-color has-medium-font-size\" style=\"color:#20284f\"><strong>Les accompagnants accr\u00e9dit\u00e9s par l\u2019ACC dans la Nouvelle-Aquitaine et l&rsquo;Occitanie<\/strong><\/p>\n\n\n\n<figure class=\"wp-block-table\"><table><thead><tr><th class=\"has-text-align-center\" data-align=\"center\">NOM<br>Pr\u00e9nom<\/th><th class=\"has-text-align-center\" data-align=\"center\">Qualit\u00e9(s)<\/th><th class=\"has-text-align-center\" data-align=\"center\">Adresse<\/th><th class=\"has-text-align-center\" data-align=\"center\">Contact(s)<\/th><\/tr><\/thead><tbody><tr><td class=\"has-text-align-center\" data-align=\"center\"><strong>BARDIAU<br>Lucie<\/strong><\/td><td class=\"has-text-align-center\" data-align=\"center\">Conseill\u00e8re<\/td><td class=\"has-text-align-center\" data-align=\"center\">47 ROUMAGNE<\/td><td class=\"has-text-align-center\" data-align=\"center\">actuellement indisponible<\/td><\/tr><tr><td class=\"has-text-align-center\" data-align=\"center\"><strong>BURY<\/strong><br><strong>Cl\u00e9mence<\/strong><\/td><td class=\"has-text-align-center\" data-align=\"center\">Conseill\u00e8re <br>en Relation d&rsquo;Aide Chr\u00e9tienne<br>Pasteure UNEPREF<\/td><td class=\"has-text-align-center\" data-align=\"center\">30 ALES<\/td><td class=\"has-text-align-center\" data-align=\"center\">06 09 60 65 63<br><a href=\"mailto:buryclemence@gmail.com\" target=\"_blank\" rel=\"noreferrer noopener\">buryclemence@gmail.com<\/a><\/td><\/tr><tr><td class=\"has-text-align-center\" data-align=\"center\"><strong>CLAPOT<\/strong><br><strong>Fleur<\/strong><\/td><td class=\"has-text-align-center\" data-align=\"center\">Conseill\u00e8re<\/td><td class=\"has-text-align-center\" data-align=\"center\">31 PAULHAC<\/td><td class=\"has-text-align-center\" data-align=\"center\">07 62 10 65 90<br><a rel=\"noreferrer noopener\" href=\"mailto:fleur.clapot@gmail.com\" target=\"_blank\">fleur.clapot@gmail.com<\/a><br><strong><mark style=\"background-color:rgba(0, 0, 0, 0)\" class=\"has-inline-color has-luminous-vivid-orange-color\">VISIO<\/mark><\/strong><\/td><\/tr><tr><td class=\"has-text-align-center\" data-align=\"center\"><strong>GIRARD<\/strong><br><strong>Jennifer<\/strong><\/td><td class=\"has-text-align-center\" data-align=\"center\">Conseill\u00e8re<br>Missionnaire<br><\/td><td class=\"has-text-align-center\" data-align=\"center\">24 BERGERAC<\/td><td class=\"has-text-align-center\" data-align=\"center\">06 03 66 72 68<br><a href=\"mailto:jennie.girard@neuf.fr\" target=\"_blank\" rel=\"noreferrer noopener\">jennie.girard@neuf.fr<\/a><br><a href=\"http:\/\/www.faceauxtraumatismes.org\/\" target=\"_blank\" rel=\"noreferrer noopener\">www.faceauxtraumatismes.org<\/a><br><strong><mark style=\"background-color:rgba(0, 0, 0, 0)\" class=\"has-inline-color has-luminous-vivid-orange-color\">VISIO<\/mark><\/strong><\/td><\/tr><tr><td class=\"has-text-align-center\" data-align=\"center\"><strong>GONZALEZ<\/strong><br><strong>Nathalie<\/strong><\/td><td class=\"has-text-align-center\" data-align=\"center\">Conseill\u00e8re<br>Sage-femme<br>Sexologue<\/td><td class=\"has-text-align-center\" data-align=\"center\">30 AIMARGUES<\/td><td class=\"has-text-align-center\" data-align=\"center\">06 31 79 16 76<br>&nbsp;<a href=\"mailto:nathaliegonzalez.sf@gmail.com\" target=\"_blank\" rel=\"noreferrer noopener\">nathaliegonzalez.sf@gmail.com<\/a> <br><a href=\"https:\/\/godloveandsex.fr\/\" target=\"_blank\" rel=\"noreferrer noopener\">site internet<\/a><br> <strong><mark style=\"background-color:rgba(0, 0, 0, 0)\" class=\"has-inline-color has-luminous-vivid-orange-color\">VISIO<\/mark><\/strong><\/td><\/tr><tr><td class=\"has-text-align-center\" data-align=\"center\"><strong>FOURNIER<br>Philippe<\/strong><\/td><td class=\"has-text-align-center\" data-align=\"center\">Conseiller<br>Accompagnement Spirituel<\/td><td class=\"has-text-align-center\" data-align=\"center\">30<br>VEZENOBRES<\/td><td class=\"has-text-align-center\" data-align=\"center\">06 64 30 98 22_<br><a href=\"mailto:fournier.phm@gmail.com\">fournier.phm@gmail.com<\/a><br><a href=\"http:\/\/www.fournier-ph.com\/\" target=\"_blank\" rel=\"noreferrer noopener\">www.fournier-ph.com<\/a><br> <strong><mark style=\"background-color:rgba(0, 0, 0, 0)\" class=\"has-inline-color has-luminous-vivid-orange-color\">VISIO<\/mark><\/strong><\/td><\/tr><tr><td class=\"has-text-align-center\" data-align=\"center\"><strong>LEPAPE-SHWENTZEL&nbsp;<br>Anne<\/strong><\/td><td class=\"has-text-align-center\" data-align=\"center\">Conseill\u00e8re<br>Conseill\u00e8re conjugale et familiale<\/td><td class=\"has-text-align-center\" data-align=\"center\">24 CREYSSE<\/td><td class=\"has-text-align-center\" data-align=\"center\">06 26 68 59 37<br><a href=\"mailto:anne.shwentzel@orange.fr\">anne.shwentzel@orange.fr<\/a><br><strong><span class=\"has-inline-color has-luminous-vivid-orange-color\">VISIO<\/span><\/strong><\/td><\/tr><tr><td class=\"has-text-align-center\" data-align=\"center\"><strong>LANSSENS&nbsp;<br>Fran\u00e7oise<\/strong><\/td><td class=\"has-text-align-center\" data-align=\"center\">Conseill\u00e8re<br>Psychologue Clinicienne<br>accompagnement spirituel<\/td><td class=\"has-text-align-center\" data-align=\"center\">64 PAU<\/td><td class=\"has-text-align-center\" data-align=\"center\">06 78 95 73 05<br><a href=\"mailto:francoise.lanssens@wanadoo.fr\">francoise.lanssens@wanadoo.fr<\/a><br><strong><span class=\"has-inline-color has-luminous-vivid-orange-color\">VISIO<\/span><\/strong><\/td><\/tr><tr><td class=\"has-text-align-center\" data-align=\"center\"><strong>POUJOL\u00a0<br>Jacques<\/strong><\/td><td class=\"has-text-align-center\" data-align=\"center\">Conseillers<br>Formateurs<br>C Conjugal et Familial<br>Th\u00e9rapeute<\/td><td class=\"has-text-align-center\" data-align=\"center\">Empreinte<br>30121 MUS<\/td><td class=\"has-text-align-center\" data-align=\"center\">04 66 35 29 15<br><a href=\"mailto:jacquespoujol@hotmail.fr\" target=\"_blank\" rel=\"noreferrer noopener\">jacquespoujol@hotmail.fr<\/a><br><a href=\"https:\/\/relation-aide.com\/\" target=\"_blank\" rel=\"noreferrer noopener\">Site Web<\/a><br><strong><span class=\"has-inline-color has-luminous-vivid-orange-color\">VISIO<\/span><\/strong><\/td><\/tr><\/tbody><\/table><\/figure>\n\n\n\n<p><\/p>\n\n\n\n<p><\/p>\n","protected":false},"excerpt":{"rendered":"<p>Les accompagnants accr\u00e9dit\u00e9s par l\u2019ACC dans la Nouvelle-Aquitaine et l&rsquo;Occitanie NOMPr\u00e9nom Qualit\u00e9(s) Adresse Contact(s) BARDIAULucie Conseill\u00e8re 47 ROUMAGNE actuellement indisponible BURYCl\u00e9mence Conseill\u00e8re en Relation d&rsquo;Aide Chr\u00e9tiennePasteure UNEPREF 30 ALES 06 09 60 65 63buryclemence@gmail.com CLAPOTFleur Conseill\u00e8re 31 PAULHAC 07 62 10 65 90fleur.clapot@gmail.comVISIO GIRARDJennifer Conseill\u00e8reMissionnaire 24 BERGERAC 06 03 66 72 68jennie.girard@neuf.frwww.faceauxtraumatismes.orgVISIO GONZALEZNathalie Conseill\u00e8reSage-femmeSexologue 30<\/p><\/div>\n<div class=\"blog-btn\"><a href=\"https:\/\/acc-france.fr\/accfranc741\/?page_id=702\" class=\"home-blog-btn\">Lire la suite<\/a><\/p>\n","protected":false},"author":1,"featured_media":0,"parent":0,"menu_order":0,"comment_status":"closed","ping_status":"closed","template":"","meta":{"footnotes":""},"class_list":["post-702","page","type-page","status-publish","hentry"],"_links":{"self":[{"href":"https:\/\/acc-france.fr\/accfranc741\/index.php?rest_route=\/wp\/v2\/pages\/702","targetHints":{"allow":["GET"]}}],"collection":[{"href":"https:\/\/acc-france.fr\/accfranc741\/index.php?rest_route=\/wp\/v2\/pages"}],"about":[{"href":"https:\/\/acc-france.fr\/accfranc741\/index.php?rest_route=\/wp\/v2\/types\/page"}],"author":[{"embeddable":true,"href":"https:\/\/acc-france.fr\/accfranc741\/index.php?rest_route=\/wp\/v2\/users\/1"}],"replies":[{"embeddable":true,"href":"https:\/\/acc-france.fr\/accfranc741\/index.php?rest_route=%2Fwp%2Fv2%2Fcomments&post=702"}],"version-history":[{"count":28,"href":"https:\/\/acc-france.fr\/accfranc741\/index.php?rest_route=\/wp\/v2\/pages\/702\/revisions"}],"predecessor-version":[{"id":2189,"href":"https:\/\/acc-france.fr\/accfranc741\/index.php?rest_route=\/wp\/v2\/pages\/702\/revisions\/2189"}],"wp:attachment":[{"href":"https:\/\/acc-france.fr\/accfranc741\/index.php?rest_route=%2Fwp%2Fv2%2Fmedia&parent=702"}],"curies":[{"name":"wp","href":"https:\/\/api.w.org\/{rel}","templated":true}]}}