{"id":705,"date":"2020-12-30T22:51:58","date_gmt":"2020-12-30T21:51:58","guid":{"rendered":"http:\/\/acc-france.fr\/accfranc741\/?page_id=705"},"modified":"2026-04-03T15:23:11","modified_gmt":"2026-04-03T13:23:11","slug":"outre-mer","status":"publish","type":"page","link":"https:\/\/acc-france.fr\/accfranc741\/?page_id=705","title":{"rendered":"Outre-Mer"},"content":{"rendered":"\n<p class=\"has-text-color has-medium-font-size\" style=\"color:#212750\"><strong>Les accompagnants accr\u00e9dit\u00e9s par l\u2019ACC en Outre-Mer<\/strong><\/p>\n\n\n\n<hr class=\"wp-block-separator has-css-opacity is-style-dots\"\/>\n\n\n\n<p class=\"has-text-color has-medium-font-size\" style=\"color:#20284f\"><strong>GUYANE<\/strong><\/p>\n\n\n\n<p>Liste des conseillers et \u00e9coutants r\u00e9pertori\u00e9s pour ACC-Guyane<\/p>\n\n\n\n<p>Pour tout contact t\u00e9l\u00e9phonique, merci de passer par le superviseur :<\/p>\n\n\n\n<p>Caroline LARIVE : 06 94 20 73 99<\/p>\n\n\n\n<figure class=\"wp-block-table\"><table><thead><tr><th class=\"has-text-align-center\" data-align=\"center\">NOM<br>Pr\u00e9nom<\/th><th class=\"has-text-align-center\" data-align=\"center\">Qualit\u00e9(s)<\/th><th class=\"has-text-align-center\" data-align=\"center\">Adresse<\/th><th class=\"has-text-align-center\" data-align=\"center\">Contact(s)<\/th><\/tr><\/thead><tbody><tr><td class=\"has-text-align-center\" data-align=\"center\"><strong>CHOCHO Arise<\/strong><\/td><td class=\"has-text-align-center\" data-align=\"center\">Ecoutant<\/td><td class=\"has-text-align-center\" data-align=\"center\">97300 CAYENNE<\/td><td class=\"has-text-align-center\" data-align=\"center\">chochoarise@yahoo.fr<\/td><\/tr><tr><td class=\"has-text-align-center\" data-align=\"center\"><strong>CHOCHO <br>Karl<\/strong><\/td><td class=\"has-text-align-center\" data-align=\"center\">Ecoutant<\/td><td class=\"has-text-align-center\" data-align=\"center\">97000 CAYENNE<\/td><td class=\"has-text-align-center\" data-align=\"center\">dokoapps@gmail.com<\/td><\/tr><tr><td class=\"has-text-align-center\" data-align=\"center\"><strong>FRANCOIS<br>No\u00eblina Rose<\/strong><\/td><td class=\"has-text-align-center\" data-align=\"center\">Conseill\u00e8re<\/td><td class=\"has-text-align-center\" data-align=\"center\">97354 REMIRE-MONTJOLY<\/td><td class=\"has-text-align-center\" data-align=\"center\"><a href=\"mailto:le-petale-rose@orange.fr\">le-petale-rose@orange.fr<\/a><\/td><\/tr><tr><td class=\"has-text-align-center\" data-align=\"center\"><strong>JOSEPH Roland<\/strong><\/td><td class=\"has-text-align-center\" data-align=\"center\">Conseiller<\/td><td class=\"has-text-align-center\" data-align=\"center\">97300 CAYENNE<\/td><td class=\"has-text-align-center\" data-align=\"center\">roland.joseph@cg973.fr<\/td><\/tr><tr><td class=\"has-text-align-center\" data-align=\"center\"><strong>GRIPACUS Fred<\/strong><\/td><td class=\"has-text-align-center\" data-align=\"center\">Ecoutant<\/td><td class=\"has-text-align-center\" data-align=\"center\">97300 CAYENNE<\/td><td class=\"has-text-align-center\" data-align=\"center\">gripacusfred@gmail.com<\/td><\/tr><tr><td class=\"has-text-align-center\" data-align=\"center\"><strong>JOSEPH Josiane<\/strong><\/td><td class=\"has-text-align-center\" data-align=\"center\">Conseiller<\/td><td class=\"has-text-align-center\" data-align=\"center\">97300 CAYENNE<\/td><td class=\"has-text-align-center\" data-align=\"center\">josila2@gmail.com<\/td><\/tr><tr><td class=\"has-text-align-center\" data-align=\"center\"><strong>JOSEPH Samuel<\/strong><\/td><td class=\"has-text-align-center\" data-align=\"center\">Conseiller<\/td><td class=\"has-text-align-center\" data-align=\"center\">97300 CAYENNE<\/td><td class=\"has-text-align-center\" data-align=\"center\">josila2@gmail.com<\/td><\/tr><tr><td class=\"has-text-align-center\" data-align=\"center\"><strong>KONG <br>C\u00e9cile<\/strong><\/td><td class=\"has-text-align-center\" data-align=\"center\">Conseill\u00e8re<\/td><td class=\"has-text-align-center\" data-align=\"center\">97300 CAYENNE<\/td><td class=\"has-text-align-center\" data-align=\"center\">kaying.so@gmail.com<\/td><\/tr><tr><td class=\"has-text-align-center\" data-align=\"center\"><strong>LAUTRIC<br>Eddy<\/strong><\/td><td class=\"has-text-align-center\" data-align=\"center\">Conseiller<\/td><td class=\"has-text-align-center\" data-align=\"center\">97300 CAYENNE<\/td><td class=\"has-text-align-center\" data-align=\"center\"><a href=\"mailto:leddy973@gmail.com\">leddy973@gmail.com<\/a><\/td><\/tr><tr><td class=\"has-text-align-center\" data-align=\"center\"><strong>LAUTRIC Chantal<\/strong><\/td><td class=\"has-text-align-center\" data-align=\"center\">Conseill\u00e8re<\/td><td class=\"has-text-align-center\" data-align=\"center\">97300 CAYENNE<\/td><td class=\"has-text-align-center\" data-align=\"center\"><a href=\"mailto:lautric.chantal@gmail.com\">lautric.chantal@gmail.com<\/a><\/td><\/tr><tr><td class=\"has-text-align-center\" data-align=\"center\"><strong>LEOPOLD-MARIE<br>Josette<\/strong><\/td><td class=\"has-text-align-center\" data-align=\"center\">Ecoutante<\/td><td class=\"has-text-align-center\" data-align=\"center\">97300 CAYENNE<\/td><td class=\"has-text-align-center\" data-align=\"center\">joelle97354@gmail.com<\/td><\/tr><tr><td class=\"has-text-align-center\" data-align=\"center\"><strong>PIOCHE<br>Emmanuelle<\/strong><\/td><td class=\"has-text-align-center\" data-align=\"center\">Conseiller<\/td><td class=\"has-text-align-center\" data-align=\"center\">97300 CAYENNE<\/td><td class=\"has-text-align-center\" data-align=\"center\"><a href=\"mailto:emmatimogene@hotmail.com\">mmatimogene@hotmail.com<\/a><\/td><\/tr><tr><td class=\"has-text-align-center\" data-align=\"center\"><strong>SA\u00cfBOU<br>Justine<\/strong><\/td><td class=\"has-text-align-center\" data-align=\"center\">Ecoutante<\/td><td class=\"has-text-align-center\" data-align=\"center\">97300 CAYENNE<\/td><td class=\"has-text-align-center\" data-align=\"center\">jmindjouksaibou@gmail.com<\/td><\/tr><tr><td class=\"has-text-align-center\" data-align=\"center\"><strong>WAYA<br>Gwladys<\/strong><\/td><td class=\"has-text-align-center\" data-align=\"center\">Ecoutante<\/td><td class=\"has-text-align-center\" data-align=\"center\">97300 CAYENNE <\/td><td class=\"has-text-align-center\" data-align=\"center\">gwl.jbs@gmail.com<\/td><\/tr><\/tbody><\/table><\/figure>\n\n\n\n<hr class=\"wp-block-separator has-css-opacity is-style-dots\"\/>\n\n\n\n<p class=\"has-text-color has-medium-font-size\" style=\"color:#20284f\"><strong>\u00ceLE DE LA R\u00c9UNION<\/strong><\/p>\n\n\n\n<figure class=\"wp-block-table\"><table><thead><tr><th class=\"has-text-align-center\" data-align=\"center\">NOM<br>Pr\u00e9nom<\/th><th class=\"has-text-align-center\" data-align=\"center\">Qualit\u00e9(s)<\/th><th class=\"has-text-align-center\" data-align=\"center\">Adresse<\/th><th class=\"has-text-align-center\" data-align=\"center\">Contact(s)<\/th><\/tr><\/thead><tbody><tr><td class=\"has-text-align-center\" data-align=\"center\"><\/td><td class=\"has-text-align-center\" data-align=\"center\"><\/td><td class=\"has-text-align-center\" data-align=\"center\"><\/td><td class=\"has-text-align-center\" data-align=\"center\"><br><br><\/td><\/tr><\/tbody><\/table><\/figure>\n","protected":false},"excerpt":{"rendered":"<p>Les accompagnants accr\u00e9dit\u00e9s par l\u2019ACC en Outre-Mer GUYANE Liste des conseillers et \u00e9coutants r\u00e9pertori\u00e9s pour ACC-Guyane Pour tout contact t\u00e9l\u00e9phonique, merci de passer par le superviseur : Caroline LARIVE : 06 94 20 73 99 NOMPr\u00e9nom Qualit\u00e9(s) Adresse Contact(s) CHOCHO Arise Ecoutant 97300 CAYENNE chochoarise@yahoo.fr CHOCHO Karl Ecoutant 97000 CAYENNE dokoapps@gmail.com FRANCOISNo\u00eblina Rose Conseill\u00e8re 97354<\/p><\/div>\n<div class=\"blog-btn\"><a href=\"https:\/\/acc-france.fr\/accfranc741\/?page_id=705\" class=\"home-blog-btn\">Lire la suite<\/a><\/p>\n","protected":false},"author":1,"featured_media":0,"parent":0,"menu_order":0,"comment_status":"closed","ping_status":"closed","template":"","meta":{"footnotes":""},"class_list":["post-705","page","type-page","status-publish","hentry"],"_links":{"self":[{"href":"https:\/\/acc-france.fr\/accfranc741\/index.php?rest_route=\/wp\/v2\/pages\/705","targetHints":{"allow":["GET"]}}],"collection":[{"href":"https:\/\/acc-france.fr\/accfranc741\/index.php?rest_route=\/wp\/v2\/pages"}],"about":[{"href":"https:\/\/acc-france.fr\/accfranc741\/index.php?rest_route=\/wp\/v2\/types\/page"}],"author":[{"embeddable":true,"href":"https:\/\/acc-france.fr\/accfranc741\/index.php?rest_route=\/wp\/v2\/users\/1"}],"replies":[{"embeddable":true,"href":"https:\/\/acc-france.fr\/accfranc741\/index.php?rest_route=%2Fwp%2Fv2%2Fcomments&post=705"}],"version-history":[{"count":11,"href":"https:\/\/acc-france.fr\/accfranc741\/index.php?rest_route=\/wp\/v2\/pages\/705\/revisions"}],"predecessor-version":[{"id":2340,"href":"https:\/\/acc-france.fr\/accfranc741\/index.php?rest_route=\/wp\/v2\/pages\/705\/revisions\/2340"}],"wp:attachment":[{"href":"https:\/\/acc-france.fr\/accfranc741\/index.php?rest_route=%2Fwp%2Fv2%2Fmedia&parent=705"}],"curies":[{"name":"wp","href":"https:\/\/api.w.org\/{rel}","templated":true}]}}