{"id":79,"date":"2020-12-26T16:04:45","date_gmt":"2020-12-26T15:04:45","guid":{"rendered":"http:\/\/acc-france.fr\/accfranc741\/?page_id=79"},"modified":"2023-03-06T15:28:48","modified_gmt":"2023-03-06T14:28:48","slug":"about","status":"publish","type":"page","link":"https:\/\/acc-france.fr\/accfranc741\/?page_id=79","title":{"rendered":"Nos actions"},"content":{"rendered":"\n<p class=\"has-text-align-center has-text-color has-medium-font-size\" style=\"color:#1f2c4e\">De par son identit\u00e9, l<strong>&lsquo;ACC-France<\/strong> est \u00e0 m\u00eame de vous proposer :<\/p>\n\n\n<h2 style=\"text-align: center;\"><strong><span style=\"color: #21294f;\"><a style=\"color: #21294f;\" href=\"https:\/\/acc-france.fr\/accfranc741\/?page_id=544\">Un accompagnement<\/a><\/span><\/strong><\/h2>\n<p><a href=\"https:\/\/acc-france.fr\/accfranc741\/?page_id=544\"><img loading=\"lazy\" decoding=\"async\" class=\"aligncenter wp-image-547 size-full\" src=\"https:\/\/acc-france.fr\/accfranc741\/wp-content\/uploads\/2020\/12\/accompagnement.jpg\" alt=\"\" width=\"696\" height=\"321\" srcset=\"https:\/\/acc-france.fr\/accfranc741\/wp-content\/uploads\/2020\/12\/accompagnement.jpg 696w, https:\/\/acc-france.fr\/accfranc741\/wp-content\/uploads\/2020\/12\/accompagnement-300x138.jpg 300w\" sizes=\"auto, (max-width: 696px) 100vw, 696px\" \/><\/a><\/p>\n\n\n<hr class=\"wp-block-separator has-css-opacity is-style-dots\"\/>\n\n\n<h2 style=\"text-align: center;\"><strong><span style=\"color: #21294f;\"><a style=\"color: #21294f;\" href=\"https:\/\/acc-france.fr\/accfranc741\/?page_id=148\">Des formations<\/a><\/span><\/strong><\/h2>\n<p><a href=\"https:\/\/acc-france.fr\/accfranc741\/?page_id=148\"><img loading=\"lazy\" decoding=\"async\" class=\"wp-image-541 size-full aligncenter\" src=\"https:\/\/acc-france.fr\/accfranc741\/wp-content\/uploads\/2020\/12\/atelieer.jpg\" alt=\"\" width=\"696\" height=\"321\" srcset=\"https:\/\/acc-france.fr\/accfranc741\/wp-content\/uploads\/2020\/12\/atelieer.jpg 696w, https:\/\/acc-france.fr\/accfranc741\/wp-content\/uploads\/2020\/12\/atelieer-300x138.jpg 300w\" sizes=\"auto, (max-width: 696px) 100vw, 696px\" \/><\/a><\/p>\n\n\n<hr class=\"wp-block-separator has-css-opacity is-style-dots\"\/>\n\n\n<h2 style=\"text-align: center;\"><a href=\"https:\/\/acc-france.fr\/accfranc741\/?page_id=151\"><span style=\"color: #21294f;\"><strong>Des accr\u00e9ditations<\/strong><\/span><\/a><\/h2>\n<p><a href=\"https:\/\/acc-france.fr\/accfranc741\/?page_id=151\"><img loading=\"lazy\" decoding=\"async\" class=\"aligncenter wp-image-503 size-large\" src=\"https:\/\/acc-france.fr\/accfranc741\/wp-content\/uploads\/2020\/12\/accreditation-1024x473.jpg\" alt=\"\" width=\"696\" height=\"321\" srcset=\"https:\/\/acc-france.fr\/accfranc741\/wp-content\/uploads\/2020\/12\/accreditation-1024x473.jpg 1024w, https:\/\/acc-france.fr\/accfranc741\/wp-content\/uploads\/2020\/12\/accreditation-300x139.jpg 300w, https:\/\/acc-france.fr\/accfranc741\/wp-content\/uploads\/2020\/12\/accreditation-768x355.jpg 768w, https:\/\/acc-france.fr\/accfranc741\/wp-content\/uploads\/2020\/12\/accreditation.jpg 1385w\" sizes=\"auto, (max-width: 696px) 100vw, 696px\" \/><\/a><\/p>\n\n\n<div class=\"wp-block-columns is-layout-flex wp-container-core-columns-is-layout-9d6595d7 wp-block-columns-is-layout-flex\">\n<div class=\"wp-block-column is-layout-flow wp-block-column-is-layout-flow\" style=\"flex-basis:100%\">\n<hr class=\"wp-block-separator has-css-opacity aligncenter is-style-dots\"\/>\n\n\n\n<h2 style=\"text-align: center;\"><a href=\"https:\/\/acc-france.fr\/accfranc741\/?page_id=155\"><span style=\"color: #21294f;\"><strong>Des conf\u00e9rences<\/strong><\/span><\/a><\/h2>\n<p><a href=\"https:\/\/acc-france.fr\/accfranc741\/?page_id=155\"><img loading=\"lazy\" decoding=\"async\" class=\"aligncenter wp-image-230 size-large\" src=\"https:\/\/acc-france.fr\/accfranc741\/wp-content\/uploads\/2020\/12\/20200118_155540-1024x473.jpg\" alt=\"\" width=\"696\" height=\"321\" srcset=\"https:\/\/acc-france.fr\/accfranc741\/wp-content\/uploads\/2020\/12\/20200118_155540-1024x473.jpg 1024w, https:\/\/acc-france.fr\/accfranc741\/wp-content\/uploads\/2020\/12\/20200118_155540-300x139.jpg 300w, https:\/\/acc-france.fr\/accfranc741\/wp-content\/uploads\/2020\/12\/20200118_155540-768x355.jpg 768w, https:\/\/acc-france.fr\/accfranc741\/wp-content\/uploads\/2020\/12\/20200118_155540-1536x709.jpg 1536w, https:\/\/acc-france.fr\/accfranc741\/wp-content\/uploads\/2020\/12\/20200118_155540-2048x946.jpg 2048w\" sizes=\"auto, (max-width: 696px) 100vw, 696px\" \/><\/a><\/p>\n\n\n\n<div class=\"wp-block-columns is-layout-flex wp-container-core-columns-is-layout-9d6595d7 wp-block-columns-is-layout-flex\">\n<div class=\"wp-block-column is-layout-flow wp-block-column-is-layout-flow\" style=\"flex-basis:100%\">\n<hr class=\"wp-block-separator has-css-opacity aligncenter is-style-dots\"\/>\n\n\n\n<h2 style=\"text-align: center;\"><a href=\"https:\/\/acc-france.fr\/accfranc741\/?page_id=162\"><span style=\"color: #21294f;\"><strong>Des ateliers<\/strong><\/span><\/a><\/h2>\n<p><a href=\"https:\/\/acc-france.fr\/accfranc741\/?page_id=162\"><img loading=\"lazy\" decoding=\"async\" class=\"aligncenter wp-image-228 size-large\" src=\"https:\/\/acc-france.fr\/accfranc741\/wp-content\/uploads\/2020\/12\/20191123_141647-1024x473.jpg\" alt=\"\" width=\"696\" height=\"321\" srcset=\"https:\/\/acc-france.fr\/accfranc741\/wp-content\/uploads\/2020\/12\/20191123_141647-1024x473.jpg 1024w, https:\/\/acc-france.fr\/accfranc741\/wp-content\/uploads\/2020\/12\/20191123_141647-300x139.jpg 300w, https:\/\/acc-france.fr\/accfranc741\/wp-content\/uploads\/2020\/12\/20191123_141647-768x355.jpg 768w, https:\/\/acc-france.fr\/accfranc741\/wp-content\/uploads\/2020\/12\/20191123_141647-1536x709.jpg 1536w, https:\/\/acc-france.fr\/accfranc741\/wp-content\/uploads\/2020\/12\/20191123_141647-2048x946.jpg 2048w\" sizes=\"auto, (max-width: 696px) 100vw, 696px\" \/><\/a><\/p>\n\n\n\n<hr class=\"wp-block-separator has-css-opacity aligncenter is-style-dots\"\/>\n\n\n\n<h2 style=\"text-align: center;\"><a href=\"https:\/\/acc-france.fr\/accfranc741\/?page_id=931\"><span style=\"color: #21294f;\"><strong>Semaine d&rsquo;\u00e9t\u00e9<\/strong><\/span><\/a><\/h2>\n<p><a href=\"https:\/\/acc-france.fr\/accfranc741\/?p=1415\"><img loading=\"lazy\" decoding=\"async\" class=\"wp-image-1169  aligncenter\" src=\"https:\/\/acc-france.fr\/accfranc741\/wp-content\/uploads\/2021\/01\/20200821_191538-1-300x169.jpg\" alt=\"\" width=\"579\" height=\"326\" srcset=\"https:\/\/acc-france.fr\/accfranc741\/wp-content\/uploads\/2021\/01\/20200821_191538-1-300x169.jpg 300w, https:\/\/acc-france.fr\/accfranc741\/wp-content\/uploads\/2021\/01\/20200821_191538-1-1024x576.jpg 1024w, https:\/\/acc-france.fr\/accfranc741\/wp-content\/uploads\/2021\/01\/20200821_191538-1-768x432.jpg 768w, https:\/\/acc-france.fr\/accfranc741\/wp-content\/uploads\/2021\/01\/20200821_191538-1-1536x864.jpg 1536w, https:\/\/acc-france.fr\/accfranc741\/wp-content\/uploads\/2021\/01\/20200821_191538-1-2048x1152.jpg 2048w\" sizes=\"auto, (max-width: 579px) 100vw, 579px\" \/><\/a><\/p>\n\n\n\n<div class=\"wp-block-group\"><div class=\"wp-block-group__inner-container is-layout-flow wp-block-group-is-layout-flow\"><\/div><\/div>\n<\/div>\n<\/div>\n<\/div>\n<\/div>\n\n\n\n<hr class=\"wp-block-separator has-css-opacity is-style-dots\"\/>\n","protected":false},"excerpt":{"rendered":"<p>De par son identit\u00e9, l&lsquo;ACC-France est \u00e0 m\u00eame de vous proposer : Un accompagnement Des formations Des accr\u00e9ditations Des conf\u00e9rences Des ateliers Semaine d&rsquo;\u00e9t\u00e9<\/p>\n","protected":false},"author":1,"featured_media":0,"parent":0,"menu_order":0,"comment_status":"closed","ping_status":"closed","template":"template\/template-about.php","meta":{"footnotes":""},"class_list":["post-79","page","type-page","status-publish","hentry"],"_links":{"self":[{"href":"https:\/\/acc-france.fr\/accfranc741\/index.php?rest_route=\/wp\/v2\/pages\/79","targetHints":{"allow":["GET"]}}],"collection":[{"href":"https:\/\/acc-france.fr\/accfranc741\/index.php?rest_route=\/wp\/v2\/pages"}],"about":[{"href":"https:\/\/acc-france.fr\/accfranc741\/index.php?rest_route=\/wp\/v2\/types\/page"}],"author":[{"embeddable":true,"href":"https:\/\/acc-france.fr\/accfranc741\/index.php?rest_route=\/wp\/v2\/users\/1"}],"replies":[{"embeddable":true,"href":"https:\/\/acc-france.fr\/accfranc741\/index.php?rest_route=%2Fwp%2Fv2%2Fcomments&post=79"}],"version-history":[{"count":41,"href":"https:\/\/acc-france.fr\/accfranc741\/index.php?rest_route=\/wp\/v2\/pages\/79\/revisions"}],"predecessor-version":[{"id":1760,"href":"https:\/\/acc-france.fr\/accfranc741\/index.php?rest_route=\/wp\/v2\/pages\/79\/revisions\/1760"}],"wp:attachment":[{"href":"https:\/\/acc-france.fr\/accfranc741\/index.php?rest_route=%2Fwp%2Fv2%2Fmedia&parent=79"}],"curies":[{"name":"wp","href":"https:\/\/api.w.org\/{rel}","templated":true}]}}