{"id":83,"date":"2020-12-26T16:04:45","date_gmt":"2020-12-26T15:04:45","guid":{"rendered":"http:\/\/acc-france.fr\/accfranc741\/?page_id=83"},"modified":"2021-01-18T15:42:55","modified_gmt":"2021-01-18T14:42:55","slug":"blog","status":"publish","type":"page","link":"https:\/\/acc-france.fr\/accfranc741\/?page_id=83","title":{"rendered":"Pour qui ?"},"content":{"rendered":"\n<div class=\"wp-block-media-text alignwide is-stacked-on-mobile\" style=\"grid-template-columns:31% auto\"><figure class=\"wp-block-media-text__media\"><img loading=\"lazy\" decoding=\"async\" width=\"1024\" height=\"616\" src=\"https:\/\/acc-france.fr\/accfranc741\/wp-content\/uploads\/2021\/01\/Eglise-1-1024x616.jpg\" alt=\"\" class=\"wp-image-831 size-full\" srcset=\"https:\/\/acc-france.fr\/accfranc741\/wp-content\/uploads\/2021\/01\/Eglise-1-1024x616.jpg 1024w, https:\/\/acc-france.fr\/accfranc741\/wp-content\/uploads\/2021\/01\/Eglise-1-300x180.jpg 300w, https:\/\/acc-france.fr\/accfranc741\/wp-content\/uploads\/2021\/01\/Eglise-1-768x462.jpg 768w, https:\/\/acc-france.fr\/accfranc741\/wp-content\/uploads\/2021\/01\/Eglise-1-1536x923.jpg 1536w, https:\/\/acc-france.fr\/accfranc741\/wp-content\/uploads\/2021\/01\/Eglise-1-2048x1231.jpg 2048w\" sizes=\"auto, (max-width: 1024px) 100vw, 1024px\" \/><\/figure><div class=\"wp-block-media-text__content\">\n<p>Pour toutes celles et tous ceux qui souhaitent apprendre, comprendre, avancer dans la connaissance de soi et de la nature humaine en relation avec la foi chr\u00e9tienne.<\/p>\n\n\n\n<p>Nous croyons que notre foi en Christ contribue \u00e0 nous d\u00e9velopper harmonieusement vers la maturit\u00e9 et nous permet de traverser toutes les situations difficiles qui se pr\u00e9sentent \u00e0 nous dans la paix, la tranquillit\u00e9 et la confiance.<\/p>\n\n\n\n<p>De ce fait, nous voulons \u00eatre au service de celles et ceux qui souffrent en proposant un accompagnement bienveillant et \u00e9difiant en vue d&rsquo;une autonomie vers le d\u00e9veloppement de l&rsquo;individu.<\/p>\n\n\n\n<p>Pour cela, nous disposons de trois moyens d\u2019action :<\/p>\n\n\n\n<p>\u25cf encourager \u00e0 se former les personnes qui souhaitent accompagner&nbsp;;<\/p>\n\n\n\n<p>\u25cf proposer des accompagnants (Conseillers ou \u00c9coutants) form\u00e9s et accr\u00e9dit\u00e9s, et ce en France comme en Europe puisque nous sommes membre de ACC Europe&nbsp;;<\/p>\n\n\n\n<p>\u25cf proposer aux \u00e9glises des conf\u00e9rences ou enseignements sur des sujets utiles \u00e0 la formation ou \u00e0 l\u2019information de chaque membre d\u2019\u00e9glise.<\/p>\n\n\n\n<p>Vous pouvez en savoir plus en cliquant sur les liens suivants&nbsp;:<\/p>\n<\/div><\/div>\n\n\n\n<div style=\"height:56px\" aria-hidden=\"true\" class=\"wp-block-spacer\"><\/div>\n\n\n\n<div class=\"wp-block-buttons aligncenter is-layout-flex wp-block-buttons-is-layout-flex\">\n<div class=\"wp-block-button\"><a class=\"wp-block-button__link has-background\" href=\"https:\/\/acc-france.fr\/accfranc741\/?page_id=171\" style=\"background-color:#272150\">Devenir Accompagnant<\/a><\/div>\n\n\n\n<div class=\"wp-block-button\"><a class=\"wp-block-button__link has-background\" href=\"https:\/\/acc-france.fr\/accfranc741\/?page_id=180\" style=\"background-color:#272150\">\u00catre accompagn\u00e9<\/a><\/div>\n\n\n\n<div class=\"wp-block-button\"><a class=\"wp-block-button__link has-background\" href=\"https:\/\/acc-france.fr\/accfranc741\/?page_id=183\" style=\"background-color:#272150\">Pour les \u00e9glises<\/a><\/div>\n<\/div>\n","protected":false},"excerpt":{"rendered":"<p>Pour toutes celles et tous ceux qui souhaitent apprendre, comprendre, avancer dans la connaissance de soi et de la nature humaine en relation avec la foi chr\u00e9tienne. Nous croyons que notre foi en Christ contribue \u00e0 nous d\u00e9velopper harmonieusement vers la maturit\u00e9 et nous permet de traverser toutes les situations difficiles qui se pr\u00e9sentent \u00e0<\/p><\/div>\n<div class=\"blog-btn\"><a href=\"https:\/\/acc-france.fr\/accfranc741\/?page_id=83\" class=\"home-blog-btn\">Lire la suite<\/a><\/p>\n","protected":false},"author":1,"featured_media":0,"parent":0,"menu_order":0,"comment_status":"closed","ping_status":"closed","template":"","meta":{"footnotes":""},"class_list":["post-83","page","type-page","status-publish","hentry"],"_links":{"self":[{"href":"https:\/\/acc-france.fr\/accfranc741\/index.php?rest_route=\/wp\/v2\/pages\/83","targetHints":{"allow":["GET"]}}],"collection":[{"href":"https:\/\/acc-france.fr\/accfranc741\/index.php?rest_route=\/wp\/v2\/pages"}],"about":[{"href":"https:\/\/acc-france.fr\/accfranc741\/index.php?rest_route=\/wp\/v2\/types\/page"}],"author":[{"embeddable":true,"href":"https:\/\/acc-france.fr\/accfranc741\/index.php?rest_route=\/wp\/v2\/users\/1"}],"replies":[{"embeddable":true,"href":"https:\/\/acc-france.fr\/accfranc741\/index.php?rest_route=%2Fwp%2Fv2%2Fcomments&post=83"}],"version-history":[{"count":7,"href":"https:\/\/acc-france.fr\/accfranc741\/index.php?rest_route=\/wp\/v2\/pages\/83\/revisions"}],"predecessor-version":[{"id":1138,"href":"https:\/\/acc-france.fr\/accfranc741\/index.php?rest_route=\/wp\/v2\/pages\/83\/revisions\/1138"}],"wp:attachment":[{"href":"https:\/\/acc-france.fr\/accfranc741\/index.php?rest_route=%2Fwp%2Fv2%2Fmedia&parent=83"}],"curies":[{"name":"wp","href":"https:\/\/api.w.org\/{rel}","templated":true}]}}