{"id":893,"date":"2021-01-07T14:13:43","date_gmt":"2021-01-07T13:13:43","guid":{"rendered":"http:\/\/acc-france.fr\/accfranc741\/?page_id=893"},"modified":"2021-01-07T14:28:53","modified_gmt":"2021-01-07T13:28:53","slug":"politique-de-confidentialite","status":"publish","type":"page","link":"https:\/\/acc-france.fr\/accfranc741\/?page_id=893","title":{"rendered":"Politique de confidentialit\u00e9"},"content":{"rendered":"\n<h2 class=\"has-luminous-vivid-amber-background-color has-text-color has-background wp-block-heading\" style=\"color:#272150\"><strong>Politique de Confidentialit\u00e9 et de Protection des Donn\u00e9es.<\/strong><\/h2>\n\n\n\n<p><strong>UN PARTENARIAT DE CONFIANCE ENTRE L&rsquo;ASSOCIATION DES CONSEILLERS CHR\u00c9TIENS FRANCE (ACC FRANCE), LES ACTEURS DE LA RELATION D&rsquo;AIDE CHRETIENNE, LES MEMBRES ET LES AMIS.<\/strong><\/p>\n\n\n\n<p><br>ACC-France porte une attention toute particuli\u00e8re \u00e0 la protection des donn\u00e9es personnelles des personnes auxquelles l&rsquo;association s&rsquo;adresse (partenaires, membres associ\u00e9s et amis de l&rsquo;ACC). D\u00e8s lors, nous nous engageons \u00e0 respecter la loi n\u00b0 78-17 du 6 janvier 1978 relative \u00e0 l&rsquo;informatique, aux fichiers et aux libert\u00e9s, modifi\u00e9e par le R\u00e8glement europ\u00e9en 2016\/679 du 27 avril 2016 relatif \u00e0 la protection des donn\u00e9es personnelles. <\/p>\n\n\n\n<p>Les engagements, d\u00e9crits dans la pr\u00e9sente politique de protection des donn\u00e9es personnelles, r\u00e9pondent aux valeurs et aux principes de comportement individuel de ACC-France.<br>En utilisant le site http:\/\/acc-france.fr , vous pouvez \u00eatre assur\u00e9s que nous ne collectons pas de donn\u00e9es suppl\u00e9mentaires (ni de cookies) et que l&rsquo;utilisation des donn\u00e9es en notre possession est d\u00e9crite dans la pr\u00e9sente politique de protection des donn\u00e9es.<\/p>\n\n\n\n<p><br><strong>CHAMP D\u2019APPLICATION<\/strong><\/p>\n\n\n\n<p><br>La pr\u00e9sente Politique de protection des donn\u00e9es d\u00e9crit de quelle mani\u00e8re ACC-France, traite vos donn\u00e9es personnelles. <\/p>\n\n\n\n<p>Notre politique couvre \u00e9galement les autres canaux de collecte de vos donn\u00e9es personnelles, notamment lors de conventions, salons, celles transmises par t\u00e9l\u00e9phone ou par mail ou lorsque vous faite une demande particuli\u00e8re (demande d&rsquo;information, de dates de formation ou toute autre demande).<\/p>\n\n\n\n<p><br><strong>ACC-FRANCE TRAITE VOS DONNEES PERSONNELLES POUR MIEUX VOUS SERVIR<\/strong><\/p>\n\n\n\n<p><br>La responsabilit\u00e9 du traitement des donn\u00e9es est confi\u00e9e au pr\u00e9sident de l&rsquo;association.<br>Dans le cadre de ces traitements, vos donn\u00e9es collect\u00e9es peuvent \u00eatre, notamment, les suivantes :<\/p>\n\n\n\n<ul class=\"wp-block-list\"><li>Pour ce qui concerne les \u00ab Amis de l&rsquo;ACC) : votre pr\u00e9nom, nom, adresse (\u00e9ventuellement),<br>email, t\u00e9l\u00e9phone(\u00e9ventuellement).<\/li><\/ul>\n\n\n\n<ul class=\"wp-block-list\"><li>Pour ce qui concerne les membres de l&rsquo;association : un ensemble de donn\u00e9es d\u00e9crites dans le dossier<br>d&rsquo;accr\u00e9ditation (Conseiller ou \u00c9coutant)<\/li><\/ul>\n\n\n\n<ul class=\"wp-block-list\"><li>Pour ce qui concerne les partenaires (formateurs, enseignants, pasteurs et professionnels de l&rsquo;accompagnement th\u00e9rapeutique) les donn\u00e9es concernent essentiellement les noms, pr\u00e9noms, adresses, mail et t\u00e9l\u00e9phone.<\/li><\/ul>\n\n\n\n<p><strong>Pourquoi ACC-France collecte vos donn\u00e9es ?<\/strong><\/p>\n\n\n\n<p><br>Il s&rsquo;agit pour ACC-France de permettre de favoriser :<\/p>\n\n\n\n<ul class=\"wp-block-list\"><li>Lien et communication entre les membres (convocations, soutiens, informations\u2026.)<\/li><\/ul>\n\n\n\n<ul class=\"wp-block-list\"><li>Informations sur les buts et objectifs de ACC-France<\/li><\/ul>\n\n\n\n<ul class=\"wp-block-list\"><li>Informations sur des sujets en rapport avec la Relation d&rsquo;Aide Chr\u00e9tienne et le soutien des personnes en souffrance<\/li><\/ul>\n\n\n\n<ul class=\"wp-block-list\"><li>Annonces de formations concernant la Relation d&rsquo;Aide Chr\u00e9tienne<\/li><\/ul>\n\n\n\n<ul class=\"wp-block-list\"><li>Annonces de formations sur le d\u00e9veloppement personnel \u00e0 base chr\u00e9tienne<\/li><\/ul>\n\n\n\n<ul class=\"wp-block-list\"><li>Annonces de conf\u00e9rences et\/ou d&rsquo;ateliers sur des sujets en lien avec la relation d&rsquo;Aide Chr\u00e9tienne<\/li><\/ul>\n\n\n\n<ul class=\"wp-block-list\"><li>Newsletters<\/li><\/ul>\n\n\n\n<ul class=\"wp-block-list\"><li>Annonces de conventions ou rassemblement organis\u00e9s ou non par ACC-France<\/li><\/ul>\n\n\n\n<ul class=\"wp-block-list\"><li>Enqu\u00eates de terrain.<br><br> <strong>Les moyens de la collecte de vos donn\u00e9es personnelles sont :<\/strong><\/li><\/ul>\n\n\n\n<ul class=\"wp-block-list\"><li>Lors d&rsquo;une demande d&rsquo;accr\u00e9ditation<\/li><\/ul>\n\n\n\n<ul class=\"wp-block-list\"><li>Lors d&rsquo;une demande de renseignement par mail ou par t\u00e9l\u00e9phone<\/li><\/ul>\n\n\n\n<ul class=\"wp-block-list\"><li>Lors d&rsquo;une communication concernant les sujets trait\u00e9s par ACC-FRANCE<\/li><\/ul>\n\n\n\n<ul class=\"wp-block-list\"><li>Lors d&rsquo;un contact pendant un salon ou une convention.<\/li><\/ul>\n\n\n\n<p><strong>ACC-France CONSERVE VOS DONNEES SELON UNE DUREE DETERMINEE<\/strong><\/p>\n\n\n\n<p><br>Vos donn\u00e9es personnelles sont conserv\u00e9es le temps n\u00e9cessaire \u00e0 l\u2019accomplissement de l\u2019objectif poursuivi lors de cette collecte. <\/p>\n\n\n\n<p>Elles seront supprim\u00e9es par simple demande, except\u00e9 celles recueillies lors de l&rsquo;\u00e9tablissement du dossier d&rsquo;accr\u00e9ditation.<br>Lors d&rsquo;une d\u00e9mission ou d&rsquo;un retrait de la qualit\u00e9 de membre de l&rsquo;association, ces donn\u00e9es particuli\u00e8res (dossier d&rsquo;accr\u00e9ditation) seront gard\u00e9es pour une dur\u00e9e de 15 ans sauf avis contraire d\u00e9cid\u00e9 par le Conseil d&rsquo;Administration et sous demande express de l&rsquo;int\u00e9ress\u00e9.<\/p>\n\n\n\n<p><br><strong>LES DESTINATAIRES DE VOS DONNEES<br>ACC-France<\/strong> ne divulgue pas vos donn\u00e9es personnelles.<\/p>\n\n\n\n<p><br>Nous nous engageons \u00e0 assurer des contr\u00f4les de s\u00e9curit\u00e9 appropri\u00e9s pour prot\u00e9ger vos donn\u00e9es personnelles contre tout danger pr\u00e9visible.<\/p>\n\n\n\n<p><br><strong>LIENS VERS D\u2019AUTRES SITES<\/strong><br>Notre site peut contenir des liens vers d\u2019autres sites Web que nous ne poss\u00e9dons pas ni n\u2019exploitons. Par exemple pour consulter les sites des diff\u00e9rents partenaires de formation ou d&rsquo;\u00e9dification chr\u00e9tienne. Dans la mesure o\u00f9 les sites li\u00e9s ne font pas partis de ACC-France, nous ne les contr\u00f4lons pas et nous ne sommes pas responsables de leurs contenus, produits, services ou politiques et pratiques de confidentialit\u00e9.<br>N\u00e9anmoins ACC-France s\u2019attache \u00e0 vous proposer des partenaires de confiance.<\/p>\n\n\n\n<p><br><strong>ACC-France SECURISE VOS DONNEES PERSONNELLES<\/strong><\/p>\n\n\n\n<p><br>ACC-France s\u2019engage \u00e0 prot\u00e9ger la s\u00e9curit\u00e9, la confidentialit\u00e9 et l\u2019int\u00e9grit\u00e9 de vos donn\u00e9es personnelles fournies sur notre site www.acc-france.fr<\/p>\n\n\n\n<p><br><strong>LA GESTION DE VOS DONNEES PERSONNELLES<\/strong><\/p>\n\n\n\n<p><br>\u2022 Pour ACC-France, vous \u00eates ma\u00eetre de vos donn\u00e9es personnelles<br>Quand vous fournissez des informations personnelles \u00e0 ACC-France, vous avez acc\u00e8s \u00e0 vos donn\u00e9es et vous pouvez les mettre \u00e0 jour, les modifier ou les supprimer \u00e0 tout moment.<br>\u2022 Vos droits relatifs \u00e0 la protection de vos donn\u00e9es<br>Conform\u00e9ment \u00e0 la loi n\u00b0 78-17 du 6 janvier 1978 relative \u00e0 l&rsquo;informatique, aux fichiers et aux libert\u00e9s, modifi\u00e9e par le R\u00e8glement europ\u00e9en 2016\/679 du 27 Avril 2016 relatif \u00e0 la protection des donn\u00e9es personnelles, vous disposez de plusieurs droits pour la gestion de vos donn\u00e9es.<br><br><strong>Le droit d\u2019acc\u00e8s<\/strong>. <\/p>\n\n\n\n<p>Vous pouvez demander \u00e0 ACC-France d\u2019obtenir la confirmation que des donn\u00e9es personnelles vous concernant sont ou ne sont pas trait\u00e9es par nos services. Si elles le sont, vous pouvez en demander la copie.<\/p>\n\n\n\n<p><br><strong>Le droit de rectification<\/strong><br>Le droit de demander \u00e0 ACC-France la modification de vos informations inexactes sur sa base de donn\u00e9es.<\/p>\n\n\n\n<p><br><strong>Le droit \u00e0 l\u2019effacement<\/strong><br>Vous souhaitez que ACC-France efface vos informations contenues dans nos bases de donn\u00e9es ? C\u2019est possible.<\/p>\n\n\n\n<p><br><strong>Le droit d\u2019opposition et de retrait de consentement<\/strong><br>Vous souhaitez ne pas ou ne plus appara\u00eetre sur un fichier de nos bases, vous le pouvez en exer\u00e7ant l\u2019un de ces droits et \u00e0 tout moment.<\/p>\n\n\n\n<p><br><strong>Le droit de limitation du traitement<\/strong><br>Vous pouvez demander la suspension d\u2019un traitement vous concernant le temps d\u2019une v\u00e9rification .<\/p>\n\n\n\n<p><br><strong>Le droit \u00e0 la portabilit\u00e9<\/strong><br>C\u2019est le droit d\u2019obtenir que ses donn\u00e9es personnelles soient transmises, dans un format structur\u00e9, couramment utilis\u00e9 et lisible pour l\u2019ordinateur, \u00e0 nous-m\u00eame ou \u00e0 un autre responsable de traitement, lorsque cela est techniquement possible.<\/p>\n\n\n\n<p><br><strong>Le droit de d\u00e9finir des directives relatives au sort de nos donn\u00e9es apr\u00e8s son d\u00e9c\u00e8s<\/strong><br>Sans directive de votre part, apr\u00e8s un certain d\u00e9lai d\u2019inactivit\u00e9, ACC-France supprime vos donn\u00e9es.<br>N\u00e9anmoins, vos h\u00e9ritiers peuvent apr\u00e8s votre d\u00e9c\u00e8s exercer les droits sur vos donn\u00e9es.<\/p>\n\n\n\n<p><br><strong>Le droit d\u2019introduire une r\u00e9clamation aupr\u00e8s de la CNIL<\/strong><br>Vous pouvez introduire une r\u00e9clamation si vous consid\u00e9rez que le traitement de donn\u00e9es \u00e0 caract\u00e8re personnel vous concernant constitue une violation \u00e0 la r\u00e9glementation. Si vous souhaitez avoir des informations suppl\u00e9mentaires sur vos droits, et plus particuli\u00e8rement sur ce dernier droit, dirigez-vous sur le site web de la CNIL (https:\/\/www.cnil.fr\/fr\/comprendre-vos-droits)<\/p>\n\n\n\n<p><br>\u2022<strong> Contact pour l\u2019exercice de vos droits<\/strong><br>ACC-France se veut proche de ses membres et de ses amis. C\u2019est pourquoi nous ne m\u00e9nageons aucun effort pour vous assister. Pour toute question relative \u00e0 cette pr\u00e9sentation de notre Politique de Confidentialit\u00e9 et de Protection des Donn\u00e9es, ou pour l\u2019exercice de vos droits, vous pouvez nous envoyer conform\u00e9ment \u00e0 la r\u00e9glementation, une demande accompagn\u00e9e d\u2019un justificatif d\u2019identit\u00e9 valide :<\/p>\n\n\n\n<p><br>Soit par courrier \u00e0 l\u2019adresse suivante :<br>ACC-France chez EVP , chemin de la Lecque 13122 VENTABREN<br>Soit par e-mail \u00e0 : contacts@acc-france.fr<\/p>\n\n\n\n<p><br><strong>MISE A JOUR DE NOTRE POLITIQUE DE PROTECTION DES DONNEES<\/strong><\/p>\n\n\n\n<p><br>La pr\u00e9sente description de notre Politique de Confidentialit\u00e9 et de Protection des Donn\u00e9es peut \u00eatre mise \u00e0 jour p\u00e9riodiquement et sans pr\u00e9avis. Toute modification entre en vigueur imm\u00e9diatement \u00e0 partir de la<br>publication de la nouvelle charte sur le Site www.acc-france.fr .<br><\/p>\n\n\n\n<p><br><strong>LOI ET JURIDICTION APPLICABLE<\/strong><\/p>\n\n\n\n<p><br>La pr\u00e9sente politique relative \u00e0 la protection de vos donn\u00e9es personnelles est r\u00e9gie par la loi fran\u00e7aise et<br>tout litige \u00e0 son sujet rel\u00e8vera de la comp\u00e9tence exclusive des tribunaux fran\u00e7ais.<\/p>\n\n\n\n<p><br>Derni\u00e8re mise \u00e0 jour : 24 mai 2018<\/p>\n","protected":false},"excerpt":{"rendered":"<p>Politique de Confidentialit\u00e9 et de Protection des Donn\u00e9es. UN PARTENARIAT DE CONFIANCE ENTRE L&rsquo;ASSOCIATION DES CONSEILLERS CHR\u00c9TIENS FRANCE (ACC FRANCE), LES ACTEURS DE LA RELATION D&rsquo;AIDE CHRETIENNE, LES MEMBRES ET LES AMIS. ACC-France porte une attention toute particuli\u00e8re \u00e0 la protection des donn\u00e9es personnelles des personnes auxquelles l&rsquo;association s&rsquo;adresse (partenaires, membres associ\u00e9s et amis de<\/p><\/div>\n<div class=\"blog-btn\"><a href=\"https:\/\/acc-france.fr\/accfranc741\/?page_id=893\" class=\"home-blog-btn\">Lire la suite<\/a><\/p>\n","protected":false},"author":1,"featured_media":0,"parent":0,"menu_order":0,"comment_status":"closed","ping_status":"closed","template":"","meta":{"footnotes":""},"class_list":["post-893","page","type-page","status-publish","hentry"],"_links":{"self":[{"href":"https:\/\/acc-france.fr\/accfranc741\/index.php?rest_route=\/wp\/v2\/pages\/893","targetHints":{"allow":["GET"]}}],"collection":[{"href":"https:\/\/acc-france.fr\/accfranc741\/index.php?rest_route=\/wp\/v2\/pages"}],"about":[{"href":"https:\/\/acc-france.fr\/accfranc741\/index.php?rest_route=\/wp\/v2\/types\/page"}],"author":[{"embeddable":true,"href":"https:\/\/acc-france.fr\/accfranc741\/index.php?rest_route=\/wp\/v2\/users\/1"}],"replies":[{"embeddable":true,"href":"https:\/\/acc-france.fr\/accfranc741\/index.php?rest_route=%2Fwp%2Fv2%2Fcomments&post=893"}],"version-history":[{"count":9,"href":"https:\/\/acc-france.fr\/accfranc741\/index.php?rest_route=\/wp\/v2\/pages\/893\/revisions"}],"predecessor-version":[{"id":907,"href":"https:\/\/acc-france.fr\/accfranc741\/index.php?rest_route=\/wp\/v2\/pages\/893\/revisions\/907"}],"wp:attachment":[{"href":"https:\/\/acc-france.fr\/accfranc741\/index.php?rest_route=%2Fwp%2Fv2%2Fmedia&parent=893"}],"curies":[{"name":"wp","href":"https:\/\/api.w.org\/{rel}","templated":true}]}}